{"id":721250,"date":"2025-08-27T18:47:39","date_gmt":"2025-08-27T15:47:39","guid":{"rendered":"https:\/\/roveyayinevi.com.tr\/index.php\/urun\/denizler-altinda-yirmi-bin-fersah-4\/"},"modified":"2026-04-08T02:37:06","modified_gmt":"2026-04-07T23:37:06","slug":"denizler-altinda-yirmi-bin-fersah-4","status":"publish","type":"product","link":"https:\/\/roveyayinevi.com.tr\/index.php\/urun\/denizler-altinda-yirmi-bin-fersah-4\/","title":{"rendered":"Denizler Alt\u0131nda Yirmi Bin Fersah"},"content":{"rendered":"<p>Jules Verne\u2019in 1870 y\u0131l\u0131nda yay\u0131mlanan ve en sevilen yap\u0131tlar\u0131ndan biri olan bu klasik bilimkurgusunun kahraman\u0131 denizdir. Yazar dostu George Sand\u2019dan gelen bir mektup onu bu roman\u0131 yazmak \u00fczere harekete ge\u00e7irmi\u015f, edebiyat\u0131n en unutulmaz isyank\u00e2rlar\u0131ndan Kaptan Nemo\u2019yu yaratmas\u0131na vesile olmu\u015ftu. George Sand, \u201cBizi yak\u0131n zamanda okyanusun derinliklerine g\u00f6t\u00fcrece\u011finizi umut ediyorum\u201d diyordu mektubunda ve karakterlerinin Verne\u2019in bilimsel \u00f6ng\u00f6r\u00fcleri ve imgelemiyle geli\u015ftirdi\u011fi dal\u0131\u015f giysileriyle dola\u015ft\u0131\u011f\u0131 bir yolculuk beklentisinden s\u00f6z ediyordu. 1866 y\u0131l\u0131nda d\u00fcnya denizlerinde \u00e7e\u015fitli gemiler taraf\u0131ndan g\u00f6zlemlenen bir deniz canavar\u0131 peyda olur. Kimi deniz kazalar\u0131ndan, baz\u0131 gemilerin kaybolu\u015fundan sorumlu tutulan ve \u201cbir balinadan katbekat b\u00fcy\u00fck ve h\u0131zl\u0131 bir nesne\u201d olarak tarif edilen bu muazzam deniz hayvan\u0131 bilim d\u00fcnyas\u0131nda da hararetli tart\u0131\u015fmalara yol a\u00e7ar. Bunun \u00fczerine harekete ge\u00e7en Birle\u015fik Devletler, Abraham Lincoln adl\u0131 f\u0131rkateyni canavar\u0131n pe\u015fine d\u00fc\u015fmek \u00fczere bir sefer i\u00e7in haz\u0131rlar. Paris Do\u011fa Tarihi M\u00fczesi\u2019nden Profess\u00f6r Aronnax, sad\u0131k hizmetk\u00e2r\u0131 Conseil ve Kanadal\u0131 z\u0131pk\u0131nc\u0131 Ned Land de bu sefere kat\u0131l\u0131rlar. Onlar\u0131 gizemli Kaptan Nemo\u2019nun eline d\u00fc\u015fmeleriyle ba\u015flayan ola\u011fan\u00fcst\u00fc maceralar beklemektedir.<\/p>\n","protected":false},"excerpt":{"rendered":"<p>Jules Verne\u2019in 1870 y\u0131l\u0131nda yay\u0131mlanan ve en sevilen yap\u0131tlar\u0131ndan biri olan bu klasik bilimkurgusunun kahraman\u0131 denizdir. Yazar dostu George Sand\u2019dan gelen bir mektup onu bu roman\u0131<span class=\"excerpt-hellip\"> [\u2026]<\/span><\/p>\n","protected":false},"featured_media":0,"template":"","meta":{"_monsterinsights_skip_tracking":false,"_monsterinsights_sitenote_active":false,"_monsterinsights_sitenote_note":"","_monsterinsights_sitenote_category":0},"product_brand":[],"product_cat":[12291,12711],"product_tag":[],"class_list":{"0":"post-721250","1":"product","2":"type-product","3":"status-publish","5":"product_cat-edebiyat","6":"product_cat-roman-oyku","7":"pa_cilt-ciltsiz","8":"pa_tur-kitap","9":"pa_yayinevi-is-bankasi-kultur-yayinlari","10":"pa_yazar-jules-verne","12":"first","13":"instock","14":"sale","15":"shipping-taxable","16":"purchasable","17":"product-type-simple"},"_links":{"self":[{"href":"https:\/\/roveyayinevi.com.tr\/index.php\/wp-json\/wp\/v2\/product\/721250","targetHints":{"allow":["GET"]}}],"collection":[{"href":"https:\/\/roveyayinevi.com.tr\/index.php\/wp-json\/wp\/v2\/product"}],"about":[{"href":"https:\/\/roveyayinevi.com.tr\/index.php\/wp-json\/wp\/v2\/types\/product"}],"wp:attachment":[{"href":"https:\/\/roveyayinevi.com.tr\/index.php\/wp-json\/wp\/v2\/media?parent=721250"}],"wp:term":[{"taxonomy":"product_brand","embeddable":true,"href":"https:\/\/roveyayinevi.com.tr\/index.php\/wp-json\/wp\/v2\/product_brand?post=721250"},{"taxonomy":"product_cat","embeddable":true,"href":"https:\/\/roveyayinevi.com.tr\/index.php\/wp-json\/wp\/v2\/product_cat?post=721250"},{"taxonomy":"product_tag","embeddable":true,"href":"https:\/\/roveyayinevi.com.tr\/index.php\/wp-json\/wp\/v2\/product_tag?post=721250"}],"curies":[{"name":"wp","href":"https:\/\/api.w.org\/{rel}","templated":true}]}}