{"id":721248,"date":"2025-08-27T18:47:37","date_gmt":"2025-08-27T15:47:37","guid":{"rendered":"https:\/\/roveyayinevi.com.tr\/index.php\/urun\/monadoloji-2\/"},"modified":"2026-04-16T02:29:18","modified_gmt":"2026-04-15T23:29:18","slug":"monadoloji-2","status":"publish","type":"product","link":"https:\/\/roveyayinevi.com.tr\/index.php\/urun\/monadoloji-2\/","title":{"rendered":"Monadoloji"},"content":{"rendered":"<p>Gottfried Wilhelm Leibniz (1646-1716): Alman filozof ve matematik\u00e7i. Bat\u0131 d\u00fc\u015f\u00fcncesinin temel ta\u015flar\u0131ndan biridir. Mant\u0131k, matematik, fizik ve metafizi\u011fe \u00f6nemli katk\u0131larda bulunmakla kalmam\u0131\u015f, bilimin hemen her dal\u0131nda d\u00fc\u015f\u00fcnmeye, \u00fcretmeye \u00e7abalam\u0131\u015ft\u0131r. D\u00fcnyan\u0131n ilk d\u00f6rt i\u015flem yapabilen hesap makinesini tasarlam\u0131\u015f, ikili sayma sistemini geli\u015ftirmi\u015f, mekanik ayg\u0131tlar, yelde\u011firmenleri hatta denizalt\u0131lar \u00fczerine \u00e7al\u0131\u015fm\u0131\u015f, bu konulara dair fikirlerini, teorilerini, denemelerini i\u00e7eren binlerce mektup ve yaz\u0131 b\u0131rakm\u0131\u015ft\u0131r. Elinizdeki kitapta Leibniz\u2019in Descartes\u2019\u0131n cevher kavram\u0131ndan hareketle geli\u015ftirdi\u011fi monad teorisinin yan\u0131 s\u0131ra, konuya dair yazd\u0131\u011f\u0131 mektup ve yaz\u0131lardan bir derleme de yer almaktad\u0131r.<\/p>\n","protected":false},"excerpt":{"rendered":"<p>Gottfried Wilhelm Leibniz (1646-1716): Alman filozof ve matematik\u00e7i. Bat\u0131 d\u00fc\u015f\u00fcncesinin temel ta\u015flar\u0131ndan biridir. Mant\u0131k, matematik, fizik ve metafizi\u011fe \u00f6nemli katk\u0131larda bulunmakla kalmam\u0131\u015f, bilimin hemen her dal\u0131nda<span class=\"excerpt-hellip\"> [\u2026]<\/span><\/p>\n","protected":false},"featured_media":0,"template":"","meta":{"_monsterinsights_skip_tracking":false,"_monsterinsights_sitenote_active":false,"_monsterinsights_sitenote_note":"","_monsterinsights_sitenote_category":0},"product_brand":[],"product_cat":[12291,12711],"product_tag":[],"class_list":{"0":"post-721248","1":"product","2":"type-product","3":"status-publish","5":"product_cat-edebiyat","6":"product_cat-roman-oyku","7":"pa_cilt-ciltsiz","8":"pa_tur-kitap","9":"pa_yayinevi-is-bankasi-kultur-yayinlari","10":"pa_yazar-gottfried-wilhelm-leibniz","12":"first","13":"instock","14":"sale","15":"shipping-taxable","16":"purchasable","17":"product-type-simple"},"_links":{"self":[{"href":"https:\/\/roveyayinevi.com.tr\/index.php\/wp-json\/wp\/v2\/product\/721248","targetHints":{"allow":["GET"]}}],"collection":[{"href":"https:\/\/roveyayinevi.com.tr\/index.php\/wp-json\/wp\/v2\/product"}],"about":[{"href":"https:\/\/roveyayinevi.com.tr\/index.php\/wp-json\/wp\/v2\/types\/product"}],"wp:attachment":[{"href":"https:\/\/roveyayinevi.com.tr\/index.php\/wp-json\/wp\/v2\/media?parent=721248"}],"wp:term":[{"taxonomy":"product_brand","embeddable":true,"href":"https:\/\/roveyayinevi.com.tr\/index.php\/wp-json\/wp\/v2\/product_brand?post=721248"},{"taxonomy":"product_cat","embeddable":true,"href":"https:\/\/roveyayinevi.com.tr\/index.php\/wp-json\/wp\/v2\/product_cat?post=721248"},{"taxonomy":"product_tag","embeddable":true,"href":"https:\/\/roveyayinevi.com.tr\/index.php\/wp-json\/wp\/v2\/product_tag?post=721248"}],"curies":[{"name":"wp","href":"https:\/\/api.w.org\/{rel}","templated":true}]}}