{"id":721246,"date":"2025-08-27T18:47:35","date_gmt":"2025-08-27T15:47:35","guid":{"rendered":"https:\/\/roveyayinevi.com.tr\/index.php\/urun\/fragmanlar-3\/"},"modified":"2026-04-16T02:29:18","modified_gmt":"2026-04-15T23:29:18","slug":"fragmanlar-3","status":"publish","type":"product","link":"https:\/\/roveyayinevi.com.tr\/index.php\/urun\/fragmanlar-3\/","title":{"rendered":"Fragmanlar"},"content":{"rendered":"<p>Bat\u0131 felsefesinin do\u011fum yeri kabul edilen Miletos okulunun \u00fc\u00e7 temsilcisinden kalan Fragmanlar ilk kez T\u00fcrk\u00e7ede: Thales, Anaksimandros ve Anaksimenes\u2019in hem ki\u015filikleri, hem doktrinleri, hem al\u0131mlanmalar\u0131. Fragmanlar\u0131 tematik haliyle g\u00f6steren bu kitap, Platon\u2019dan g\u00fcn\u00fcm\u00fcze ad\u0131 s\u0131k\u00e7a ge\u00e7en ama kim olduklar\u0131 ve felsefeye katk\u0131lar\u0131 tam olarak bilinmeyen bu filozoflar\u0131 kopuk ve gizemli ki\u015filikler olmaktan \u00e7\u0131kar\u0131yor ve ba\u011flamlar\u0131 i\u00e7inde sunuyor. <\/p>\n","protected":false},"excerpt":{"rendered":"<p>Bat\u0131 felsefesinin do\u011fum yeri kabul edilen Miletos okulunun \u00fc\u00e7 temsilcisinden kalan Fragmanlar ilk kez T\u00fcrk\u00e7ede: Thales, Anaksimandros ve Anaksimenes\u2019in hem ki\u015filikleri, hem doktrinleri, hem al\u0131mlanmalar\u0131. Fragmanlar\u0131<span class=\"excerpt-hellip\"> [\u2026]<\/span><\/p>\n","protected":false},"featured_media":0,"template":"","meta":{"_monsterinsights_skip_tracking":false,"_monsterinsights_sitenote_active":false,"_monsterinsights_sitenote_note":"","_monsterinsights_sitenote_category":0},"product_brand":[],"product_cat":[12389,12388],"product_tag":[],"class_list":{"0":"post-721246","1":"product","2":"type-product","3":"status-publish","5":"product_cat-diger-felsefe","6":"product_cat-felsefe","7":"pa_cilt-ciltsiz","8":"pa_tur-kitap","9":"pa_yayinevi-pinhan-yayincilik","10":"pa_yazar-kolektif","12":"first","13":"instock","14":"sale","15":"shipping-taxable","16":"purchasable","17":"product-type-simple"},"_links":{"self":[{"href":"https:\/\/roveyayinevi.com.tr\/index.php\/wp-json\/wp\/v2\/product\/721246","targetHints":{"allow":["GET"]}}],"collection":[{"href":"https:\/\/roveyayinevi.com.tr\/index.php\/wp-json\/wp\/v2\/product"}],"about":[{"href":"https:\/\/roveyayinevi.com.tr\/index.php\/wp-json\/wp\/v2\/types\/product"}],"wp:attachment":[{"href":"https:\/\/roveyayinevi.com.tr\/index.php\/wp-json\/wp\/v2\/media?parent=721246"}],"wp:term":[{"taxonomy":"product_brand","embeddable":true,"href":"https:\/\/roveyayinevi.com.tr\/index.php\/wp-json\/wp\/v2\/product_brand?post=721246"},{"taxonomy":"product_cat","embeddable":true,"href":"https:\/\/roveyayinevi.com.tr\/index.php\/wp-json\/wp\/v2\/product_cat?post=721246"},{"taxonomy":"product_tag","embeddable":true,"href":"https:\/\/roveyayinevi.com.tr\/index.php\/wp-json\/wp\/v2\/product_tag?post=721246"}],"curies":[{"name":"wp","href":"https:\/\/api.w.org\/{rel}","templated":true}]}}