{"id":721243,"date":"2025-08-27T18:47:33","date_gmt":"2025-08-27T15:47:33","guid":{"rendered":"https:\/\/roveyayinevi.com.tr\/index.php\/urun\/osmanli-devletinde-askeri-istihbarat\/"},"modified":"2026-04-16T02:29:18","modified_gmt":"2026-04-15T23:29:18","slug":"osmanli-devletinde-askeri-istihbarat","status":"publish","type":"product","link":"https:\/\/roveyayinevi.com.tr\/index.php\/urun\/osmanli-devletinde-askeri-istihbarat\/","title":{"rendered":"Osmanl\u0131 Devleti&#8217;nde Askeri \u0130stihbarat"},"content":{"rendered":"<p>\u0130stihbarat ve istihbarat tarihi denince ilk akla gelenler gizli haber toplama faaliyetleri, insan istihbarat\u0131, casusluk, kar\u015f\u0131 casusluktur. Devletin \u00fclke i\u00e7i ve d\u0131\u015f\u0131nda kendine tehdit g\u00f6rd\u00fc\u011f\u00fc rakip devlet, kurum ve ki\u015fileri takibi veya onlar\u0131n y\u00fcr\u00fctt\u00fc\u011f\u00fc istihbarat \u00e7al\u0131\u015fmalar\u0131na kar\u015f\u0131 koyma faaliyetleri. Oysa istihbarat sadece gizli kaynaklara dayanmaz, sadece haber toplamaktan ibaret de\u011fildir ve istihbarat \u00e7al\u0131\u015fmalar\u0131na sivil alandan \u00e7ok asker\u00ee harek\u00e2tta ihtiya\u00e7 duyulur. Avrupa\u2019daki \u00f6nde gelen devletlerle ayn\u0131 zamanlarda d\u0131\u015f temsilciliklerine asker\u00ee ata\u015fe kadrolar\u0131 a\u00e7an Osmanl\u0131 Devleti, 1860\u2019lardan itibaren gizli haber toplamaya dayal\u0131 ve ge\u00e7ici stat\u00fcdeki casusluktan a\u00e7\u0131k kaynak a\u011f\u0131rl\u0131kl\u0131 haberlerin analizine dayal\u0131 pozitif istihbarat\u0131 benimser. \u0130nsan istihbarat\u0131 ve gizli haber toplama \u00e7al\u0131\u015fmalar\u0131 sonlanmasa da, art\u0131k merkezde olan stratejik seviyedeki asker\u00ee tehditleri de\u011ferlendirmeye elverecek veri bankalar\u0131n\u0131n doldurulmas\u0131d\u0131r. karar verme s\u00fcre\u00e7lerine destek olmaya ba\u015flar. Do\u011frudan Osmanl\u0131 belgelerine dayal\u0131 bu \u00e7al\u0131\u015fmada; Osmanl\u0131 Genelkurmay\u0131 ve yurtd\u0131\u015f\u0131 asker\u00ee istihbarat a\u011f\u0131n\u0131n kendisi i\u00e7in yak\u0131n tehdit g\u00f6rd\u00fc\u011f\u00fc devletlerin ordu ve donanmalar\u0131n\u0131 nas\u0131l izledi\u011fi, al\u0131nan haber ve bilgilerin stratejik karar al\u0131c\u0131larca nas\u0131l de\u011ferlendirildi\u011fi, Balkan devletlerinin Osmanl\u0131\u2019ya kar\u015f\u0131 birle\u015fik sald\u0131r\u0131 planlar\u0131 ile Ruslar\u0131n \u0130stanbul\u2019a \u0130talyanlar\u0131n Trablusgarp\u2019a \u00e7\u0131kartma projelerinin y\u0131llar \u00f6ncesinden nas\u0131l takip edildi\u011fi sorular\u0131 da cevaplanmaktad\u0131r. <\/p>\n","protected":false},"excerpt":{"rendered":"<p>\u0130stihbarat ve istihbarat tarihi denince ilk akla gelenler gizli haber toplama faaliyetleri, insan istihbarat\u0131, casusluk, kar\u015f\u0131 casusluktur. Devletin \u00fclke i\u00e7i ve d\u0131\u015f\u0131nda kendine tehdit g\u00f6rd\u00fc\u011f\u00fc rakip<span class=\"excerpt-hellip\"> [\u2026]<\/span><\/p>\n","protected":false},"featured_media":0,"template":"","meta":{"_monsterinsights_skip_tracking":false,"_monsterinsights_sitenote_active":false,"_monsterinsights_sitenote_note":"","_monsterinsights_sitenote_category":0},"product_brand":[],"product_cat":[13517,12304],"product_tag":[],"class_list":{"0":"post-721243","1":"product","2":"type-product","3":"status-publish","5":"product_cat-osmanli-tarihi","6":"product_cat-tarih","7":"pa_cilt-ciltsiz","8":"pa_tur-kitap","9":"pa_yayinevi-yeditepe-yayinevi","10":"pa_yazar-gultekin-yildiz","12":"first","13":"instock","14":"sale","15":"shipping-taxable","16":"purchasable","17":"product-type-simple"},"_links":{"self":[{"href":"https:\/\/roveyayinevi.com.tr\/index.php\/wp-json\/wp\/v2\/product\/721243","targetHints":{"allow":["GET"]}}],"collection":[{"href":"https:\/\/roveyayinevi.com.tr\/index.php\/wp-json\/wp\/v2\/product"}],"about":[{"href":"https:\/\/roveyayinevi.com.tr\/index.php\/wp-json\/wp\/v2\/types\/product"}],"wp:attachment":[{"href":"https:\/\/roveyayinevi.com.tr\/index.php\/wp-json\/wp\/v2\/media?parent=721243"}],"wp:term":[{"taxonomy":"product_brand","embeddable":true,"href":"https:\/\/roveyayinevi.com.tr\/index.php\/wp-json\/wp\/v2\/product_brand?post=721243"},{"taxonomy":"product_cat","embeddable":true,"href":"https:\/\/roveyayinevi.com.tr\/index.php\/wp-json\/wp\/v2\/product_cat?post=721243"},{"taxonomy":"product_tag","embeddable":true,"href":"https:\/\/roveyayinevi.com.tr\/index.php\/wp-json\/wp\/v2\/product_tag?post=721243"}],"curies":[{"name":"wp","href":"https:\/\/api.w.org\/{rel}","templated":true}]}}