{"id":721242,"date":"2025-08-27T18:47:32","date_gmt":"2025-08-27T15:47:32","guid":{"rendered":"https:\/\/roveyayinevi.com.tr\/index.php\/urun\/siirin-cizdigi\/"},"modified":"2026-04-16T02:29:18","modified_gmt":"2026-04-15T23:29:18","slug":"siirin-cizdigi","status":"publish","type":"product","link":"https:\/\/roveyayinevi.com.tr\/index.php\/urun\/siirin-cizdigi\/","title":{"rendered":"\u015eiirin \u00c7izdi\u011fi"},"content":{"rendered":"<p>\u0130lhan Berk\u2019in 60 y\u0131l boyunca edebiyat \u00fczerine yazd\u0131klar\u0131 ilk kez bir araya getirildi: \u015eiire hep \u201cyeni ba\u015ftan ba\u015flayan\u201d, \u015fiirin \u00e7izdi\u011fi \u00e7izgilerin pe\u015fini b\u0131rakmayan, s\u00fcrekli kendini ara\u015ft\u0131ran \u015fairi yeniden okumak i\u00e7in&#8230;\u201cBenim de\u011fi\u015fmek diye bir sorunum yok. Yani \u00f6nceden bir kurama g\u00f6re davranmam. Kuram\u0131 bana alg\u0131lar\u0131m getirir.\u00c7e\u015fitli \u00e7a\u011flar\u0131m\u0131n ya\u015famalar\u0131d\u0131r bunlar. Onlara b\u00fct\u00fcn olanaklar\u0131m\u0131 a\u00e7ar\u0131m. B\u00fct\u00fcn olanaklar\u0131m\u0131 ortaya koyar\u0131m.Bunun bir ad\u0131 da kendimi \u015fiire b\u0131rakmakt\u0131r. \u015eiirin \u00e7izdi\u011fi \u00e7izgiyi s\u00fcrd\u00fcrmektir. \u015eiirin \u00e7izdi\u011fi \u00e7izgi de o an\u0131mdaki duygular, o \u00e7a\u011f\u0131mdaki ya\u015famalard\u0131r. O an\u0131n, o \u00e7a\u011f\u0131n duygular\u0131 belirler kuram\u0131. Bu ya\u015famalara, bu ya\u015famalar\u0131n bi\u00e7imlendirdi\u011fi \u00f6zlere, bi\u00e7imlere, \u015fiirin koydu\u011fu \u00e7izgilere kar\u015f\u0131 \u00e7\u0131kmam. \u015eiir buyru\u011funu s\u00fcrd\u00fcr\u00fcr.Bir \u00e7ocuk gibi bakt\u0131m ben \u015fiire. Y\u00f6ntemim de bir \u00e7ocuk y\u00f6ntemidir. Her kitab\u0131mda bir \u00f6ncekine yabanc\u0131la\u015ft\u0131\u011f\u0131m\u0131 duyar\u0131m. Birdenbire yazd\u0131klar\u0131m beni ilgilendirmez olur.O zaman \u015fiire yeni ba\u015ftan ba\u015fl\u0131yormu\u015fum gibi olurum.Zaten ben hi\u00e7bir zaman yazmay\u0131 \u00f6\u011frenemedim.\u015eiirin getirdi\u011fi her olana\u011fa inan\u0131r\u0131m. Bu \u00e7\u0131kmaz da olsa,oraya gitmeden d\u00f6nmem. Yapt\u0131\u011f\u0131m\u0131 bozmaktan korkmam.Korkmam \u00e7\u00fcnk\u00fc beni buraya yine ya\u015famalar\u0131m\u0131n getirdi\u011fini bilirim. Boyuna kendimi dinlerim. Kendimi ara\u015ft\u0131r\u0131r\u0131m. Kendimi arar\u0131m. \u015eiirim bu y\u00fczden bir aramad\u0131rda. Benim \u015fiirim b\u00f6yle bir \u00e7izgi koyar.\u201d\u0130lhan Berk<\/p>\n","protected":false},"excerpt":{"rendered":"<p>\u0130lhan Berk\u2019in 60 y\u0131l boyunca edebiyat \u00fczerine yazd\u0131klar\u0131 ilk kez bir araya getirildi: \u015eiire hep \u201cyeni ba\u015ftan ba\u015flayan\u201d, \u015fiirin \u00e7izdi\u011fi \u00e7izgilerin pe\u015fini b\u0131rakmayan, s\u00fcrekli kendini ara\u015ft\u0131ran<span class=\"excerpt-hellip\"> [\u2026]<\/span><\/p>\n","protected":false},"featured_media":0,"template":"","meta":{"_monsterinsights_skip_tracking":false,"_monsterinsights_sitenote_active":false,"_monsterinsights_sitenote_note":"","_monsterinsights_sitenote_category":0},"product_brand":[],"product_cat":[12777,12291],"product_tag":[],"class_list":{"0":"post-721242","1":"product","2":"type-product","3":"status-publish","5":"product_cat-deneme","6":"product_cat-edebiyat","7":"pa_cilt-ciltsiz","8":"pa_tur-kitap","9":"pa_yayinevi-yapi-kredi-yayinlari","10":"pa_yazar-ilhan-berk","12":"first","13":"instock","14":"sale","15":"shipping-taxable","16":"purchasable","17":"product-type-simple"},"_links":{"self":[{"href":"https:\/\/roveyayinevi.com.tr\/index.php\/wp-json\/wp\/v2\/product\/721242","targetHints":{"allow":["GET"]}}],"collection":[{"href":"https:\/\/roveyayinevi.com.tr\/index.php\/wp-json\/wp\/v2\/product"}],"about":[{"href":"https:\/\/roveyayinevi.com.tr\/index.php\/wp-json\/wp\/v2\/types\/product"}],"wp:attachment":[{"href":"https:\/\/roveyayinevi.com.tr\/index.php\/wp-json\/wp\/v2\/media?parent=721242"}],"wp:term":[{"taxonomy":"product_brand","embeddable":true,"href":"https:\/\/roveyayinevi.com.tr\/index.php\/wp-json\/wp\/v2\/product_brand?post=721242"},{"taxonomy":"product_cat","embeddable":true,"href":"https:\/\/roveyayinevi.com.tr\/index.php\/wp-json\/wp\/v2\/product_cat?post=721242"},{"taxonomy":"product_tag","embeddable":true,"href":"https:\/\/roveyayinevi.com.tr\/index.php\/wp-json\/wp\/v2\/product_tag?post=721242"}],"curies":[{"name":"wp","href":"https:\/\/api.w.org\/{rel}","templated":true}]}}