{"id":721241,"date":"2025-08-27T18:47:31","date_gmt":"2025-08-27T15:47:31","guid":{"rendered":"https:\/\/roveyayinevi.com.tr\/index.php\/urun\/secme-siirler\/"},"modified":"2026-03-16T12:15:16","modified_gmt":"2026-03-16T09:15:16","slug":"secme-siirler","status":"publish","type":"product","link":"https:\/\/roveyayinevi.com.tr\/index.php\/urun\/secme-siirler\/","title":{"rendered":"Se\u00e7me \u015eiirler"},"content":{"rendered":"<p>\u201cOkurun anlayabilece\u011fi, ama epey \u00e7aba g\u00f6stermesi gereken bir \u015fiir yazmak istedi\u011fi\u201dni bir \u015fiirinde dile getiren William Carlos Williams yirminci y\u00fczy\u0131l Amerikan \u015fiirinin belki de en Amerikal\u0131 say\u0131labilecek \u015fairidir. Radikal bi\u00e7imde yal\u0131nl\u0131\u011f\u0131 ile yaln\u0131z Amerikan \u015fiirine de\u011fil modernist \u015fiire de damga vurmu\u015ftur. Yal\u0131n imgelerinin yan\u0131 s\u0131ra, \u00f6yk\u00fcyle anlat\u0131c\u0131l\u0131k aras\u0131ndaki keskin ayr\u0131m\u0131 lirizmle bulu\u015fturdu\u011fu \u015fiirleri \u00f6zellikle 1950\u2019li ve 1960\u2019l\u0131 y\u0131llarda etkili olmu\u015ftur.Klasik kal\u0131plar yerine, 1920\u2019lerden ba\u015flayarak \u201cAmerikan A\u011fz\u0131\u201dn\u0131 kullanm\u0131\u015f ve Walt Whitman\u2019dan sonra \u201c\u015fiirin \u00f6zg\u00fcrl\u00fc\u011f\u00fc\u201dne b\u00fcy\u00fck katk\u0131da bulunmu\u015ftur.Yedim erikleriBuzdolab\u0131ndaDuranVe belkiSen onlar\u0131Sakl\u0131yordunKahvalt\u0131yaBa\u011f\u0131\u015fla\u00c7ok lezzetliydiler\u00c7ok tatl\u0131Ve \u00e7ok so\u011fuk<\/p>\n","protected":false},"excerpt":{"rendered":"<p>\u201cOkurun anlayabilece\u011fi, ama epey \u00e7aba g\u00f6stermesi gereken bir \u015fiir yazmak istedi\u011fi\u201dni bir \u015fiirinde dile getiren William Carlos Williams yirminci y\u00fczy\u0131l Amerikan \u015fiirinin belki de en Amerikal\u0131<span class=\"excerpt-hellip\"> [\u2026]<\/span><\/p>\n","protected":false},"featured_media":0,"template":"","meta":{"_monsterinsights_skip_tracking":false,"_monsterinsights_sitenote_active":false,"_monsterinsights_sitenote_note":"","_monsterinsights_sitenote_category":0},"product_brand":[],"product_cat":[12291,12509],"product_tag":[],"class_list":{"0":"post-721241","1":"product","2":"type-product","3":"status-publish","5":"product_cat-edebiyat","6":"product_cat-siir","7":"pa_cilt-ciltsiz","8":"pa_tur-kitap","9":"pa_yayinevi-yapi-kredi-yayinlari","10":"pa_yazar-william-carlos-williams","12":"first","13":"instock","14":"sale","15":"shipping-taxable","16":"purchasable","17":"product-type-simple"},"_links":{"self":[{"href":"https:\/\/roveyayinevi.com.tr\/index.php\/wp-json\/wp\/v2\/product\/721241","targetHints":{"allow":["GET"]}}],"collection":[{"href":"https:\/\/roveyayinevi.com.tr\/index.php\/wp-json\/wp\/v2\/product"}],"about":[{"href":"https:\/\/roveyayinevi.com.tr\/index.php\/wp-json\/wp\/v2\/types\/product"}],"wp:attachment":[{"href":"https:\/\/roveyayinevi.com.tr\/index.php\/wp-json\/wp\/v2\/media?parent=721241"}],"wp:term":[{"taxonomy":"product_brand","embeddable":true,"href":"https:\/\/roveyayinevi.com.tr\/index.php\/wp-json\/wp\/v2\/product_brand?post=721241"},{"taxonomy":"product_cat","embeddable":true,"href":"https:\/\/roveyayinevi.com.tr\/index.php\/wp-json\/wp\/v2\/product_cat?post=721241"},{"taxonomy":"product_tag","embeddable":true,"href":"https:\/\/roveyayinevi.com.tr\/index.php\/wp-json\/wp\/v2\/product_tag?post=721241"}],"curies":[{"name":"wp","href":"https:\/\/api.w.org\/{rel}","templated":true}]}}