{"id":721240,"date":"2025-08-27T18:47:31","date_gmt":"2025-08-27T15:47:31","guid":{"rendered":"https:\/\/roveyayinevi.com.tr\/index.php\/urun\/emilyye-bir-gul\/"},"modified":"2026-04-16T02:29:18","modified_gmt":"2026-04-15T23:29:18","slug":"emilyye-bir-gul","status":"publish","type":"product","link":"https:\/\/roveyayinevi.com.tr\/index.php\/urun\/emilyye-bir-gul\/","title":{"rendered":"Emily&#8217;ye Bir G\u00fcl"},"content":{"rendered":"<p>Yirminci y\u00fczy\u0131l d\u00fcnya edebiyat\u0131n\u0131n tart\u0131\u015fmas\u0131z en b\u00fcy\u00fck yarat\u0131c\u0131lar\u0131ndan biri olan Faulkner\u2019dan, her biri roman derinli\u011finde, ak\u0131ldan \u00e7\u0131kmayacak \u00f6yk\u00fcler.William Faulkner, Amerikan G\u00fcneyi\u2019ni romanlar\u0131nda destanla\u015ft\u0131rmakla kalmad\u0131, yaratt\u0131\u011f\u0131 zengin d\u00fcnyaya \u00f6yk\u00fcleriyle yeni halkalar ekledi. Elinizdeki se\u00e7ki, \u201cEmily\u2019ye Bir G\u00fcl\u201d, \u201cAmbar Kundak\u00e7\u0131s\u0131\u201d ve \u201cO Ak\u015fam G\u00fcne\u015fi\u201d gibi en \u00fcnl\u00fclerinin de yer ald\u0131\u011f\u0131 on yedi Faulkner \u00f6yk\u00fcs\u00fcn\u00fc bir araya getiriyor. Aralar\u0131nda edebiyat\u0131m\u0131z\u0131n usta isimlerinin de bulundu\u011fu, farkl\u0131 ku\u015faklara mensup \u00e7evirmenlerin elinden \u00e7\u0131kan bu \u00e7eviriler, Faulkner\u2019\u0131n romanc\u0131l\u0131\u011f\u0131na oranla g\u00f6lgede kalm\u0131\u015f \u00f6yk\u00fcc\u00fc yan\u0131n\u0131 ortaya \u00e7\u0131karmalar\u0131n\u0131n yan\u0131 s\u0131ra, bu b\u00fcy\u00fck yazar\u0131n T\u00fcrk\u00e7ede ne kadar uzun zamand\u0131r a\u011f\u0131rland\u0131\u011f\u0131n\u0131n da kan\u0131t\u0131 niteli\u011finde.Ben ba\u015far\u0131s\u0131z bir \u015fairim. Belki her romanc\u0131 \u00f6nce \u015fiir yazmak ister, yazamad\u0131\u011f\u0131n\u0131 anlay\u0131nca da \u015fiirden sonra en zor t\u00fcr olan \u00f6yk\u00fcy\u00fc dener. Ancak onda da ba\u015far\u0131s\u0131z olduktan sonra roman yazmaya ba\u015flar. William FaulknerFaulkner\u2019dan ba\u015fka hi\u00e7 kimse yaz\u0131ya y\u00fcre\u011finden ve ruhundan bu kadar \u00e7ok \u015fey katmam\u0131\u015ft\u0131r. Eudora Welty<\/p>\n","protected":false},"excerpt":{"rendered":"<p>Yirminci y\u00fczy\u0131l d\u00fcnya edebiyat\u0131n\u0131n tart\u0131\u015fmas\u0131z en b\u00fcy\u00fck yarat\u0131c\u0131lar\u0131ndan biri olan Faulkner\u2019dan, her biri roman derinli\u011finde, ak\u0131ldan \u00e7\u0131kmayacak \u00f6yk\u00fcler.William Faulkner, Amerikan G\u00fcneyi\u2019ni romanlar\u0131nda destanla\u015ft\u0131rmakla kalmad\u0131, yaratt\u0131\u011f\u0131 zengin<span class=\"excerpt-hellip\"> [\u2026]<\/span><\/p>\n","protected":false},"featured_media":0,"template":"","meta":{"_monsterinsights_skip_tracking":false,"_monsterinsights_sitenote_active":false,"_monsterinsights_sitenote_note":"","_monsterinsights_sitenote_category":0},"product_brand":[],"product_cat":[12291,12711],"product_tag":[],"class_list":{"0":"post-721240","1":"product","2":"type-product","3":"status-publish","5":"product_cat-edebiyat","6":"product_cat-roman-oyku","7":"pa_cilt-ciltsiz","8":"pa_tur-kitap","9":"pa_yayinevi-yapi-kredi-yayinlari","10":"pa_yazar-william-faulkner","12":"first","13":"instock","14":"sale","15":"shipping-taxable","16":"purchasable","17":"product-type-simple"},"_links":{"self":[{"href":"https:\/\/roveyayinevi.com.tr\/index.php\/wp-json\/wp\/v2\/product\/721240","targetHints":{"allow":["GET"]}}],"collection":[{"href":"https:\/\/roveyayinevi.com.tr\/index.php\/wp-json\/wp\/v2\/product"}],"about":[{"href":"https:\/\/roveyayinevi.com.tr\/index.php\/wp-json\/wp\/v2\/types\/product"}],"wp:attachment":[{"href":"https:\/\/roveyayinevi.com.tr\/index.php\/wp-json\/wp\/v2\/media?parent=721240"}],"wp:term":[{"taxonomy":"product_brand","embeddable":true,"href":"https:\/\/roveyayinevi.com.tr\/index.php\/wp-json\/wp\/v2\/product_brand?post=721240"},{"taxonomy":"product_cat","embeddable":true,"href":"https:\/\/roveyayinevi.com.tr\/index.php\/wp-json\/wp\/v2\/product_cat?post=721240"},{"taxonomy":"product_tag","embeddable":true,"href":"https:\/\/roveyayinevi.com.tr\/index.php\/wp-json\/wp\/v2\/product_tag?post=721240"}],"curies":[{"name":"wp","href":"https:\/\/api.w.org\/{rel}","templated":true}]}}