{"id":721239,"date":"2025-08-27T18:47:30","date_gmt":"2025-08-27T15:47:30","guid":{"rendered":"https:\/\/roveyayinevi.com.tr\/index.php\/urun\/kadinin-fendi\/"},"modified":"2026-04-16T02:29:18","modified_gmt":"2026-04-15T23:29:18","slug":"kadinin-fendi","status":"publish","type":"product","link":"https:\/\/roveyayinevi.com.tr\/index.php\/urun\/kadinin-fendi\/","title":{"rendered":"Kad\u0131n\u0131n Fendi"},"content":{"rendered":"<p>\u201cA\u015fk ne kadar \u00e7ok \u015fey olabilirdi, bunu anlad\u0131m.\u201dEserleri yirmiden fazla dilde okunan Norve\u00e7li yazar Erlend Loe, k\u00fclt metinlere d\u00f6n\u00fc\u015fen Doppler ve Bildi\u011fimiz D\u00fcnyan\u0131n Sonu\u2019ndan \u00f6nce, hen\u00fcz 24 ya\u015f\u0131ndayken kaleme ald\u0131\u011f\u0131, beyazperdeye de aktar\u0131lan Kad\u0131n\u0131n Fendi\u2019nde, de\u011fi\u015fen ili\u015fki bi\u00e7imlerine ve kad\u0131n-erkek rollerine esprili ve incelikli \u00fcslubuyla yakla\u015f\u0131yor: Muhtemel a\u015fk m\u0131, ezeli d\u00fc\u015fman m\u0131?Postmodern d\u00fcnyan\u0131n aynas\u0131nda yerini y\u00f6n\u00fcn\u00fc bulmakta zorlanan gen\u00e7 bir adamla o adam\u0131n tekd\u00fcze hayat\u0131na bir anda dahil olan kararl\u0131 bir gen\u00e7 kad\u0131n\u0131n ini\u015fli \u00e7\u0131k\u0131\u015fl\u0131 ili\u015fkisine odaklan\u0131yor Loe: S\u0131n\u0131rlar\u0131n\u0131 her ge\u00e7en g\u00fcn biraz daha geni\u015fleten Marianne\u2019nin ya\u015fam alan\u0131yla birlikte kalbini de i\u015fgal etmesi kar\u015f\u0131s\u0131nda ne yapaca\u011f\u0131n\u0131 bilemeyen gen\u00e7 adam\u0131n \u00f6n\u00fcnde iki se\u00e7enek vard\u0131r: Ya kendine \u00f6zg\u00fc d\u00fc\u015f\u00fcnceleri, tuhaf arzular\u0131, s\u0131rad\u0131\u015f\u0131 dramlar\u0131 ve sar\u0131 komodiniyle hayat\u0131n\u0131n ba\u015f k\u00f6\u015fesinde f\u0131rt\u0131nalar estiren Marianne ile m\u00fccadele edecek ya da direnmeyi b\u0131rak\u0131p onun d\u00fcmen suyuna girecektir.\u201cTek ba\u015f\u0131mayd\u0131m. Marianne yoktu art\u0131k. Ba\u015fkas\u0131 da yoktu. Yaln\u0131zca ben vard\u0131m. Marianne\u2019yi korktu\u011fum kadar \u00e7ok d\u00fc\u015f\u00fcnmedim. \u0130li\u015fkimiz \u00f6nemsizmi\u015f, g\u00f6zetilecek \u00e7ok fazla bir \u015fey yokmu\u015f gibi davranmaya \u00e7al\u0131\u015ft\u0131m ve sonunda onu k\u00fc\u00e7\u00fcmsemeyi ba\u015fard\u0131m. Salonda bir sandalyede oturup \u015farab\u0131m\u0131 i\u00e7erken ya\u015fad\u0131klar\u0131m\u0131z\u0131 d\u00fc\u015f\u00fcn\u00fcp durdum.\u201d<\/p>\n","protected":false},"excerpt":{"rendered":"<p>\u201cA\u015fk ne kadar \u00e7ok \u015fey olabilirdi, bunu anlad\u0131m.\u201dEserleri yirmiden fazla dilde okunan Norve\u00e7li yazar Erlend Loe, k\u00fclt metinlere d\u00f6n\u00fc\u015fen Doppler ve Bildi\u011fimiz D\u00fcnyan\u0131n Sonu\u2019ndan \u00f6nce, hen\u00fcz<span class=\"excerpt-hellip\"> [\u2026]<\/span><\/p>\n","protected":false},"featured_media":0,"template":"","meta":{"_monsterinsights_skip_tracking":false,"_monsterinsights_sitenote_active":false,"_monsterinsights_sitenote_note":"","_monsterinsights_sitenote_category":0},"product_brand":[],"product_cat":[12291,12711],"product_tag":[],"class_list":{"0":"post-721239","1":"product","2":"type-product","3":"status-publish","5":"product_cat-edebiyat","6":"product_cat-roman-oyku","7":"pa_cilt-ciltsiz","8":"pa_tur-kitap","9":"pa_yayinevi-yapi-kredi-yayinlari","10":"pa_yazar-erlend-loe","12":"first","13":"instock","14":"sale","15":"shipping-taxable","16":"purchasable","17":"product-type-simple"},"_links":{"self":[{"href":"https:\/\/roveyayinevi.com.tr\/index.php\/wp-json\/wp\/v2\/product\/721239","targetHints":{"allow":["GET"]}}],"collection":[{"href":"https:\/\/roveyayinevi.com.tr\/index.php\/wp-json\/wp\/v2\/product"}],"about":[{"href":"https:\/\/roveyayinevi.com.tr\/index.php\/wp-json\/wp\/v2\/types\/product"}],"wp:attachment":[{"href":"https:\/\/roveyayinevi.com.tr\/index.php\/wp-json\/wp\/v2\/media?parent=721239"}],"wp:term":[{"taxonomy":"product_brand","embeddable":true,"href":"https:\/\/roveyayinevi.com.tr\/index.php\/wp-json\/wp\/v2\/product_brand?post=721239"},{"taxonomy":"product_cat","embeddable":true,"href":"https:\/\/roveyayinevi.com.tr\/index.php\/wp-json\/wp\/v2\/product_cat?post=721239"},{"taxonomy":"product_tag","embeddable":true,"href":"https:\/\/roveyayinevi.com.tr\/index.php\/wp-json\/wp\/v2\/product_tag?post=721239"}],"curies":[{"name":"wp","href":"https:\/\/api.w.org\/{rel}","templated":true}]}}