{"id":721238,"date":"2025-08-27T18:47:29","date_gmt":"2025-08-27T15:47:29","guid":{"rendered":"https:\/\/roveyayinevi.com.tr\/index.php\/urun\/bicak\/"},"modified":"2026-04-16T02:29:18","modified_gmt":"2026-04-15T23:29:18","slug":"bicak","status":"publish","type":"product","link":"https:\/\/roveyayinevi.com.tr\/index.php\/urun\/bicak\/","title":{"rendered":"B\u0131\u00e7ak"},"content":{"rendered":"<p>Eski ve yeni d\u00fc\u015fmanlarla kar\u015f\u0131 kar\u015f\u0131ya kalan Harry Hole hayat\u0131n\u0131n en zor davas\u0131n\u0131 \u00e7\u00f6zmek zorunda\u2026  Rakel taraf\u0131ndan terk edilen Harry Hole \u015fimdi ufak tefek davalar verilen bir polistir ve eski dostu Jim Beam\u2019e d\u00f6nm\u00fc\u015ft\u00fcr. Uzun y\u0131llar \u00f6nce hapse att\u0131rd\u0131\u011f\u0131 ve pek yak\u0131nda d\u0131\u015far\u0131 \u00e7\u0131kt\u0131\u011f\u0131nda su\u00e7 i\u015fleyece\u011finden emin oldu\u011fu \u201cNi\u015fanl\u0131\u201d Svein Finne\u2019nin pe\u015fine d\u00fc\u015fmek niyetindedir. Ancak her \u015fey sarpa sarar. Harry \u00e7ok i\u00e7ti\u011fi bir sabah\u0131n ertesinde kanl\u0131 k\u0131yafetlerle uyan\u0131r, \u00f6nceki geceyle ilgili hi\u00e7bir \u015fey hat\u0131rlayamaz. Deh\u015fetli bir k\u00e2busun sadece ba\u015flang\u0131c\u0131d\u0131r bu.  B\u0131\u00e7ak insanlar\u0131n neden Nesbo\u2019nun kitaplar\u0131n\u0131 okudu\u011funu hat\u0131rlat\u0131yor. Nesbo\u2019nun eski kitaplar\u0131ndan daha yo\u011fun ve karma\u015f\u0131k bu roman\u2026 K\u0131z\u0131lgerdan\u2019\u0131 an\u0131msat\u0131yor. Roman&#8230; Harry\u2019yi b\u0131\u00e7ak s\u0131rt\u0131 denilebilecek bir yerde b\u0131rak\u0131yor\u2026The Sunday Times<\/p>\n","protected":false},"excerpt":{"rendered":"<p>Eski ve yeni d\u00fc\u015fmanlarla kar\u015f\u0131 kar\u015f\u0131ya kalan Harry Hole hayat\u0131n\u0131n en zor davas\u0131n\u0131 \u00e7\u00f6zmek zorunda\u2026 Rakel taraf\u0131ndan terk edilen Harry Hole \u015fimdi ufak tefek davalar verilen<span class=\"excerpt-hellip\"> [\u2026]<\/span><\/p>\n","protected":false},"featured_media":0,"template":"","meta":{"_monsterinsights_skip_tracking":false,"_monsterinsights_sitenote_active":false,"_monsterinsights_sitenote_note":"","_monsterinsights_sitenote_category":0},"product_brand":[],"product_cat":[12291,17033],"product_tag":[],"class_list":{"0":"post-721238","1":"product","2":"type-product","3":"status-publish","5":"product_cat-edebiyat","6":"product_cat-korku-gerilim","7":"pa_cilt-ciltsiz","8":"pa_tur-kitap","9":"pa_yayinevi-dogan-kitap","10":"pa_yazar-jo-nesbo","12":"first","13":"instock","14":"sale","15":"shipping-taxable","16":"purchasable","17":"product-type-simple"},"_links":{"self":[{"href":"https:\/\/roveyayinevi.com.tr\/index.php\/wp-json\/wp\/v2\/product\/721238","targetHints":{"allow":["GET"]}}],"collection":[{"href":"https:\/\/roveyayinevi.com.tr\/index.php\/wp-json\/wp\/v2\/product"}],"about":[{"href":"https:\/\/roveyayinevi.com.tr\/index.php\/wp-json\/wp\/v2\/types\/product"}],"wp:attachment":[{"href":"https:\/\/roveyayinevi.com.tr\/index.php\/wp-json\/wp\/v2\/media?parent=721238"}],"wp:term":[{"taxonomy":"product_brand","embeddable":true,"href":"https:\/\/roveyayinevi.com.tr\/index.php\/wp-json\/wp\/v2\/product_brand?post=721238"},{"taxonomy":"product_cat","embeddable":true,"href":"https:\/\/roveyayinevi.com.tr\/index.php\/wp-json\/wp\/v2\/product_cat?post=721238"},{"taxonomy":"product_tag","embeddable":true,"href":"https:\/\/roveyayinevi.com.tr\/index.php\/wp-json\/wp\/v2\/product_tag?post=721238"}],"curies":[{"name":"wp","href":"https:\/\/api.w.org\/{rel}","templated":true}]}}