{"id":721232,"date":"2025-08-27T18:47:24","date_gmt":"2025-08-27T15:47:24","guid":{"rendered":"https:\/\/roveyayinevi.com.tr\/index.php\/urun\/kendimi-yasamak-istiyorum\/"},"modified":"2026-04-11T13:48:02","modified_gmt":"2026-04-11T10:48:02","slug":"kendimi-yasamak-istiyorum","status":"publish","type":"product","link":"https:\/\/roveyayinevi.com.tr\/index.php\/urun\/kendimi-yasamak-istiyorum\/","title":{"rendered":"Kendimi Ya\u015famak \u0130stiyorum"},"content":{"rendered":"<p>Merhaba,\u015eimdi sen bu kitab\u0131 eline al\u0131p inceledi\u011fine g\u00f6re \u00f6n kapaktaki ba\u015fl\u0131k dikkatini \u00e7ekmi\u015f olmal\u0131.Sen de art\u0131k kendini ya\u015famak istiyor musun?Ba\u015fkalar\u0131n\u0131n istedi\u011fi ve bekledi\u011fi gibi ya\u015famak seni de mi yoruyor?\u0130nsan\u0131n istemedi\u011fi bir hayat\u0131 ya\u015famak zorunda b\u0131rak\u0131lmas\u0131 ne zor de\u011fil mi?Kim bilir, senin i\u00e7inde de ne f\u0131rt\u0131nalar kopuyordur. D\u0131\u015far\u0131dan g\u00f6renler seni mutlu zannederken i\u00e7indeki ate\u015fin seni alev alev yakt\u0131\u011f\u0131n\u0131 nereden bilsinler, ruhunun derinliklerine g\u00f6md\u00fc\u011f\u00fcn sessiz \u00e7\u0131\u011fl\u0131klar\u0131 nereden duysunlar?Ayn\u0131 yollardan ge\u00e7mi\u015f birisi olarak sana kalbimi a\u00e7\u0131yor ve ellerimi uzat\u0131yorum.Hadi gel, her \u015feye yeniden ba\u015flayal\u0131m. Elimizdeki malzeme sadece sevgi olsun!\u00c7\u00fcnk\u00fc sevgi her derde deva olan en g\u00fczel ila\u00e7t\u0131r. Beni iyile\u015ftiren sevgi merhemini senin yaralar\u0131na da s\u00fcrmek istiyorum.Buna m\u00fcsaaden var m\u0131?<\/p>\n","protected":false},"excerpt":{"rendered":"<p>Merhaba,\u015eimdi sen bu kitab\u0131 eline al\u0131p inceledi\u011fine g\u00f6re \u00f6n kapaktaki ba\u015fl\u0131k dikkatini \u00e7ekmi\u015f olmal\u0131.Sen de art\u0131k kendini ya\u015famak istiyor musun?Ba\u015fkalar\u0131n\u0131n istedi\u011fi ve bekledi\u011fi gibi ya\u015famak seni<span class=\"excerpt-hellip\"> [\u2026]<\/span><\/p>\n","protected":false},"featured_media":0,"template":"","meta":{"_monsterinsights_skip_tracking":false,"_monsterinsights_sitenote_active":false,"_monsterinsights_sitenote_note":"","_monsterinsights_sitenote_category":0},"product_brand":[],"product_cat":[12364,12376],"product_tag":[],"class_list":{"0":"post-721232","1":"product","2":"type-product","3":"status-publish","5":"product_cat-genel-konular","6":"product_cat-kisisel-gelisim","7":"pa_cilt-ciltsiz","8":"pa_tur-kitap","9":"pa_yayinevi-yediveren-yayinlari","10":"pa_yazar-alisan-kapaklikaya","12":"first","13":"instock","14":"sale","15":"shipping-taxable","16":"purchasable","17":"product-type-simple"},"_links":{"self":[{"href":"https:\/\/roveyayinevi.com.tr\/index.php\/wp-json\/wp\/v2\/product\/721232","targetHints":{"allow":["GET"]}}],"collection":[{"href":"https:\/\/roveyayinevi.com.tr\/index.php\/wp-json\/wp\/v2\/product"}],"about":[{"href":"https:\/\/roveyayinevi.com.tr\/index.php\/wp-json\/wp\/v2\/types\/product"}],"wp:attachment":[{"href":"https:\/\/roveyayinevi.com.tr\/index.php\/wp-json\/wp\/v2\/media?parent=721232"}],"wp:term":[{"taxonomy":"product_brand","embeddable":true,"href":"https:\/\/roveyayinevi.com.tr\/index.php\/wp-json\/wp\/v2\/product_brand?post=721232"},{"taxonomy":"product_cat","embeddable":true,"href":"https:\/\/roveyayinevi.com.tr\/index.php\/wp-json\/wp\/v2\/product_cat?post=721232"},{"taxonomy":"product_tag","embeddable":true,"href":"https:\/\/roveyayinevi.com.tr\/index.php\/wp-json\/wp\/v2\/product_tag?post=721232"}],"curies":[{"name":"wp","href":"https:\/\/api.w.org\/{rel}","templated":true}]}}