{"id":721229,"date":"2025-08-27T18:47:16","date_gmt":"2025-08-27T15:47:16","guid":{"rendered":"https:\/\/roveyayinevi.com.tr\/index.php\/urun\/genel-olarak-ic-guvenlik-yonetimi\/"},"modified":"2026-04-16T02:29:18","modified_gmt":"2026-04-15T23:29:18","slug":"genel-olarak-ic-guvenlik-yonetimi","status":"publish","type":"product","link":"https:\/\/roveyayinevi.com.tr\/index.php\/urun\/genel-olarak-ic-guvenlik-yonetimi\/","title":{"rendered":"Genel olarak \u0130\u00e7 G\u00fcvenlik Y\u00f6netimi"},"content":{"rendered":"<p>Kamu Y\u00f6netimi Ve \u0130\u00e7 G\u00fcvenlik Y\u00f6netimine Dair:Kesi\u015fime Mi Yoksa Birle\u015fime Mi Odaklanmal\u0131y\u0131z? Bir Giri\u015f DenemesiTekin AvanerBar\u0131\u015f \u00d6vg\u00fcn\u0130\u00e7 &#8211; D\u0131\u015f G\u00fcvenlik Ve KollukG\u00f6khan Sar\u0131K\u00fcreselle\u015fme Ve \u0130\u00e7 G\u00fcvenl\u0131\u0307k Y\u00f6net\u0131\u0307m\u0131\u0307n\u0131\u0307n Sorunlar\u0131Eren Ero\u011fluKritik Altyap\u0131lar Ve Ter\u00f6rizm Tehdidi Hayrettin K\u00fcpeli\u0130\u00e7 G\u00fcvenlik Y\u00f6netimi Ve Ter\u00f6r \u00d6rg\u00fctleri: Kurma, Y\u00f6netme Ve\u00dcye Olma Su\u00e7unu \u00c7\u00f6z\u00fcmlemek Tekin AvanerAhmet YasuntimurLeyla Ocakl\u0131\u0130\u00e7 G\u00fcvenlik \u0130stihbarat\u0131nda Hibrit Konsept\u00c7a\u011fatay Balc\u0131Jandarma T\u0131\u0307pi Kolluk Kuvvetler\u0131\u0307nin De\u011f\u0131\u0307\u015fen G\u00fcvenlik Ortam\u0131ndakiYeri Ve \u00d6nemi Cenker Korhan DemirSerdar Kavakl\u0131Uluslararas\u0131 Adli Kolluk Te\u015fkilatlar\u0131 G\u00f6khan \u0130brahim \u00d6\u011f\u00fcn\u00e7\u00d6zel G\u00fcvenlik Y\u00f6netimi H\u00fcseyin ArasY\u00f6neti\u015fim Ve \u0130\u00e7 G\u00fcvenlik Y\u00f6netimi \u0130brahim \u0130rdem\u0130\u00e7 G\u00fcvenlik Y\u00f6netimi Ve Liderlik Erdem Erciyes\u0130\u00e7 G\u00fcvenlikte Teknoloji Kullan\u0131m\u0131 Mete Y\u0131ld\u0131zAlper Ekmek\u00e7io\u011flu<\/p>\n","protected":false},"excerpt":{"rendered":"<p>Kamu Y\u00f6netimi Ve \u0130\u00e7 G\u00fcvenlik Y\u00f6netimine Dair:Kesi\u015fime Mi Yoksa Birle\u015fime Mi Odaklanmal\u0131y\u0131z? Bir Giri\u015f DenemesiTekin AvanerBar\u0131\u015f \u00d6vg\u00fcn\u0130\u00e7 &#8211; D\u0131\u015f G\u00fcvenlik Ve KollukG\u00f6khan Sar\u0131K\u00fcreselle\u015fme Ve \u0130\u00e7 G\u00fcvenl\u0131\u0307k<span class=\"excerpt-hellip\"> [\u2026]<\/span><\/p>\n","protected":false},"featured_media":0,"template":"","meta":{"_monsterinsights_skip_tracking":false,"_monsterinsights_sitenote_active":false,"_monsterinsights_sitenote_note":"","_monsterinsights_sitenote_category":0},"product_brand":[],"product_cat":[13059,12337],"product_tag":[],"class_list":{"0":"post-721229","1":"product","2":"type-product","3":"status-publish","5":"product_cat-diger-politika-siyaset","6":"product_cat-politika-siyaset","7":"pa_cilt-ciltsiz","8":"pa_tur-kitap","9":"pa_yayinevi-gazi-kitabevi","10":"pa_yazar-tekin-avaner-baris-ovgun","12":"first","13":"instock","14":"sale","15":"shipping-taxable","16":"purchasable","17":"product-type-simple"},"_links":{"self":[{"href":"https:\/\/roveyayinevi.com.tr\/index.php\/wp-json\/wp\/v2\/product\/721229","targetHints":{"allow":["GET"]}}],"collection":[{"href":"https:\/\/roveyayinevi.com.tr\/index.php\/wp-json\/wp\/v2\/product"}],"about":[{"href":"https:\/\/roveyayinevi.com.tr\/index.php\/wp-json\/wp\/v2\/types\/product"}],"wp:attachment":[{"href":"https:\/\/roveyayinevi.com.tr\/index.php\/wp-json\/wp\/v2\/media?parent=721229"}],"wp:term":[{"taxonomy":"product_brand","embeddable":true,"href":"https:\/\/roveyayinevi.com.tr\/index.php\/wp-json\/wp\/v2\/product_brand?post=721229"},{"taxonomy":"product_cat","embeddable":true,"href":"https:\/\/roveyayinevi.com.tr\/index.php\/wp-json\/wp\/v2\/product_cat?post=721229"},{"taxonomy":"product_tag","embeddable":true,"href":"https:\/\/roveyayinevi.com.tr\/index.php\/wp-json\/wp\/v2\/product_tag?post=721229"}],"curies":[{"name":"wp","href":"https:\/\/api.w.org\/{rel}","templated":true}]}}