{"id":721227,"date":"2025-08-27T18:47:15","date_gmt":"2025-08-27T15:47:15","guid":{"rendered":"https:\/\/roveyayinevi.com.tr\/index.php\/urun\/beyaz-zambaklar-ulkesinde-17\/"},"modified":"2026-04-16T02:29:18","modified_gmt":"2026-04-15T23:29:18","slug":"beyaz-zambaklar-ulkesinde-17","status":"publish","type":"product","link":"https:\/\/roveyayinevi.com.tr\/index.php\/urun\/beyaz-zambaklar-ulkesinde-17\/","title":{"rendered":"Beyaz Zambaklar \u00dclkesinde"},"content":{"rendered":"<p>Finlandiya&#8217;daki modernle\u015fme hareketinin fi\u015fe\u011fini ate\u015fleyen Snellman&#8217;\u0131n ve bir avu\u00e7 yurtsever ayd\u0131n\u0131n \u00f6zverisini, azmini ve idealist bak\u0131\u015f a\u00e7\u0131s\u0131n\u0131 topluma ak\u0131c\u0131 bir dille aktaran Petrov, ahlaki \u00e7\u00fcr\u00fcm\u00fc\u015fl\u00fc\u011f\u00fc, ataleti, e\u011fitimsizli\u011fi ve askerile\u015fmi\u015f yap\u0131y\u0131 ele\u015ftirmekle kalmaz, \u00e7e\u015fitli \u00f6rnekler \u00fczerinden bu devran\u0131 d\u00f6nd\u00fcren \u00e7arklar\u0131 durduracak ak\u0131lc\u0131 \u00e7\u00f6z\u00fcmler \u00fcretir.Batakl\u0131k \u00fclkesi Finlandiya&#8217;n\u0131n k\u0131s\u0131tl\u0131 imk\u00e2nlar ve s\u0131n\u0131rl\u0131 potansiyeller \u00e7er\u00e7evesinde kalk\u0131nabilmesinin s\u0131rr\u0131n\u0131 bar\u0131nd\u0131ran, geli\u015fimin ger\u00e7ek mimar\u0131 olan halka arma\u011fan edilmi\u015f bu tarihsel \u00e7al\u0131\u015fma, bug\u00fcn\u00fcn sorunlar\u0131na kafa yoran her ku\u015faktan okurun ufkunu geni\u015fletecek&#8230;<\/p>\n","protected":false},"excerpt":{"rendered":"<p>Finlandiya&#8217;daki modernle\u015fme hareketinin fi\u015fe\u011fini ate\u015fleyen Snellman&#8217;\u0131n ve bir avu\u00e7 yurtsever ayd\u0131n\u0131n \u00f6zverisini, azmini ve idealist bak\u0131\u015f a\u00e7\u0131s\u0131n\u0131 topluma ak\u0131c\u0131 bir dille aktaran Petrov, ahlaki \u00e7\u00fcr\u00fcm\u00fc\u015fl\u00fc\u011f\u00fc, ataleti,<span class=\"excerpt-hellip\"> [\u2026]<\/span><\/p>\n","protected":false},"featured_media":0,"template":"","meta":{"_monsterinsights_skip_tracking":false,"_monsterinsights_sitenote_active":false,"_monsterinsights_sitenote_note":"","_monsterinsights_sitenote_category":0},"product_brand":[],"product_cat":[12777,12291],"product_tag":[],"class_list":{"0":"post-721227","1":"product","2":"type-product","3":"status-publish","5":"product_cat-deneme","6":"product_cat-edebiyat","7":"pa_cilt-ciltsiz","8":"pa_tur-kitap","9":"pa_yayinevi-sel-yayincilik","10":"pa_yazar-grigori-spiridonovic-petrov","12":"first","13":"instock","14":"sale","15":"shipping-taxable","16":"purchasable","17":"product-type-simple"},"_links":{"self":[{"href":"https:\/\/roveyayinevi.com.tr\/index.php\/wp-json\/wp\/v2\/product\/721227","targetHints":{"allow":["GET"]}}],"collection":[{"href":"https:\/\/roveyayinevi.com.tr\/index.php\/wp-json\/wp\/v2\/product"}],"about":[{"href":"https:\/\/roveyayinevi.com.tr\/index.php\/wp-json\/wp\/v2\/types\/product"}],"wp:attachment":[{"href":"https:\/\/roveyayinevi.com.tr\/index.php\/wp-json\/wp\/v2\/media?parent=721227"}],"wp:term":[{"taxonomy":"product_brand","embeddable":true,"href":"https:\/\/roveyayinevi.com.tr\/index.php\/wp-json\/wp\/v2\/product_brand?post=721227"},{"taxonomy":"product_cat","embeddable":true,"href":"https:\/\/roveyayinevi.com.tr\/index.php\/wp-json\/wp\/v2\/product_cat?post=721227"},{"taxonomy":"product_tag","embeddable":true,"href":"https:\/\/roveyayinevi.com.tr\/index.php\/wp-json\/wp\/v2\/product_tag?post=721227"}],"curies":[{"name":"wp","href":"https:\/\/api.w.org\/{rel}","templated":true}]}}