{"id":721220,"date":"2025-08-27T18:47:09","date_gmt":"2025-08-27T15:47:09","guid":{"rendered":"https:\/\/roveyayinevi.com.tr\/index.php\/urun\/balli-borek-ayicik-mavi-ile-iyi-geceler-masallari\/"},"modified":"2026-04-16T02:29:18","modified_gmt":"2026-04-15T23:29:18","slug":"balli-borek-ayicik-mavi-ile-iyi-geceler-masallari","status":"publish","type":"product","link":"https:\/\/roveyayinevi.com.tr\/index.php\/urun\/balli-borek-ayicik-mavi-ile-iyi-geceler-masallari\/","title":{"rendered":"Ball\u0131 B\u00f6rek &#8211; Ay\u0131c\u0131k Mavi \u0130le \u0130yi Geceler Masallar\u0131"},"content":{"rendered":"<p>Uyku Vakti Ay\u0131c\u0131k Mavi\u2019nin \u0130yi Geceler Masallar\u0131yla \u00c7ok Tatl\u0131! \u201c-R\u00fcyalarda oyuncaklarla oynanabilir mi?-R\u00fcyalarda her \u015fey m\u00fcmk\u00fcn, dedi b\u00fcy\u00fckanne onu aln\u0131ndan \u00f6perken.O zaman ben en iyisi oyuncaklar\u0131mla r\u00fcyamda oynayay\u0131m.Oyuncaklar\u0131na r\u00fcyada bulu\u015fma s\u00f6z\u00fc verdi. G\u00f6z kapaklar\u0131 iyice a\u011f\u0131rla\u015ft\u0131.Uyku ne tatl\u0131yd\u0131!\u201d\u0130yi Geceler Ay\u0131c\u0131k Mavi\u2026\u0130yi Geceler \u00c7ocuklar\u2026<\/p>\n","protected":false},"excerpt":{"rendered":"<p>Uyku Vakti Ay\u0131c\u0131k Mavi\u2019nin \u0130yi Geceler Masallar\u0131yla \u00c7ok Tatl\u0131! \u201c-R\u00fcyalarda oyuncaklarla oynanabilir mi?-R\u00fcyalarda her \u015fey m\u00fcmk\u00fcn, dedi b\u00fcy\u00fckanne onu aln\u0131ndan \u00f6perken.O zaman ben en iyisi oyuncaklar\u0131mla<span class=\"excerpt-hellip\"> [\u2026]<\/span><\/p>\n","protected":false},"featured_media":0,"template":"","meta":{"_monsterinsights_skip_tracking":false,"_monsterinsights_sitenote_active":false,"_monsterinsights_sitenote_note":"","_monsterinsights_sitenote_category":0},"product_brand":[],"product_cat":[12274,12523],"product_tag":[],"class_list":{"0":"post-721220","1":"product","2":"type-product","3":"status-publish","5":"product_cat-cocuk-ve-genclik-kitaplari","6":"product_cat-masallar","7":"pa_cilt-ciltsiz","8":"pa_tur-kitap","9":"pa_yayinevi-sincap-kitap","10":"pa_yazar-melek-dincer","12":"first","13":"instock","14":"sale","15":"shipping-taxable","16":"purchasable","17":"product-type-simple"},"_links":{"self":[{"href":"https:\/\/roveyayinevi.com.tr\/index.php\/wp-json\/wp\/v2\/product\/721220","targetHints":{"allow":["GET"]}}],"collection":[{"href":"https:\/\/roveyayinevi.com.tr\/index.php\/wp-json\/wp\/v2\/product"}],"about":[{"href":"https:\/\/roveyayinevi.com.tr\/index.php\/wp-json\/wp\/v2\/types\/product"}],"wp:attachment":[{"href":"https:\/\/roveyayinevi.com.tr\/index.php\/wp-json\/wp\/v2\/media?parent=721220"}],"wp:term":[{"taxonomy":"product_brand","embeddable":true,"href":"https:\/\/roveyayinevi.com.tr\/index.php\/wp-json\/wp\/v2\/product_brand?post=721220"},{"taxonomy":"product_cat","embeddable":true,"href":"https:\/\/roveyayinevi.com.tr\/index.php\/wp-json\/wp\/v2\/product_cat?post=721220"},{"taxonomy":"product_tag","embeddable":true,"href":"https:\/\/roveyayinevi.com.tr\/index.php\/wp-json\/wp\/v2\/product_tag?post=721220"}],"curies":[{"name":"wp","href":"https:\/\/api.w.org\/{rel}","templated":true}]}}