{"id":721215,"date":"2025-08-27T18:47:05","date_gmt":"2025-08-27T15:47:05","guid":{"rendered":"https:\/\/roveyayinevi.com.tr\/index.php\/urun\/sair-edip-durust-tuccar-leon-bahari-takdimimdir\/"},"modified":"2026-04-16T02:29:17","modified_gmt":"2026-04-15T23:29:17","slug":"sair-edip-durust-tuccar-leon-bahari-takdimimdir","status":"publish","type":"product","link":"https:\/\/roveyayinevi.com.tr\/index.php\/urun\/sair-edip-durust-tuccar-leon-bahari-takdimimdir\/","title":{"rendered":"\u015eair, Edip, D\u00fcr\u00fcst T\u00fcccar Leon Bahar\u2019\u0131 Takdimimdir"},"content":{"rendered":"<p>Ankaral\u0131 Yuda Leon Bahar\u2026\u015eiire tutkundu, tek bir \u015fiir yazamad\u0131. Iskalanm\u0131\u015f bir hedef, kaybedilmi\u015f bir mevzi oldu \u015fiir ona.Y\u0131llarca ad\u0131n\u0131 bir muharrir olarak g\u00f6rmek istedi; b\u0131kmadan usanmadan gazete idarehanelerine yaz\u0131lar g\u00f6nderdi. Ona tek s\u00fctun bah\u015fetmeyen gazeteler, borcunu \u00f6demeyenlerin listesine ad\u0131n\u0131 yazd\u0131lar.Hep iyi bir t\u00fcccar olmaya gayret etti, ne var ki d\u00fcr\u00fcst bir t\u00fcccar oldu\u011funu ispatlamak i\u00e7in A\u015fkale yollar\u0131na d\u00fc\u015fmek mecburiyetinde b\u0131rak\u0131ld\u0131.Vatan\u0131na tutkuyla ba\u011fl\u0131yd\u0131, vatan haini muamelesi g\u00f6rd\u00fc.Bu topraklar Leon Bahar ve onun gibilerin k\u0131ymetini bilemedi\u2026 Bilemedi\u011fi gibi onlara ya\u015fatt\u0131klar\u0131yla ne y\u00fczle\u015fti ne de onlardan \u00f6z\u00fcr diledi.Leon Bahar\u2019\u0131n 44 y\u0131ll\u0131k k\u0131sac\u0131k \u00f6mr\u00fc meram\u0131n\u0131 anlatmas\u0131na m\u00fcsaade etmedi. \u00d6mr\u00fc vefa etseydi ger\u00e7ek vatanseverli\u011fin dinle, \u0131rkla, zenginlikle de\u011fil, y\u00fcrekle oldu\u011funu anlatman\u0131n bir yolunu bulurdu belki.Da\u011f\u0131na, ta\u015f\u0131na, insan\u0131na \u00e2\u015f\u0131k oldu\u011fu kendi topraklar\u0131nda yabanc\u0131 say\u0131ld\u0131\u011f\u0131na ald\u0131rmadan, k\u00fcsmeden yazard\u0131&#8230;Adaleti en ba\u015fa yazard\u0131. \u201cHerkes i\u00e7in, her daim adalet\u201d derdi.Sonra a\u015fk\u0131 yazard\u0131. \u015e\u00fcphesiz en \u00e7ok a\u015fk\u0131 yazard\u0131.<\/p>\n","protected":false},"excerpt":{"rendered":"<p>Ankaral\u0131 Yuda Leon Bahar\u2026\u015eiire tutkundu, tek bir \u015fiir yazamad\u0131. Iskalanm\u0131\u015f bir hedef, kaybedilmi\u015f bir mevzi oldu \u015fiir ona.Y\u0131llarca ad\u0131n\u0131 bir muharrir olarak g\u00f6rmek istedi; b\u0131kmadan usanmadan<span class=\"excerpt-hellip\"> [\u2026]<\/span><\/p>\n","protected":false},"featured_media":0,"template":"","meta":{"_monsterinsights_skip_tracking":false,"_monsterinsights_sitenote_active":false,"_monsterinsights_sitenote_note":"","_monsterinsights_sitenote_category":0},"product_brand":[],"product_cat":[14009,12291],"product_tag":[],"class_list":{"0":"post-721215","1":"product","2":"type-product","3":"status-publish","5":"product_cat-biyografi-otobiyografi-edebiyat","6":"product_cat-edebiyat","7":"pa_cilt-ciltsiz","8":"pa_tur-kitap","9":"pa_yayinevi-kirmizi-kedi-yayinevi","10":"pa_yazar-nurten-yalcin-erus","12":"first","13":"instock","14":"sale","15":"shipping-taxable","16":"purchasable","17":"product-type-simple"},"_links":{"self":[{"href":"https:\/\/roveyayinevi.com.tr\/index.php\/wp-json\/wp\/v2\/product\/721215","targetHints":{"allow":["GET"]}}],"collection":[{"href":"https:\/\/roveyayinevi.com.tr\/index.php\/wp-json\/wp\/v2\/product"}],"about":[{"href":"https:\/\/roveyayinevi.com.tr\/index.php\/wp-json\/wp\/v2\/types\/product"}],"wp:attachment":[{"href":"https:\/\/roveyayinevi.com.tr\/index.php\/wp-json\/wp\/v2\/media?parent=721215"}],"wp:term":[{"taxonomy":"product_brand","embeddable":true,"href":"https:\/\/roveyayinevi.com.tr\/index.php\/wp-json\/wp\/v2\/product_brand?post=721215"},{"taxonomy":"product_cat","embeddable":true,"href":"https:\/\/roveyayinevi.com.tr\/index.php\/wp-json\/wp\/v2\/product_cat?post=721215"},{"taxonomy":"product_tag","embeddable":true,"href":"https:\/\/roveyayinevi.com.tr\/index.php\/wp-json\/wp\/v2\/product_tag?post=721215"}],"curies":[{"name":"wp","href":"https:\/\/api.w.org\/{rel}","templated":true}]}}