{"id":721214,"date":"2025-08-27T18:47:05","date_gmt":"2025-08-27T15:47:05","guid":{"rendered":"https:\/\/roveyayinevi.com.tr\/index.php\/urun\/italyan-masallari\/"},"modified":"2026-04-16T02:29:17","modified_gmt":"2026-04-15T23:29:17","slug":"italyan-masallari","status":"publish","type":"product","link":"https:\/\/roveyayinevi.com.tr\/index.php\/urun\/italyan-masallari\/","title":{"rendered":"\u0130talyan Masallar\u0131"},"content":{"rendered":"<p>E\u015feklerin kulaklar\u0131 neden uzundur? \u00d6m\u00fcr izin vermeden hayat neden bitmez? Hayvanlar\u0131n lisan\u0131n\u0131 bilmek neden \u00f6nemlidir?Mutlulu\u011fa ula\u015fmak i\u00e7in sahip olman\u0131z gerekenler nelerdir?   \u0130talyan Masallar\u0131, Avrupa\u2019n\u0131n en k\u00f6kl\u00fc k\u00fclt\u00fcrlerinden birinin en eski masallar\u0131n\u0131n nitelikli bir derlemesi. G\u00fcn\u00fcm\u00fczde masallar \u015fekil de\u011fi\u015ftirip daha \u201cyumu\u015fak\u201d formlarla anlat\u0131lsa da en eski masallar\u0131n \u201ck\u00f6t\u00fcl\u00fc\u011f\u00fc\u201d de i\u00e7inde bar\u0131nd\u0131rd\u0131\u011f\u0131n\u0131 biliriz. \u0130\u015fte bu masallar \u00e7o\u011fu zaman \u015fa\u015fk\u0131nl\u0131kla okuyaca\u011f\u0131n\u0131z, \u0130talyan k\u00fclt\u00fcr\u00fcne dair hi\u00e7bir yerde bulamayaca\u011f\u0131n\u0131z detaylar\u0131 i\u00e7inde bar\u0131nd\u0131r\u0131yor. Bu y\u00f6nleriyle masal t\u00fcr\u00fcn\u00fcn en ilgin\u00e7 \u00f6rneklerini bir araya getiren bu derleme, bir k\u00fclt\u00fcr\u00fc anlaman\u0131n ve ya\u015fad\u0131klar\u0131m\u0131zdan ders \u00e7\u0131karman\u0131n inceliklerini y\u0131llar \u00f6ncesinden bug\u00fcne ta\u015f\u0131yor.<\/p>\n","protected":false},"excerpt":{"rendered":"<p>E\u015feklerin kulaklar\u0131 neden uzundur? \u00d6m\u00fcr izin vermeden hayat neden bitmez? Hayvanlar\u0131n lisan\u0131n\u0131 bilmek neden \u00f6nemlidir?Mutlulu\u011fa ula\u015fmak i\u00e7in sahip olman\u0131z gerekenler nelerdir? \u0130talyan Masallar\u0131, Avrupa\u2019n\u0131n en k\u00f6kl\u00fc<span class=\"excerpt-hellip\"> [\u2026]<\/span><\/p>\n","protected":false},"featured_media":0,"template":"","meta":{"_monsterinsights_skip_tracking":false,"_monsterinsights_sitenote_active":false,"_monsterinsights_sitenote_note":"","_monsterinsights_sitenote_category":0},"product_brand":[],"product_cat":[12291,12711],"product_tag":[],"class_list":{"0":"post-721214","1":"product","2":"type-product","3":"status-publish","5":"product_cat-edebiyat","6":"product_cat-roman-oyku","7":"pa_cilt-ciltsiz","8":"pa_tur-kitap","9":"pa_yayinevi-kara-karga-yayinlari","10":"pa_yazar-thomas-f-crane","12":"first","13":"instock","14":"sale","15":"shipping-taxable","16":"purchasable","17":"product-type-simple"},"_links":{"self":[{"href":"https:\/\/roveyayinevi.com.tr\/index.php\/wp-json\/wp\/v2\/product\/721214","targetHints":{"allow":["GET"]}}],"collection":[{"href":"https:\/\/roveyayinevi.com.tr\/index.php\/wp-json\/wp\/v2\/product"}],"about":[{"href":"https:\/\/roveyayinevi.com.tr\/index.php\/wp-json\/wp\/v2\/types\/product"}],"wp:attachment":[{"href":"https:\/\/roveyayinevi.com.tr\/index.php\/wp-json\/wp\/v2\/media?parent=721214"}],"wp:term":[{"taxonomy":"product_brand","embeddable":true,"href":"https:\/\/roveyayinevi.com.tr\/index.php\/wp-json\/wp\/v2\/product_brand?post=721214"},{"taxonomy":"product_cat","embeddable":true,"href":"https:\/\/roveyayinevi.com.tr\/index.php\/wp-json\/wp\/v2\/product_cat?post=721214"},{"taxonomy":"product_tag","embeddable":true,"href":"https:\/\/roveyayinevi.com.tr\/index.php\/wp-json\/wp\/v2\/product_tag?post=721214"}],"curies":[{"name":"wp","href":"https:\/\/api.w.org\/{rel}","templated":true}]}}