{"id":721209,"date":"2025-08-27T18:47:00","date_gmt":"2025-08-27T15:47:00","guid":{"rendered":"https:\/\/roveyayinevi.com.tr\/index.php\/urun\/sevgi-canavari-son-cikolata\/"},"modified":"2025-11-06T05:38:52","modified_gmt":"2025-11-06T02:38:52","slug":"sevgi-canavari-son-cikolata","status":"publish","type":"product","link":"https:\/\/roveyayinevi.com.tr\/index.php\/urun\/sevgi-canavari-son-cikolata\/","title":{"rendered":"Sevgi Canavar\u0131 Son \u00c7ikolata"},"content":{"rendered":"<p>Kap\u0131s\u0131n\u0131n \u00f6n\u00fcnde gizemli bir kutu \u00e7ikolata bulan Sevgi Canavar\u0131 kendisini ger\u00e7ekten de \u00e7ok \u015fansl\u0131 hissediyor\u2026 Ama hayatta hi\u00e7bir \u015fey o kadar da kolay de\u011fil ne yaz\u0131k ki\u2026 Acaba Sevgi Canavar\u0131 \u00e7ikolatalar\u0131 arkada\u015flar\u0131yla m\u0131 payla\u015fsa yoksa t\u00fcm\u00fcn\u00fc kendine mi ay\u0131rsa? Zor se\u00e7imlerle kar\u015f\u0131 kar\u015f\u0131ya kalan ve do\u011fruyu tercih edenlerin ya\u015fayaca\u011f\u0131 mutlulu\u011fu anlatan, \u00e7ikolata kadar tatl\u0131 bir hik\u00e2ye.<\/p>\n","protected":false},"excerpt":{"rendered":"<p>Kap\u0131s\u0131n\u0131n \u00f6n\u00fcnde gizemli bir kutu \u00e7ikolata bulan Sevgi Canavar\u0131 kendisini ger\u00e7ekten de \u00e7ok \u015fansl\u0131 hissediyor\u2026 Ama hayatta hi\u00e7bir \u015fey o kadar da kolay de\u011fil ne yaz\u0131k<span class=\"excerpt-hellip\"> [\u2026]<\/span><\/p>\n","protected":false},"featured_media":0,"template":"","meta":{"_monsterinsights_skip_tracking":false,"_monsterinsights_sitenote_active":false,"_monsterinsights_sitenote_note":"","_monsterinsights_sitenote_category":0},"product_brand":[],"product_cat":[12913,12274],"product_tag":[],"class_list":{"0":"post-721209","1":"product","2":"type-product","3":"status-publish","5":"product_cat-3-6-yas-kitaplari","6":"product_cat-cocuk-ve-genclik-kitaplari","7":"pa_cilt-ciltsiz","8":"pa_tur-kitap","9":"pa_yayinevi-1001-cicek-kitaplar","10":"pa_yazar-rachel-bright","12":"first","13":"instock","14":"sale","15":"shipping-taxable","16":"purchasable","17":"product-type-simple"},"_links":{"self":[{"href":"https:\/\/roveyayinevi.com.tr\/index.php\/wp-json\/wp\/v2\/product\/721209","targetHints":{"allow":["GET"]}}],"collection":[{"href":"https:\/\/roveyayinevi.com.tr\/index.php\/wp-json\/wp\/v2\/product"}],"about":[{"href":"https:\/\/roveyayinevi.com.tr\/index.php\/wp-json\/wp\/v2\/types\/product"}],"wp:attachment":[{"href":"https:\/\/roveyayinevi.com.tr\/index.php\/wp-json\/wp\/v2\/media?parent=721209"}],"wp:term":[{"taxonomy":"product_brand","embeddable":true,"href":"https:\/\/roveyayinevi.com.tr\/index.php\/wp-json\/wp\/v2\/product_brand?post=721209"},{"taxonomy":"product_cat","embeddable":true,"href":"https:\/\/roveyayinevi.com.tr\/index.php\/wp-json\/wp\/v2\/product_cat?post=721209"},{"taxonomy":"product_tag","embeddable":true,"href":"https:\/\/roveyayinevi.com.tr\/index.php\/wp-json\/wp\/v2\/product_tag?post=721209"}],"curies":[{"name":"wp","href":"https:\/\/api.w.org\/{rel}","templated":true}]}}