{"id":721207,"date":"2025-08-27T18:46:58","date_gmt":"2025-08-27T15:46:58","guid":{"rendered":"https:\/\/roveyayinevi.com.tr\/index.php\/urun\/duygularimiz\/"},"modified":"2025-11-06T05:38:51","modified_gmt":"2025-11-06T02:38:51","slug":"duygularimiz","status":"publish","type":"product","link":"https:\/\/roveyayinevi.com.tr\/index.php\/urun\/duygularimiz\/","title":{"rendered":"Duygular\u0131m\u0131z"},"content":{"rendered":"<p>Bug\u00fcn nas\u0131l hissediyorsun kendini?   \u00dczg\u00fcn, mutlu, ne\u015feli, \u00f6fkeli yoksa endi\u015feli mi?   Duygular hakk\u0131nda konu\u015fmak, \u00e7ocuklar\u0131n kendi duygular\u0131n\u0131 anlamas\u0131na yard\u0131mc\u0131 olur. Duygular\u0131m\u0131z, \u00e7ocuklar\u0131n duygular\u0131yla ilgili fark\u0131ndal\u0131klar\u0131n\u0131 geli\u015ftirecek, \u00e7ocuklara duygular\u0131 tan\u0131malar\u0131 ve anlamalar\u0131 konusunda k\u0131lavuzluk edecek e\u011fitici ve e\u011flenceli bir kitap!   Duygular hakk\u0131nda merak etti\u011finiz her \u015fey bu kitapta! <\/p>\n","protected":false},"excerpt":{"rendered":"<p>Bug\u00fcn nas\u0131l hissediyorsun kendini? \u00dczg\u00fcn, mutlu, ne\u015feli, \u00f6fkeli yoksa endi\u015feli mi? Duygular hakk\u0131nda konu\u015fmak, \u00e7ocuklar\u0131n kendi duygular\u0131n\u0131 anlamas\u0131na yard\u0131mc\u0131 olur. Duygular\u0131m\u0131z, \u00e7ocuklar\u0131n duygular\u0131yla ilgili fark\u0131ndal\u0131klar\u0131n\u0131 geli\u015ftirecek,<span class=\"excerpt-hellip\"> [\u2026]<\/span><\/p>\n","protected":false},"featured_media":0,"template":"","meta":{"_monsterinsights_skip_tracking":false,"_monsterinsights_sitenote_active":false,"_monsterinsights_sitenote_note":"","_monsterinsights_sitenote_category":0},"product_brand":[],"product_cat":[12274,12284],"product_tag":[],"class_list":{"0":"post-721207","1":"product","2":"type-product","3":"status-publish","5":"product_cat-cocuk-ve-genclik-kitaplari","6":"product_cat-hikayeler","7":"pa_cilt-ciltsiz","8":"pa_tur-kitap","9":"pa_yayinevi-1001-cicek-kitaplar","10":"pa_yazar-emilie-gillet","12":"first","13":"instock","14":"sale","15":"shipping-taxable","16":"purchasable","17":"product-type-simple"},"_links":{"self":[{"href":"https:\/\/roveyayinevi.com.tr\/index.php\/wp-json\/wp\/v2\/product\/721207","targetHints":{"allow":["GET"]}}],"collection":[{"href":"https:\/\/roveyayinevi.com.tr\/index.php\/wp-json\/wp\/v2\/product"}],"about":[{"href":"https:\/\/roveyayinevi.com.tr\/index.php\/wp-json\/wp\/v2\/types\/product"}],"wp:attachment":[{"href":"https:\/\/roveyayinevi.com.tr\/index.php\/wp-json\/wp\/v2\/media?parent=721207"}],"wp:term":[{"taxonomy":"product_brand","embeddable":true,"href":"https:\/\/roveyayinevi.com.tr\/index.php\/wp-json\/wp\/v2\/product_brand?post=721207"},{"taxonomy":"product_cat","embeddable":true,"href":"https:\/\/roveyayinevi.com.tr\/index.php\/wp-json\/wp\/v2\/product_cat?post=721207"},{"taxonomy":"product_tag","embeddable":true,"href":"https:\/\/roveyayinevi.com.tr\/index.php\/wp-json\/wp\/v2\/product_tag?post=721207"}],"curies":[{"name":"wp","href":"https:\/\/api.w.org\/{rel}","templated":true}]}}