{"id":721206,"date":"2025-08-27T18:46:58","date_gmt":"2025-08-27T15:46:58","guid":{"rendered":"https:\/\/roveyayinevi.com.tr\/index.php\/urun\/eylemsiz-ask\/"},"modified":"2025-10-23T05:40:50","modified_gmt":"2025-10-23T02:40:50","slug":"eylemsiz-ask","status":"publish","type":"product","link":"https:\/\/roveyayinevi.com.tr\/index.php\/urun\/eylemsiz-ask\/","title":{"rendered":"Eylemsiz A\u015fk"},"content":{"rendered":"<p>Kefen ile gelinli\u011fin neden ayn\u0131 renk oldu\u011funa takm\u0131\u015ft\u0131m bir ara. \u00d6l\u00fcy\u00fc ve gelini aln\u0131ndan \u00f6perek u\u011furlaman\u0131n ayn\u0131 anlam i\u00e7erdi\u011fini kan\u0131ksayam\u0131yordum. \u00d6l\u00fcm\u00fc ve d\u00fc\u011f\u00fcn\u00fc ayn\u0131 anlamda harman etmek hangisine haks\u0131zl\u0131kt\u0131 acaba; \u00f6l\u00fcye mi, geline mi?Masumiyetin renginin beyaz olmas\u0131 anla\u015f\u0131labilirdi; \u00e7\u00fcnk\u00fc a\u015fk\u0131 temsil ediyordu. \u00d6l\u00fcm\u00fcn de\u011filse bile, \u00f6l\u00fcn\u00fcn renginin beyaz olmas\u0131 neyi temsil ediyordu?Sonunda cevap buldum: A\u015fk ve \u00f6l\u00fcm, i\u00e7ine girdi\u011fi bedende ayn\u0131 \u015feyi temsil ediyordu. Yeni bir hayat\u0131. Mistifiye edilmi\u015f toplumsal kurallar\u0131n do\u011fa ile \u00f6rt\u00fc\u015ft\u00fc\u011f\u00fc ger\u00e7ek sembollerinden biri, \u00f6l\u00fcy\u00fc ve gelini ayn\u0131 renkle u\u011furlamak san\u0131r\u0131m.\u0130nsan kendi durumunu anlamaya ve onu de\u011fi\u015ftirmeye muktedir olsa bile, var olan g\u00fcc\u00fcn\u00fc kullan\u0131p kullanmayaca\u011f\u0131 konusunda ba\u011f\u0131ms\u0131z de\u011fildir. Ya\u015fam\u0131\u015f olman\u0131n bedeli var etti\u011fin ge\u00e7mi\u015ftir. Yeri belli olan duyguya, haritadan yeni bir yerle\u015fim alan\u0131 kurmana engeldir ge\u00e7mi\u015f \u00e7o\u011fu zaman. Hissetti\u011fini hayatla pratik h\u00e2le getirmek, prati\u011fin hissettiklerine ters d\u00fc\u015fmesi h\u00e2linde nedeyse imk\u00e2ns\u0131zd\u0131r.  B\u00f6yle durumlarda a\u015fk kendi dilini mutlaka yarat\u0131r, do\u011fan\u0131n her duruma uygun tasvirlerinden birini burada kullanmak abart\u0131 say\u0131lmaz: Bukelamun.<\/p>\n","protected":false},"excerpt":{"rendered":"<p>Kefen ile gelinli\u011fin neden ayn\u0131 renk oldu\u011funa takm\u0131\u015ft\u0131m bir ara. \u00d6l\u00fcy\u00fc ve gelini aln\u0131ndan \u00f6perek u\u011furlaman\u0131n ayn\u0131 anlam i\u00e7erdi\u011fini kan\u0131ksayam\u0131yordum. \u00d6l\u00fcm\u00fc ve d\u00fc\u011f\u00fcn\u00fc ayn\u0131 anlamda harman<span class=\"excerpt-hellip\"> [\u2026]<\/span><\/p>\n","protected":false},"featured_media":0,"template":"","meta":{"_monsterinsights_skip_tracking":false,"_monsterinsights_sitenote_active":false,"_monsterinsights_sitenote_note":"","_monsterinsights_sitenote_category":0},"product_brand":[],"product_cat":[12777,12291],"product_tag":[],"class_list":{"0":"post-721206","1":"product","2":"type-product","3":"status-publish","5":"product_cat-deneme","6":"product_cat-edebiyat","7":"pa_cilt-ciltsiz","8":"pa_tur-kitap","9":"pa_yayinevi-favori-yayinlari","10":"pa_yazar-ali-delikkaya","12":"first","13":"instock","14":"sale","15":"shipping-taxable","16":"purchasable","17":"product-type-simple"},"_links":{"self":[{"href":"https:\/\/roveyayinevi.com.tr\/index.php\/wp-json\/wp\/v2\/product\/721206","targetHints":{"allow":["GET"]}}],"collection":[{"href":"https:\/\/roveyayinevi.com.tr\/index.php\/wp-json\/wp\/v2\/product"}],"about":[{"href":"https:\/\/roveyayinevi.com.tr\/index.php\/wp-json\/wp\/v2\/types\/product"}],"wp:attachment":[{"href":"https:\/\/roveyayinevi.com.tr\/index.php\/wp-json\/wp\/v2\/media?parent=721206"}],"wp:term":[{"taxonomy":"product_brand","embeddable":true,"href":"https:\/\/roveyayinevi.com.tr\/index.php\/wp-json\/wp\/v2\/product_brand?post=721206"},{"taxonomy":"product_cat","embeddable":true,"href":"https:\/\/roveyayinevi.com.tr\/index.php\/wp-json\/wp\/v2\/product_cat?post=721206"},{"taxonomy":"product_tag","embeddable":true,"href":"https:\/\/roveyayinevi.com.tr\/index.php\/wp-json\/wp\/v2\/product_tag?post=721206"}],"curies":[{"name":"wp","href":"https:\/\/api.w.org\/{rel}","templated":true}]}}