{"id":721205,"date":"2025-08-27T18:46:57","date_gmt":"2025-08-27T15:46:57","guid":{"rendered":"https:\/\/roveyayinevi.com.tr\/index.php\/urun\/dilsiz\/"},"modified":"2026-02-03T02:43:31","modified_gmt":"2026-02-02T23:43:31","slug":"dilsiz","status":"publish","type":"product","link":"https:\/\/roveyayinevi.com.tr\/index.php\/urun\/dilsiz\/","title":{"rendered":"Dilsiz"},"content":{"rendered":"<p>E\u015fi benzeri g\u00f6r\u00fclmemi\u015f vah\u015fi bir cinayetin neredeyse birebir ayn\u0131s\u0131 y\u0131llar sonra tekrar i\u015flenmi\u015ftir; ancak ilk cinayeti i\u015fleyen katil hala cezaevindedir.Ba\u015fkomser Ak\u0131n ve ekibi olay\u0131 incelemeye ba\u015flay\u0131nca deh\u015fet i\u00e7inde kal\u0131rlar..Psikopat bir seri katil, ac\u0131mas\u0131z bir tetik\u00e7i ve karmakar\u0131\u015f\u0131k olaylar yuma\u011f\u0131&#8230;Hipnoz ve Kabus serisinin \u00fc\u00e7\u00fcnc\u00fc kitab\u0131n\u0131 deh\u015fet i\u00e7inde ve soluk solu\u011fa okuyacaks\u0131n\u0131z..<\/p>\n","protected":false},"excerpt":{"rendered":"<p>E\u015fi benzeri g\u00f6r\u00fclmemi\u015f vah\u015fi bir cinayetin neredeyse birebir ayn\u0131s\u0131 y\u0131llar sonra tekrar i\u015flenmi\u015ftir; ancak ilk cinayeti i\u015fleyen katil hala cezaevindedir.Ba\u015fkomser Ak\u0131n ve ekibi olay\u0131 incelemeye ba\u015flay\u0131nca<span class=\"excerpt-hellip\"> [\u2026]<\/span><\/p>\n","protected":false},"featured_media":0,"template":"","meta":{"_monsterinsights_skip_tracking":false,"_monsterinsights_sitenote_active":false,"_monsterinsights_sitenote_note":"","_monsterinsights_sitenote_category":0},"product_brand":[],"product_cat":[12291,12711],"product_tag":[],"class_list":{"0":"post-721205","1":"product","2":"type-product","3":"status-publish","5":"product_cat-edebiyat","6":"product_cat-roman-oyku","7":"pa_cilt-ciltsiz","8":"pa_tur-kitap","9":"pa_yayinevi-favori-yayinlari","10":"pa_yazar-a-emin-tolga","12":"first","13":"instock","14":"sale","15":"shipping-taxable","16":"purchasable","17":"product-type-simple"},"_links":{"self":[{"href":"https:\/\/roveyayinevi.com.tr\/index.php\/wp-json\/wp\/v2\/product\/721205","targetHints":{"allow":["GET"]}}],"collection":[{"href":"https:\/\/roveyayinevi.com.tr\/index.php\/wp-json\/wp\/v2\/product"}],"about":[{"href":"https:\/\/roveyayinevi.com.tr\/index.php\/wp-json\/wp\/v2\/types\/product"}],"wp:attachment":[{"href":"https:\/\/roveyayinevi.com.tr\/index.php\/wp-json\/wp\/v2\/media?parent=721205"}],"wp:term":[{"taxonomy":"product_brand","embeddable":true,"href":"https:\/\/roveyayinevi.com.tr\/index.php\/wp-json\/wp\/v2\/product_brand?post=721205"},{"taxonomy":"product_cat","embeddable":true,"href":"https:\/\/roveyayinevi.com.tr\/index.php\/wp-json\/wp\/v2\/product_cat?post=721205"},{"taxonomy":"product_tag","embeddable":true,"href":"https:\/\/roveyayinevi.com.tr\/index.php\/wp-json\/wp\/v2\/product_tag?post=721205"}],"curies":[{"name":"wp","href":"https:\/\/api.w.org\/{rel}","templated":true}]}}