{"id":721201,"date":"2025-08-27T18:46:53","date_gmt":"2025-08-27T15:46:53","guid":{"rendered":"https:\/\/roveyayinevi.com.tr\/index.php\/urun\/the-book-of-m-kiyamet-basliyor-ciltli\/"},"modified":"2026-04-16T02:29:17","modified_gmt":"2026-04-15T23:29:17","slug":"the-book-of-m-kiyamet-basliyor-ciltli","status":"publish","type":"product","link":"https:\/\/roveyayinevi.com.tr\/index.php\/urun\/the-book-of-m-kiyamet-basliyor-ciltli\/","title":{"rendered":"The Book Of M &#8211; K\u0131yamet Ba\u015fl\u0131yor (Ciltli)"},"content":{"rendered":"<p>Do\u011fa\u00fcst\u00fc bir felaketin h\u00fck\u00fcm s\u00fcrd\u00fc\u011f\u00fc bir d\u00fcnyada ge\u00e7en The Book of M, sevdikleri-ni kurtarabilmek i\u00e7in her \u015feyini feda etmek zorunda kalan bir grup insan\u0131n etkileyici hik\u00e2yesini konu ediniyor. Bir ak\u015fam\u00fcst\u00fc, Hindistan\u2019da ak\u0131llara durgunluk veren bir olay ya\u015fan\u0131r. S\u0131radan bir adam g\u00f6l-gesini kaybeder ve bu olay t\u00fcm d\u00fcnyaya yay\u0131l-maya ba\u015flar. G\u00f6lgelerini kaybedenler yepyeni g\u00fc\u00e7lere kavu\u015fsalar da bunun kar\u015f\u0131l\u0131\u011f\u0131nda ciddi bir bedel \u00f6demek zorundad\u0131rlar: B\u00fct\u00fcn hat\u0131ra-lar\u0131n\u0131 kaybetmek.Ory ve kar\u0131s\u0131 Max, orman\u0131n derinliklerinde terk edilmi\u015f bir otele s\u0131\u011f\u0131narak \u015fimdiye ka-dar Unutu\u015f\u2019tan ka\u00e7may\u0131 ba\u015farm\u0131\u015flard\u0131r. Ama bir g\u00fcn ya\u015fad\u0131klar\u0131 beklenmedik bir olay, t\u00fcm planlar\u0131n\u0131 alt\u00fcst eder. Ory ve Max\u2019i olduk\u00e7a tehlikeli bir yolculuk beklemektedir\u201cBu kitap b\u00fcy\u00fck bir \u00f6zenle haz\u0131rlanm\u0131\u015f, d\u00fcn-yan\u0131n sonunu anlatan bir gerilim roman\u0131\u2026 Shepherd\u2019\u0131n beklenmedik geli\u015fmelerle okuru \u015fa\u015f\u0131rtt\u0131\u011f\u0131 ve an\u0131lar\u0131m\u0131z\u0131n ne kadar de\u011ferli oldu-\u011funu bize ustal\u0131kla anlatt\u0131\u011f\u0131 The Book of M, ol-duk\u00e7a \u00e7arp\u0131c\u0131 ve yarat\u0131c\u0131 bir dille yaz\u0131lm\u0131\u015f.\u201d   -USA Today <\/p>\n","protected":false},"excerpt":{"rendered":"<p>Do\u011fa\u00fcst\u00fc bir felaketin h\u00fck\u00fcm s\u00fcrd\u00fc\u011f\u00fc bir d\u00fcnyada ge\u00e7en The Book of M, sevdikleri-ni kurtarabilmek i\u00e7in her \u015feyini feda etmek zorunda kalan bir grup insan\u0131n etkileyici hik\u00e2yesini<span class=\"excerpt-hellip\"> [\u2026]<\/span><\/p>\n","protected":false},"featured_media":0,"template":"","meta":{"_monsterinsights_skip_tracking":false,"_monsterinsights_sitenote_active":false,"_monsterinsights_sitenote_note":"","_monsterinsights_sitenote_category":0},"product_brand":[],"product_cat":[12291,14777],"product_tag":[],"class_list":{"0":"post-721201","1":"product","2":"type-product","3":"status-publish","5":"product_cat-edebiyat","6":"product_cat-fantastik","7":"pa_cilt-ciltli","8":"pa_tur-kitap","9":"pa_yayinevi-ephesus-yayinlari","10":"pa_yazar-peng-shepherd","12":"first","13":"instock","14":"sale","15":"shipping-taxable","16":"purchasable","17":"product-type-simple"},"_links":{"self":[{"href":"https:\/\/roveyayinevi.com.tr\/index.php\/wp-json\/wp\/v2\/product\/721201","targetHints":{"allow":["GET"]}}],"collection":[{"href":"https:\/\/roveyayinevi.com.tr\/index.php\/wp-json\/wp\/v2\/product"}],"about":[{"href":"https:\/\/roveyayinevi.com.tr\/index.php\/wp-json\/wp\/v2\/types\/product"}],"wp:attachment":[{"href":"https:\/\/roveyayinevi.com.tr\/index.php\/wp-json\/wp\/v2\/media?parent=721201"}],"wp:term":[{"taxonomy":"product_brand","embeddable":true,"href":"https:\/\/roveyayinevi.com.tr\/index.php\/wp-json\/wp\/v2\/product_brand?post=721201"},{"taxonomy":"product_cat","embeddable":true,"href":"https:\/\/roveyayinevi.com.tr\/index.php\/wp-json\/wp\/v2\/product_cat?post=721201"},{"taxonomy":"product_tag","embeddable":true,"href":"https:\/\/roveyayinevi.com.tr\/index.php\/wp-json\/wp\/v2\/product_tag?post=721201"}],"curies":[{"name":"wp","href":"https:\/\/api.w.org\/{rel}","templated":true}]}}