{"id":721198,"date":"2025-08-27T18:46:50","date_gmt":"2025-08-27T15:46:50","guid":{"rendered":"https:\/\/roveyayinevi.com.tr\/index.php\/urun\/veda-caddesi-cevf\/"},"modified":"2026-04-16T02:29:17","modified_gmt":"2026-04-15T23:29:17","slug":"veda-caddesi-cevf","status":"publish","type":"product","link":"https:\/\/roveyayinevi.com.tr\/index.php\/urun\/veda-caddesi-cevf\/","title":{"rendered":"Veda Caddesi ;Cevf"},"content":{"rendered":"<p>Yeni bir hayat ba\u015fl\u0131yor, her g\u00fcn yeniden \u00f6lebilmek i\u00e7in. Ad\u0131mlar\u0131 onu daha \u00f6nce hi\u00e7 bilmedi\u011fi bir cad-denin ba\u015f\u0131na itti ve bileklerinden ba\u015flay\u0131p kal-binin orta yerine kadar o caddenin kald\u0131r\u0131mla-r\u0131na kelep\u00e7elendi. \u0130lk endi\u015fe bedenine, ilk ac\u0131 kalbinin rahmine d\u00fc\u015ft\u00fc. Sanc\u0131lardan yo\u011frul-mu\u015f ruhu, b\u00f6ylesi bir ate\u015fe ilk kez tan\u0131kl\u0131k etti. Yer ve g\u00f6k yer de\u011fi\u015ftirdi, g\u00fcne\u015f s\u00f6nd\u00fc, r\u00fczg\u00e2r delicesine esti ve ad\u0131mlar\u0131n\u0131n alt\u0131ndaki zemin kayarak onu bamba\u015fka bir d\u00fcnyaya hapsetti. Her \u015fey bu karanl\u0131k gecenin \u00e7\u0131kmaz soka\u011f\u0131nda meydana geldi. G\u00f6\u011f\u00fcn g\u00f6\u011fs\u00fcnde bir kamer be-lirdi, onun k\u00f6rle\u015fmi\u015f y\u00fcre\u011fine sanki bir pusula gibi \u0131\u015f\u0131k oldu, y\u00f6n oldu, can oldu. Ad\u0131mlar\u0131 h\u0131zland\u0131; elini, t\u00f6kezleyen kalbinin \u00fczerine koydu. Oras\u0131, evet, tam da oras\u0131 ac\u0131yor-du. Y\u0131llard\u0131r kalbinin de\u011fi\u015fmeyen, oray\u0131 yuva diye \u00f6\u011freten duygusuna yenilmemek i\u00e7in de-rin bir nefes ald\u0131. Bu seferki kuvvetli, \u015fiddetli ve \u00f6fkeliydi. \u201cBir kere d\u00fc\u015ft\u00fcn yoluma, \u00f6ylece gidemezsin. Hayat seni b\u0131rakt\u0131 avu\u00e7lar\u0131ma, tutmazsan d\u00fc\u015fersin. Ya\u015fanacak \u00e7ok \u015fey var. \u00c7\u00fcnk\u00fc bu-ras\u0131 Veda Caddesi, \u00e7\u00fcnk\u00fc burada her veda bir merhabayla ba\u015flar.\u2019\u2019 <\/p>\n","protected":false},"excerpt":{"rendered":"<p>Yeni bir hayat ba\u015fl\u0131yor, her g\u00fcn yeniden \u00f6lebilmek i\u00e7in. Ad\u0131mlar\u0131 onu daha \u00f6nce hi\u00e7 bilmedi\u011fi bir cad-denin ba\u015f\u0131na itti ve bileklerinden ba\u015flay\u0131p kal-binin orta yerine kadar<span class=\"excerpt-hellip\"> [\u2026]<\/span><\/p>\n","protected":false},"featured_media":0,"template":"","meta":{"_monsterinsights_skip_tracking":false,"_monsterinsights_sitenote_active":false,"_monsterinsights_sitenote_note":"","_monsterinsights_sitenote_category":0},"product_brand":[],"product_cat":[14643,12291],"product_tag":[],"class_list":{"0":"post-721198","1":"product","2":"type-product","3":"status-publish","5":"product_cat-ask","6":"product_cat-edebiyat","7":"pa_cilt-ciltsiz","8":"pa_tur-kitap","9":"pa_yayinevi-ephesus-yayinlari","10":"pa_yazar-sumeyye-demirkan","12":"first","13":"instock","14":"sale","15":"shipping-taxable","16":"purchasable","17":"product-type-simple"},"_links":{"self":[{"href":"https:\/\/roveyayinevi.com.tr\/index.php\/wp-json\/wp\/v2\/product\/721198","targetHints":{"allow":["GET"]}}],"collection":[{"href":"https:\/\/roveyayinevi.com.tr\/index.php\/wp-json\/wp\/v2\/product"}],"about":[{"href":"https:\/\/roveyayinevi.com.tr\/index.php\/wp-json\/wp\/v2\/types\/product"}],"wp:attachment":[{"href":"https:\/\/roveyayinevi.com.tr\/index.php\/wp-json\/wp\/v2\/media?parent=721198"}],"wp:term":[{"taxonomy":"product_brand","embeddable":true,"href":"https:\/\/roveyayinevi.com.tr\/index.php\/wp-json\/wp\/v2\/product_brand?post=721198"},{"taxonomy":"product_cat","embeddable":true,"href":"https:\/\/roveyayinevi.com.tr\/index.php\/wp-json\/wp\/v2\/product_cat?post=721198"},{"taxonomy":"product_tag","embeddable":true,"href":"https:\/\/roveyayinevi.com.tr\/index.php\/wp-json\/wp\/v2\/product_tag?post=721198"}],"curies":[{"name":"wp","href":"https:\/\/api.w.org\/{rel}","templated":true}]}}