{"id":721183,"date":"2025-08-27T18:46:38","date_gmt":"2025-08-27T15:46:38","guid":{"rendered":"https:\/\/roveyayinevi.com.tr\/index.php\/urun\/kul-ve-kan-ciltli\/"},"modified":"2026-04-16T02:29:17","modified_gmt":"2026-04-15T23:29:17","slug":"kul-ve-kan-ciltli","status":"publish","type":"product","link":"https:\/\/roveyayinevi.com.tr\/index.php\/urun\/kul-ve-kan-ciltli\/","title":{"rendered":"K\u00fcl ve Kan (Ciltli)"},"content":{"rendered":"<p>\u201cCanavarlar, ancak kend\u0130ler\u0130ne hayat veren h\u0130k\u00e2yeler kadar ger\u00e7ekt\u0130r\u2026\u201d   Audrey Rose, Londra\u2019da ba\u015f\u0131na gelen deh-\u015fet verici olaylar\u0131n etkisinden hen\u00fcz \u00e7\u0131ka-mam\u0131\u015ft\u0131r. Hayat\u0131ndaki de\u011fi\u015fimlerle y\u00fcz-le\u015fmeye f\u0131rsat bulamadan kendini yeni bir maceran\u0131n i\u00e7inde bulur. Yeni arkada-\u015f\u0131 Thomas\u2019la adli t\u0131p e\u011fitimi almak i\u00e7in Romanya\u2019ya do\u011fru bir yolculu\u011fa \u00e7\u0131karlar. Ancak korku dolu ge\u00e7mi\u015fi, gelece\u011fini \u015fekil-lendirmek isteyen gen\u00e7 k\u0131z\u0131n pe\u015fini bir t\u00fcr-l\u00fc b\u0131rakmaz&#8230; \u201cTarihsel kurgu, romantizm, adli t\u0131p, cesur bir kad\u0131n kahraman, ak\u0131c\u0131 bir hik\u00e2ye, cina-yetler silsilesi ve tarihi \u00e7izimleri bir kitapta bulu\u015fturan Maniscalco, okuru, kana bulan-m\u0131\u015f romantik bir ili\u015fkinin i\u00e7ine \u00e7ekiyor.\u201d -Booklist \u201c\u0130lk kitab\u0131 okuyanlar, bu muhte\u015fem ikiliyle yeniden bulu\u015fmaktan b\u00fcy\u00fck keyif alacaklar. 1888 y\u0131l\u0131n\u0131n esrarengiz Gotik atmosferini ya\u015fatan hik\u00e2ye, okura romantik \u00f6gelerle be-zenmi\u015f bir d\u00fcnya sunuyor.\u201d School Library Connection <\/p>\n","protected":false},"excerpt":{"rendered":"<p>\u201cCanavarlar, ancak kend\u0130ler\u0130ne hayat veren h\u0130k\u00e2yeler kadar ger\u00e7ekt\u0130r\u2026\u201d Audrey Rose, Londra\u2019da ba\u015f\u0131na gelen deh-\u015fet verici olaylar\u0131n etkisinden hen\u00fcz \u00e7\u0131ka-mam\u0131\u015ft\u0131r. Hayat\u0131ndaki de\u011fi\u015fimlerle y\u00fcz-le\u015fmeye f\u0131rsat bulamadan kendini yeni<span class=\"excerpt-hellip\"> [\u2026]<\/span><\/p>\n","protected":false},"featured_media":0,"template":"","meta":{"_monsterinsights_skip_tracking":false,"_monsterinsights_sitenote_active":false,"_monsterinsights_sitenote_note":"","_monsterinsights_sitenote_category":0},"product_brand":[],"product_cat":[12291,12711],"product_tag":[],"class_list":{"0":"post-721183","1":"product","2":"type-product","3":"status-publish","5":"product_cat-edebiyat","6":"product_cat-roman-oyku","7":"pa_cilt-ciltli","8":"pa_tur-kitap","9":"pa_yayinevi-ephesus-yayinlari","10":"pa_yazar-kerri-maniscalco","12":"first","13":"instock","14":"sale","15":"shipping-taxable","16":"purchasable","17":"product-type-simple"},"_links":{"self":[{"href":"https:\/\/roveyayinevi.com.tr\/index.php\/wp-json\/wp\/v2\/product\/721183","targetHints":{"allow":["GET"]}}],"collection":[{"href":"https:\/\/roveyayinevi.com.tr\/index.php\/wp-json\/wp\/v2\/product"}],"about":[{"href":"https:\/\/roveyayinevi.com.tr\/index.php\/wp-json\/wp\/v2\/types\/product"}],"wp:attachment":[{"href":"https:\/\/roveyayinevi.com.tr\/index.php\/wp-json\/wp\/v2\/media?parent=721183"}],"wp:term":[{"taxonomy":"product_brand","embeddable":true,"href":"https:\/\/roveyayinevi.com.tr\/index.php\/wp-json\/wp\/v2\/product_brand?post=721183"},{"taxonomy":"product_cat","embeddable":true,"href":"https:\/\/roveyayinevi.com.tr\/index.php\/wp-json\/wp\/v2\/product_cat?post=721183"},{"taxonomy":"product_tag","embeddable":true,"href":"https:\/\/roveyayinevi.com.tr\/index.php\/wp-json\/wp\/v2\/product_tag?post=721183"}],"curies":[{"name":"wp","href":"https:\/\/api.w.org\/{rel}","templated":true}]}}