{"id":721181,"date":"2025-08-27T18:46:36","date_gmt":"2025-08-27T15:46:36","guid":{"rendered":"https:\/\/roveyayinevi.com.tr\/index.php\/urun\/omrun-ote-yuzu\/"},"modified":"2026-04-16T02:29:17","modified_gmt":"2026-04-15T23:29:17","slug":"omrun-ote-yuzu","status":"publish","type":"product","link":"https:\/\/roveyayinevi.com.tr\/index.php\/urun\/omrun-ote-yuzu\/","title":{"rendered":"\u00d6mr\u00fcn \u00d6te Y\u00fcz\u00fc"},"content":{"rendered":"<p>\u2018\u2018Bazen bir saat \u00e7oktur birini tan\u0131maya, birine \u00f6m\u00fcr yetmez&#8230;   Manolyalar kokland\u0131\u011f\u0131nda nas\u0131l karar\u0131rsa a\u015fk da \u00f6yledir. Nas\u0131l bir yaban at\u0131n\u0131n ci\u011ferleri t\u0131ka basa \u00f6zg\u00fcrl\u00fckse a\u015fk\u0131n da \u00f6yledir.   \u00d6yle yaman bir r\u00fczg\u00e2rd\u0131r ki a\u015fk&#8230;\u2019\u2019 <\/p>\n","protected":false},"excerpt":{"rendered":"<p>\u2018\u2018Bazen bir saat \u00e7oktur birini tan\u0131maya, birine \u00f6m\u00fcr yetmez&#8230; Manolyalar kokland\u0131\u011f\u0131nda nas\u0131l karar\u0131rsa a\u015fk da \u00f6yledir. Nas\u0131l bir yaban at\u0131n\u0131n ci\u011ferleri t\u0131ka basa \u00f6zg\u00fcrl\u00fckse a\u015fk\u0131n da<span class=\"excerpt-hellip\"> [\u2026]<\/span><\/p>\n","protected":false},"featured_media":0,"template":"","meta":{"_monsterinsights_skip_tracking":false,"_monsterinsights_sitenote_active":false,"_monsterinsights_sitenote_note":"","_monsterinsights_sitenote_category":0},"product_brand":[],"product_cat":[12291,12509],"product_tag":[],"class_list":{"0":"post-721181","1":"product","2":"type-product","3":"status-publish","5":"product_cat-edebiyat","6":"product_cat-siir","7":"pa_cilt-ciltsiz","8":"pa_tur-kitap","9":"pa_yayinevi-favori-yayinlari","10":"pa_yazar-filiz-beduk","12":"first","13":"instock","14":"sale","15":"shipping-taxable","16":"purchasable","17":"product-type-simple"},"_links":{"self":[{"href":"https:\/\/roveyayinevi.com.tr\/index.php\/wp-json\/wp\/v2\/product\/721181","targetHints":{"allow":["GET"]}}],"collection":[{"href":"https:\/\/roveyayinevi.com.tr\/index.php\/wp-json\/wp\/v2\/product"}],"about":[{"href":"https:\/\/roveyayinevi.com.tr\/index.php\/wp-json\/wp\/v2\/types\/product"}],"wp:attachment":[{"href":"https:\/\/roveyayinevi.com.tr\/index.php\/wp-json\/wp\/v2\/media?parent=721181"}],"wp:term":[{"taxonomy":"product_brand","embeddable":true,"href":"https:\/\/roveyayinevi.com.tr\/index.php\/wp-json\/wp\/v2\/product_brand?post=721181"},{"taxonomy":"product_cat","embeddable":true,"href":"https:\/\/roveyayinevi.com.tr\/index.php\/wp-json\/wp\/v2\/product_cat?post=721181"},{"taxonomy":"product_tag","embeddable":true,"href":"https:\/\/roveyayinevi.com.tr\/index.php\/wp-json\/wp\/v2\/product_tag?post=721181"}],"curies":[{"name":"wp","href":"https:\/\/api.w.org\/{rel}","templated":true}]}}