{"id":721179,"date":"2025-08-27T18:46:34","date_gmt":"2025-08-27T15:46:34","guid":{"rendered":"https:\/\/roveyayinevi.com.tr\/index.php\/urun\/goriot-baba-ciltli\/"},"modified":"2026-04-16T02:29:17","modified_gmt":"2026-04-15T23:29:17","slug":"goriot-baba-ciltli","status":"publish","type":"product","link":"https:\/\/roveyayinevi.com.tr\/index.php\/urun\/goriot-baba-ciltli\/","title":{"rendered":"Goriot Baba (Ciltli)"},"content":{"rendered":"<p>Frans\u0131z edebiyat\u0131n\u0131n en \u00f6nemli isimlerinden biri olan Balzac, ayn\u0131 zamanda en b\u00fcy\u00fck realist yazarlardan biridir.1834\u2019te yay\u0131mlanan ve ger\u00e7ek\u00e7ili\u011fin ba\u015f roman\u0131 olarak kabul edilen Goriot Baba da, Balzac\u2019\u0131n neden edebiyat devleri aras\u0131nda an\u0131ld\u0131\u011f\u0131n\u0131n delili say\u0131lacak mahiyettedir.Onun i\u00e7in s\u00f6ylenen \u201cRoman\u0131n Shakespeare\u201di ifadesi pek de abart\u0131l\u0131 bir ifade say\u0131lmaz.\u201cSizler, yumu\u015fak bir koltu\u011fa g\u00f6m\u00fcl\u00fcp bu kitab\u0131 beyaz ellerinde tutan ve kendi kendine \u201cBelki bana ho\u015f\u00e7a vakit ge\u00e7irtir\u201d diye d\u00fc\u015f\u00fcnen sizler, b\u00f6yle yapacaks\u0131n\u0131z i\u015fte.Goriot Baba\u2019n\u0131n gizli ac\u0131lar\u0131n\u0131 okuduktan sonra duyars\u0131zl\u0131\u011f\u0131n\u0131z\u0131n faturas\u0131n\u0131, abartmak ve \u015fairane davranmak- la su\u00e7lad\u0131\u011f\u0131n\u0131z yazara \u00e7\u0131kar\u0131p i\u015ftahla yeme\u011finizi yiyeceksiniz.Ah! \u015eunu bilin ki, bu dram ne bir kurgu ne de bir romand\u0131r. All is true, ger\u00e7e\u011fin ta kendisidir ve herkes bu t\u00fcr \u015feylere kendi hayat\u0131nda da rastlar, belki y\u00fcre\u011finin bir k\u00f6\u015feci\u011finde bulur da&#8230; \u201d<\/p>\n","protected":false},"excerpt":{"rendered":"<p>Frans\u0131z edebiyat\u0131n\u0131n en \u00f6nemli isimlerinden biri olan Balzac, ayn\u0131 zamanda en b\u00fcy\u00fck realist yazarlardan biridir.1834\u2019te yay\u0131mlanan ve ger\u00e7ek\u00e7ili\u011fin ba\u015f roman\u0131 olarak kabul edilen Goriot Baba da,<span class=\"excerpt-hellip\"> [\u2026]<\/span><\/p>\n","protected":false},"featured_media":0,"template":"","meta":{"_monsterinsights_skip_tracking":false,"_monsterinsights_sitenote_active":false,"_monsterinsights_sitenote_note":"","_monsterinsights_sitenote_category":0},"product_brand":[],"product_cat":[12291,13376],"product_tag":[],"class_list":{"0":"post-721179","1":"product","2":"type-product","3":"status-publish","5":"product_cat-edebiyat","6":"product_cat-fransiz-edebiyati","7":"pa_cilt-ciltli","8":"pa_tur-kitap","9":"pa_yayinevi-otuken-nesriyat","10":"pa_yazar-honore-de-balzac","12":"first","13":"instock","14":"sale","15":"shipping-taxable","16":"purchasable","17":"product-type-simple"},"_links":{"self":[{"href":"https:\/\/roveyayinevi.com.tr\/index.php\/wp-json\/wp\/v2\/product\/721179","targetHints":{"allow":["GET"]}}],"collection":[{"href":"https:\/\/roveyayinevi.com.tr\/index.php\/wp-json\/wp\/v2\/product"}],"about":[{"href":"https:\/\/roveyayinevi.com.tr\/index.php\/wp-json\/wp\/v2\/types\/product"}],"wp:attachment":[{"href":"https:\/\/roveyayinevi.com.tr\/index.php\/wp-json\/wp\/v2\/media?parent=721179"}],"wp:term":[{"taxonomy":"product_brand","embeddable":true,"href":"https:\/\/roveyayinevi.com.tr\/index.php\/wp-json\/wp\/v2\/product_brand?post=721179"},{"taxonomy":"product_cat","embeddable":true,"href":"https:\/\/roveyayinevi.com.tr\/index.php\/wp-json\/wp\/v2\/product_cat?post=721179"},{"taxonomy":"product_tag","embeddable":true,"href":"https:\/\/roveyayinevi.com.tr\/index.php\/wp-json\/wp\/v2\/product_tag?post=721179"}],"curies":[{"name":"wp","href":"https:\/\/api.w.org\/{rel}","templated":true}]}}