{"id":721176,"date":"2025-08-27T18:46:32","date_gmt":"2025-08-27T15:46:32","guid":{"rendered":"https:\/\/roveyayinevi.com.tr\/index.php\/urun\/buyulu-zindan-fener-adasi-maceralari-3\/"},"modified":"2026-04-11T13:48:01","modified_gmt":"2026-04-11T10:48:01","slug":"buyulu-zindan-fener-adasi-maceralari-3","status":"publish","type":"product","link":"https:\/\/roveyayinevi.com.tr\/index.php\/urun\/buyulu-zindan-fener-adasi-maceralari-3\/","title":{"rendered":"B\u00fcy\u00fcl\u00fc Zindan &#8211; Fener Adas\u0131 Maceralar\u0131 3"},"content":{"rendered":"<p>\u201cB\u00fcy\u00fc dedi\u011fin \u015fey, en beklemedi\u011fin anda kar\u015f\u0131na \u00e7\u0131kand\u0131r. \u00d6nemli olan onunla nas\u0131l ba\u015fa \u00e7\u0131kaca\u011f\u0131n\u0131 \u00f6\u011frenmek de\u011fil, onunla nas\u0131l arkada\u015f olaca\u011f\u0131n\u0131 \u00f6\u011frenebilmektir.\u201dFener Adas\u0131\u2019ndan \u00e7\u0131kt\u0131ktan sonra deniz alt\u0131 \u015fehri Oathria ve denizi ke\u015ffeden kahramanlar\u0131m\u0131z, fikir ayr\u0131l\u0131\u011f\u0131na d\u00fc\u015ferek iki ayr\u0131 ekip h\u00e2linde farkl\u0131 yollara ayr\u0131lm\u0131\u015ft\u0131.Demir, Fener Adas\u0131&#8217;n\u0131n s\u0131rlar\u0131n\u0131 ke\u015ffetmeye ba\u015fl\u0131yor. Ba\u015fkan\u2019\u0131n ve onlar\u0131 i\u00e7eride bunca sene hapis tutmu\u015f kararlar\u0131n nedenleri yava\u015f yava\u015f g\u00fcn \u0131\u015f\u0131\u011f\u0131na \u00e7\u0131k\u0131yor.Kafka ile Luna, Fener Adas\u0131&#8217;na d\u00f6nmek i\u00e7in yola \u00e7\u0131kan ekibe yeti\u015fmeye karar veriyorlar. Bir yandan da ekibin geri kalan\u0131 ile \u015fa\u015f\u0131rt\u0131c\u0131 ve korkun\u00e7 ada sakinlerinin planlar\u0131ndan kurtulmaya \u00e7al\u0131\u015f\u0131yorlar.Bu kitapta kahramanlar\u0131m\u0131z\u0131 yine a\u015f\u0131lmas\u0131 zor \u015fartlar, gizemli adalar ve b\u00fcy\u00fcl\u00fc kap\u0131lar bekliyor.Heyecan dolu s\u0131rad\u0131\u015f\u0131 macera kald\u0131\u011f\u0131 yerden devam ediyor&#8230;<\/p>\n","protected":false},"excerpt":{"rendered":"<p>\u201cB\u00fcy\u00fc dedi\u011fin \u015fey, en beklemedi\u011fin anda kar\u015f\u0131na \u00e7\u0131kand\u0131r. \u00d6nemli olan onunla nas\u0131l ba\u015fa \u00e7\u0131kaca\u011f\u0131n\u0131 \u00f6\u011frenmek de\u011fil, onunla nas\u0131l arkada\u015f olaca\u011f\u0131n\u0131 \u00f6\u011frenebilmektir.\u201dFener Adas\u0131\u2019ndan \u00e7\u0131kt\u0131ktan sonra deniz alt\u0131<span class=\"excerpt-hellip\"> [\u2026]<\/span><\/p>\n","protected":false},"featured_media":0,"template":"","meta":{"_monsterinsights_skip_tracking":false,"_monsterinsights_sitenote_active":false,"_monsterinsights_sitenote_note":"","_monsterinsights_sitenote_category":0},"product_brand":[],"product_cat":[12274,12284],"product_tag":[],"class_list":{"0":"post-721176","1":"product","2":"type-product","3":"status-publish","5":"product_cat-cocuk-ve-genclik-kitaplari","6":"product_cat-hikayeler","7":"pa_cilt-ciltsiz","8":"pa_tur-kitap","9":"pa_yayinevi-genc-hayat","10":"pa_yazar-zumrut-tanrioven","12":"first","13":"instock","14":"sale","15":"shipping-taxable","16":"purchasable","17":"product-type-simple"},"_links":{"self":[{"href":"https:\/\/roveyayinevi.com.tr\/index.php\/wp-json\/wp\/v2\/product\/721176","targetHints":{"allow":["GET"]}}],"collection":[{"href":"https:\/\/roveyayinevi.com.tr\/index.php\/wp-json\/wp\/v2\/product"}],"about":[{"href":"https:\/\/roveyayinevi.com.tr\/index.php\/wp-json\/wp\/v2\/types\/product"}],"wp:attachment":[{"href":"https:\/\/roveyayinevi.com.tr\/index.php\/wp-json\/wp\/v2\/media?parent=721176"}],"wp:term":[{"taxonomy":"product_brand","embeddable":true,"href":"https:\/\/roveyayinevi.com.tr\/index.php\/wp-json\/wp\/v2\/product_brand?post=721176"},{"taxonomy":"product_cat","embeddable":true,"href":"https:\/\/roveyayinevi.com.tr\/index.php\/wp-json\/wp\/v2\/product_cat?post=721176"},{"taxonomy":"product_tag","embeddable":true,"href":"https:\/\/roveyayinevi.com.tr\/index.php\/wp-json\/wp\/v2\/product_tag?post=721176"}],"curies":[{"name":"wp","href":"https:\/\/api.w.org\/{rel}","templated":true}]}}