{"id":721174,"date":"2025-08-27T18:46:30","date_gmt":"2025-08-27T15:46:30","guid":{"rendered":"https:\/\/roveyayinevi.com.tr\/index.php\/urun\/kendine-bir-iyilik-yap\/"},"modified":"2026-04-11T13:48:01","modified_gmt":"2026-04-11T10:48:01","slug":"kendine-bir-iyilik-yap","status":"publish","type":"product","link":"https:\/\/roveyayinevi.com.tr\/index.php\/urun\/kendine-bir-iyilik-yap\/","title":{"rendered":"Kendine Bir \u0130yilik Yap"},"content":{"rendered":"<p>\u201cHer harika g\u00fcl\u00fc\u015f derin bir ac\u0131n\u0131n miras\u0131d\u0131r\u201dG\u00fczellikleri, iyilikleri hep bir kenara b\u0131rakt\u0131k; ac\u0131larla, \u00fcz\u00fcnt\u00fclerle dolduruyoruz y\u00fcre\u011fimizdeki resimleri.Hep siyah ve gri renkler kullan\u0131yoruz.G\u00fczel d\u00fc\u015f\u00fcnmek g\u00fczel ya\u015famak i\u00e7in kendimizi ve s\u0131n\u0131rlar\u0131m\u0131z\u0131 zorlamam\u0131z gerekti\u011fini bir t\u00fcrl\u00fc anlayam\u0131yoruz.G\u00fczellikleri ve iyilikleri hi\u00e7bir \u00e7aba ve gayret g\u00f6stermeden aya\u011f\u0131m\u0131za kadar zahmetsiz gelecek san\u0131yoruz. Oysa kocaman bir yan\u0131lg\u0131 i\u00e7indeyiz.\u0130yi ya\u015famak ve mutlu olmak sadece zenginlikle a\u00e7\u0131klanacak kavramlar de\u011fil.\u0130yi ve mutlu ya\u015famak hangi \u015fartta ve durumda olunursa olunsun, o \u00e2n\u0131n tad\u0131na varmakt\u0131r.Unutmay\u0131n ki tek hayat\u0131m\u0131z ve bombo\u015f bir tuvalimiz var.Kimse oray\u0131 karalay\u0131p huzurunuzu bozmadan, al\u0131n elinize boyan\u0131z\u0131 ve f\u0131r\u00e7an\u0131z\u0131 en mutlu renkleri s\u00fcrmeye ba\u015flay\u0131n.Hep g\u00fczel d\u00fc\u015f\u00fcn bu hayatta.Hep iyi olan ne varsa onu yap ve onu iste Allah\u2019tan da.\u00c7\u00fcnk\u00fc niyetler dilek olur, dilekler sebep olur, sebepler dua olur ve dualar kabul olur; unutma.En harika insan sen olursun, ger\u00e7ekten seversen.G\u00fcl bah\u00e7esine d\u00f6ner y\u00fcre\u011findeki her k\u00f6\u015fe, iyilik edersen.Islanabildi\u011fin kadar \u0131slan ya\u011fmurda, g\u00fcne\u015fe dokunmak i\u00e7in uzat kollar\u0131n\u0131.S\u0131cak bir y\u00fcre\u011fe ihtiya\u00e7 duydu\u011funda hi\u00e7 sa\u011f\u0131na-soluna, ge\u00e7mi\u015fe-gelece\u011fe bakmadan, kimseden bir \u015fey beklemeden sadece kendine ve i\u00e7indeki g\u00fcce sar\u0131l.\u00c7ok g\u00fc\u00e7l\u00fcs\u00fcn; unutma.<\/p>\n","protected":false},"excerpt":{"rendered":"<p>\u201cHer harika g\u00fcl\u00fc\u015f derin bir ac\u0131n\u0131n miras\u0131d\u0131r\u201dG\u00fczellikleri, iyilikleri hep bir kenara b\u0131rakt\u0131k; ac\u0131larla, \u00fcz\u00fcnt\u00fclerle dolduruyoruz y\u00fcre\u011fimizdeki resimleri.Hep siyah ve gri renkler kullan\u0131yoruz.G\u00fczel d\u00fc\u015f\u00fcnmek g\u00fczel ya\u015famak i\u00e7in<span class=\"excerpt-hellip\"> [\u2026]<\/span><\/p>\n","protected":false},"featured_media":0,"template":"","meta":{"_monsterinsights_skip_tracking":false,"_monsterinsights_sitenote_active":false,"_monsterinsights_sitenote_note":"","_monsterinsights_sitenote_category":0},"product_brand":[],"product_cat":[12364,12376],"product_tag":[],"class_list":{"0":"post-721174","1":"product","2":"type-product","3":"status-publish","5":"product_cat-genel-konular","6":"product_cat-kisisel-gelisim","7":"pa_cilt-ciltsiz","8":"pa_tur-kitap","9":"pa_yayinevi-hayat-yayinlari","10":"pa_yazar-zekeriya-efiloglu","12":"first","13":"instock","14":"sale","15":"shipping-taxable","16":"purchasable","17":"product-type-simple"},"_links":{"self":[{"href":"https:\/\/roveyayinevi.com.tr\/index.php\/wp-json\/wp\/v2\/product\/721174","targetHints":{"allow":["GET"]}}],"collection":[{"href":"https:\/\/roveyayinevi.com.tr\/index.php\/wp-json\/wp\/v2\/product"}],"about":[{"href":"https:\/\/roveyayinevi.com.tr\/index.php\/wp-json\/wp\/v2\/types\/product"}],"wp:attachment":[{"href":"https:\/\/roveyayinevi.com.tr\/index.php\/wp-json\/wp\/v2\/media?parent=721174"}],"wp:term":[{"taxonomy":"product_brand","embeddable":true,"href":"https:\/\/roveyayinevi.com.tr\/index.php\/wp-json\/wp\/v2\/product_brand?post=721174"},{"taxonomy":"product_cat","embeddable":true,"href":"https:\/\/roveyayinevi.com.tr\/index.php\/wp-json\/wp\/v2\/product_cat?post=721174"},{"taxonomy":"product_tag","embeddable":true,"href":"https:\/\/roveyayinevi.com.tr\/index.php\/wp-json\/wp\/v2\/product_tag?post=721174"}],"curies":[{"name":"wp","href":"https:\/\/api.w.org\/{rel}","templated":true}]}}