{"id":721172,"date":"2025-08-27T18:46:29","date_gmt":"2025-08-27T15:46:29","guid":{"rendered":"https:\/\/roveyayinevi.com.tr\/index.php\/urun\/kamu-ihalelerinde-olagan-isler\/"},"modified":"2026-04-16T02:29:17","modified_gmt":"2026-04-15T23:29:17","slug":"kamu-ihalelerinde-olagan-isler","status":"publish","type":"product","link":"https:\/\/roveyayinevi.com.tr\/index.php\/urun\/kamu-ihalelerinde-olagan-isler\/","title":{"rendered":"Kamu \u0130halelerinde Ola\u011fan \u0130\u015fler"},"content":{"rendered":"<p>T\u00fcrk Bas\u0131n\u0131 bir s\u00fcredir SOS veriyor. Bu nedenle do\u011fru ve ger\u00e7ek bilgi \u00e7ok \u00f6nemli. Meslekta\u015f\u0131m \u00c7i\u011fdem Toker, bu kitab\u0131nda belgelere dayal\u0131 gazetecili\u011fin se\u00e7kin \u00f6rneklerini aktar\u0131yor. Hem \u015fa\u015f\u0131rarak hem de \u00f6\u011frenerek okuyacaks\u0131n\u0131z. \u0130yi okumalar dilerim.Orhan Erin\u00e7 Kamu ihalelerinde yolsuzluk\u2026 Bu konunun \u0131srarl\u0131 takip\u00e7isi \u00c7i\u011fdem Toker, ge\u00e7mi\u015f k\u00f6\u015fe yaz\u0131lar\u0131ndan bir derleme yap\u0131yor; bunlar\u0131 yeni bilgilerle, yorumlarla zenginle\u015ftiriyor. B\u00f6ylece, iktisat konular\u0131nda ara\u015ft\u0131rmac\u0131 gazetecili\u011fin parlak bir \u00f6rne\u011fini sunuyor. Kitap, yozla\u015fm\u0131\u015f sermaye ve iktidar \u00e7evreleri aras\u0131nda kurulmu\u015f olan kirli ittifak\u0131n y\u00f6ntemlerine ve AKP\u2019li y\u0131llarda b\u00f6l\u00fc\u015f\u00fcm ili\u015fkilerinin istatistiklere yans\u0131mayan boyutlar\u0131na da \u0131\u015f\u0131k tutmaktad\u0131r.Korkut Boratav Kamu ihalelerinde afet, sava\u015f gibi ola\u011fan\u00fcst\u00fc durumlarda ba\u015fvurulmas\u0131 gereken usul\u00fc g\u00f6steren 21\/b maddesi, son y\u0131llarda AKP iktidar\u0131 taraf\u0131ndan s\u0131kl\u0131kla ve s\u0131radan bir y\u00f6ntem olarak kullan\u0131l\u0131yor. \u201cDavetli ihale\u201d diye de an\u0131lan bu y\u00f6ntemle ger\u00e7ekle\u015ftirilen kamu ihaleleri \u201cOla\u011fan \u0130\u015fler\u201de d\u00f6n\u00fc\u015ft\u00fcr\u00fcl\u00fcrken, seksen milyonun \u00fcretti\u011fi art\u0131 de\u011ferin hat\u0131r\u0131 say\u0131l\u0131r k\u0131sm\u0131 10-15 \u015firket aras\u0131nda adeta payla\u015ft\u0131r\u0131l\u0131yor. \u00c7i\u011fdem Toker, hakk\u0131nda a\u00e7\u0131lan milyonluk davalara ra\u011fmen \u00fclke ekonomi-politi\u011finin arka plan\u0131nda neler d\u00f6nd\u00fc\u011f\u00fcn\u00fc, kapal\u0131 kap\u0131lar ard\u0131nda kamuya ait olan de\u011ferlerin usuls\u00fcz ihale ve y\u00f6ntemlerle, kimisi neredeyse sermayesi olmayan \u015firketlere nas\u0131l da\u011f\u0131t\u0131ld\u0131\u011f\u0131n\u0131, \u201cYolsuzluk, Yoksulluk ve Yasaklar\u0131\u201d kald\u0131rma iddias\u0131 ile i\u015fba\u015f\u0131na gelen AKP\u2019nin, 17 y\u0131l i\u00e7inde \u201cyolsuzluklarla\u201d halk\u0131 ve \u00fclkeyi nas\u0131l \u201cyoksulla\u015ft\u0131rd\u0131\u011f\u0131n\u0131,\u201d \u201cyasaklarla\u201d \u00fclkede temel hak ve \u00f6zg\u00fcrl\u00fckleri nas\u0131l kullan\u0131lamaz hale getirdi\u011fini korkusuzca yazmaya devam ediyor\u2026<\/p>\n","protected":false},"excerpt":{"rendered":"<p>T\u00fcrk Bas\u0131n\u0131 bir s\u00fcredir SOS veriyor. Bu nedenle do\u011fru ve ger\u00e7ek bilgi \u00e7ok \u00f6nemli. Meslekta\u015f\u0131m \u00c7i\u011fdem Toker, bu kitab\u0131nda belgelere dayal\u0131 gazetecili\u011fin se\u00e7kin \u00f6rneklerini aktar\u0131yor. Hem<span class=\"excerpt-hellip\"> [\u2026]<\/span><\/p>\n","protected":false},"featured_media":0,"template":"","meta":{"_monsterinsights_skip_tracking":false,"_monsterinsights_sitenote_active":false,"_monsterinsights_sitenote_note":"","_monsterinsights_sitenote_category":0},"product_brand":[],"product_cat":[14841,13043],"product_tag":[],"class_list":{"0":"post-721172","1":"product","2":"type-product","3":"status-publish","5":"product_cat-arastirma-inceleme-kuram","6":"product_cat-ekonomi","7":"pa_cilt-ciltsiz","8":"pa_tur-kitap","9":"pa_yayinevi-tekin-yayinevi","10":"pa_yazar-cigdem-toker","12":"first","13":"instock","14":"sale","15":"shipping-taxable","16":"purchasable","17":"product-type-simple"},"_links":{"self":[{"href":"https:\/\/roveyayinevi.com.tr\/index.php\/wp-json\/wp\/v2\/product\/721172","targetHints":{"allow":["GET"]}}],"collection":[{"href":"https:\/\/roveyayinevi.com.tr\/index.php\/wp-json\/wp\/v2\/product"}],"about":[{"href":"https:\/\/roveyayinevi.com.tr\/index.php\/wp-json\/wp\/v2\/types\/product"}],"wp:attachment":[{"href":"https:\/\/roveyayinevi.com.tr\/index.php\/wp-json\/wp\/v2\/media?parent=721172"}],"wp:term":[{"taxonomy":"product_brand","embeddable":true,"href":"https:\/\/roveyayinevi.com.tr\/index.php\/wp-json\/wp\/v2\/product_brand?post=721172"},{"taxonomy":"product_cat","embeddable":true,"href":"https:\/\/roveyayinevi.com.tr\/index.php\/wp-json\/wp\/v2\/product_cat?post=721172"},{"taxonomy":"product_tag","embeddable":true,"href":"https:\/\/roveyayinevi.com.tr\/index.php\/wp-json\/wp\/v2\/product_tag?post=721172"}],"curies":[{"name":"wp","href":"https:\/\/api.w.org\/{rel}","templated":true}]}}