{"id":721164,"date":"2025-08-27T18:46:22","date_gmt":"2025-08-27T15:46:22","guid":{"rendered":"https:\/\/roveyayinevi.com.tr\/index.php\/urun\/icsel-yol\/"},"modified":"2025-10-23T05:40:30","modified_gmt":"2025-10-23T02:40:30","slug":"icsel-yol","status":"publish","type":"product","link":"https:\/\/roveyayinevi.com.tr\/index.php\/urun\/icsel-yol\/","title":{"rendered":"\u0130\u00e7sel Yol"},"content":{"rendered":"<p>Hamburg&#8217;da bir hastanenin kad\u0131n hastal\u0131klar\u0131 klini\u011finde yedi g\u00fcn ge\u00e7iren farkl\u0131 din, k\u00fclt\u00fcr ve milletten be\u015f kad\u0131n\u0131n ya\u015famlar\u0131yla y\u00fczle\u015fmelerinin hik\u00e2yesi&#8230;Yabanc\u0131lardan korkan ve onlara kar\u015f\u0131 mesafeli duran Frau Adler&#8217;in; Alman annesiyle K\u00fcrt babas\u0131 aras\u0131nda kalan Suzan&#8217;\u0131n; din taassubuna meydan okuyup \u00f6l\u00fcm\u00fc g\u00f6ze alan M\u0131s\u0131rl\u0131 Sabira&#8217;n\u0131n; ya\u015fam\u0131n\u0131 evlatlar\u0131na aday\u0131p t\u00f6relere ba\u015f kald\u0131ran i\u015f\u00e7i T\u00fcrkan&#8217;\u0131n ve engelli \u00e7ocu\u011fu u\u011fruna k\u00fcrtaja raz\u0131 olan \u00c7inli Mai-Lin&#8217;in i\u00e7sel yolculuklar\u0131na beraber \u00e7\u0131kmaya ne dersiniz? <\/p>\n","protected":false},"excerpt":{"rendered":"<p>Hamburg&#8217;da bir hastanenin kad\u0131n hastal\u0131klar\u0131 klini\u011finde yedi g\u00fcn ge\u00e7iren farkl\u0131 din, k\u00fclt\u00fcr ve milletten be\u015f kad\u0131n\u0131n ya\u015famlar\u0131yla y\u00fczle\u015fmelerinin hik\u00e2yesi&#8230;Yabanc\u0131lardan korkan ve onlara kar\u015f\u0131 mesafeli duran Frau<span class=\"excerpt-hellip\"> [\u2026]<\/span><\/p>\n","protected":false},"featured_media":0,"template":"","meta":{"_monsterinsights_skip_tracking":false,"_monsterinsights_sitenote_active":false,"_monsterinsights_sitenote_note":"","_monsterinsights_sitenote_category":0},"product_brand":[],"product_cat":[12291,12711],"product_tag":[],"class_list":{"0":"post-721164","1":"product","2":"type-product","3":"status-publish","5":"product_cat-edebiyat","6":"product_cat-roman-oyku","7":"pa_cilt-ciltsiz","8":"pa_tur-kitap","9":"pa_yayinevi-favori-yayinlari","10":"pa_yazar-gulsen-gulbeyaz","12":"first","13":"instock","14":"sale","15":"shipping-taxable","16":"purchasable","17":"product-type-simple"},"_links":{"self":[{"href":"https:\/\/roveyayinevi.com.tr\/index.php\/wp-json\/wp\/v2\/product\/721164","targetHints":{"allow":["GET"]}}],"collection":[{"href":"https:\/\/roveyayinevi.com.tr\/index.php\/wp-json\/wp\/v2\/product"}],"about":[{"href":"https:\/\/roveyayinevi.com.tr\/index.php\/wp-json\/wp\/v2\/types\/product"}],"wp:attachment":[{"href":"https:\/\/roveyayinevi.com.tr\/index.php\/wp-json\/wp\/v2\/media?parent=721164"}],"wp:term":[{"taxonomy":"product_brand","embeddable":true,"href":"https:\/\/roveyayinevi.com.tr\/index.php\/wp-json\/wp\/v2\/product_brand?post=721164"},{"taxonomy":"product_cat","embeddable":true,"href":"https:\/\/roveyayinevi.com.tr\/index.php\/wp-json\/wp\/v2\/product_cat?post=721164"},{"taxonomy":"product_tag","embeddable":true,"href":"https:\/\/roveyayinevi.com.tr\/index.php\/wp-json\/wp\/v2\/product_tag?post=721164"}],"curies":[{"name":"wp","href":"https:\/\/api.w.org\/{rel}","templated":true}]}}