{"id":721160,"date":"2025-08-27T18:46:19","date_gmt":"2025-08-27T15:46:19","guid":{"rendered":"https:\/\/roveyayinevi.com.tr\/index.php\/urun\/hz-osman\/"},"modified":"2026-04-16T02:29:17","modified_gmt":"2026-04-15T23:29:17","slug":"hz-osman","status":"publish","type":"product","link":"https:\/\/roveyayinevi.com.tr\/index.php\/urun\/hz-osman\/","title":{"rendered":"Hz. Osman"},"content":{"rendered":"<p>Meleklerin kendisinden hay\u00e2 etti\u011fi, edep ve hay\u00e2da zirveye \u00e7\u0131km\u0131\u015f, c\u00f6mert ve ba\u011f\u0131\u015flamas\u0131 bol, akrabalar\u0131na d\u00fc\u015fk\u00fcn, Resul\u2019\u00fcn dostu, \u00f6rnek bir devlet adam\u0131 ve \u00f6rnek bir M\u00fcsl\u00fcman\u2026Ya\u015farken cennetle m\u00fcjdelenen \u015fansl\u0131 sahabilerden\u2026\u201cE\u011fer bir k\u0131z\u0131m daha olsayd\u0131 onu da sana nik\u00e2hlard\u0131m\u201d \u00f6vg\u00fcs\u00fcne mazhar olmu\u015f, iki nur sahibi hay\u0131rl\u0131 bir damat\u2026Gen\u00e7 ya\u015fta Kurey\u015f\u2019in en zenginlerinden biri oldu. \u0130slam\u2019la \u015fereflendi. M\u00fc\u015friklerin tehdit ve i\u015fkencelerine ra\u011fmen dininden vazge\u00e7medi. Mekke\u2019deki servetini, konumunu terk ederek e\u015fiyle beraber Habe\u015fistan\u2019a ilk hicret edenlerdendi. K\u0131sa s\u00fcrede Medine\u2019nin de en zenginlerinden oldu. Mal\u0131yla, Resulullah\u2019a (sav) ve davas\u0131na en \u00e7ok yard\u0131mda bulunanlardan biriydi. Hz \u00d6mer\u2019in tayin etti\u011fi \u015eura\u2019da \u00fc\u00e7\u00fcnc\u00fc halife se\u00e7ildi. \u0130slam devletinin s\u0131n\u0131rlar\u0131 onun zaman\u0131nda End\u00fcl\u00fcs\u2019ten Orta Asya\u2019ya ula\u015ft\u0131.Hz. Osman\u2019\u0131n bug\u00fcne de \u0131\u015f\u0131k tutan ibretlik hayat\u0131n\u0131 okuyaca\u011f\u0131n\u0131z bu romanda; Asr-\u0131 Saadet\u2019te gezecek, Res\u00fblullah\u2019\u0131n (sav) dostlar\u0131yla hemh\u00e2l olacaks\u0131n\u0131z.<\/p>\n","protected":false},"excerpt":{"rendered":"<p>Meleklerin kendisinden hay\u00e2 etti\u011fi, edep ve hay\u00e2da zirveye \u00e7\u0131km\u0131\u015f, c\u00f6mert ve ba\u011f\u0131\u015flamas\u0131 bol, akrabalar\u0131na d\u00fc\u015fk\u00fcn, Resul\u2019\u00fcn dostu, \u00f6rnek bir devlet adam\u0131 ve \u00f6rnek bir M\u00fcsl\u00fcman\u2026Ya\u015farken cennetle<span class=\"excerpt-hellip\"> [\u2026]<\/span><\/p>\n","protected":false},"featured_media":0,"template":"","meta":{"_monsterinsights_skip_tracking":false,"_monsterinsights_sitenote_active":false,"_monsterinsights_sitenote_note":"","_monsterinsights_sitenote_category":0},"product_brand":[],"product_cat":[12291,12711],"product_tag":[],"class_list":{"0":"post-721160","1":"product","2":"type-product","3":"status-publish","5":"product_cat-edebiyat","6":"product_cat-roman-oyku","7":"pa_cilt-ciltsiz","8":"pa_tur-kitap","9":"pa_yayinevi-hayat-yayinlari","10":"pa_yazar-mithat-bala","12":"first","13":"instock","14":"sale","15":"shipping-taxable","16":"purchasable","17":"product-type-simple"},"_links":{"self":[{"href":"https:\/\/roveyayinevi.com.tr\/index.php\/wp-json\/wp\/v2\/product\/721160","targetHints":{"allow":["GET"]}}],"collection":[{"href":"https:\/\/roveyayinevi.com.tr\/index.php\/wp-json\/wp\/v2\/product"}],"about":[{"href":"https:\/\/roveyayinevi.com.tr\/index.php\/wp-json\/wp\/v2\/types\/product"}],"wp:attachment":[{"href":"https:\/\/roveyayinevi.com.tr\/index.php\/wp-json\/wp\/v2\/media?parent=721160"}],"wp:term":[{"taxonomy":"product_brand","embeddable":true,"href":"https:\/\/roveyayinevi.com.tr\/index.php\/wp-json\/wp\/v2\/product_brand?post=721160"},{"taxonomy":"product_cat","embeddable":true,"href":"https:\/\/roveyayinevi.com.tr\/index.php\/wp-json\/wp\/v2\/product_cat?post=721160"},{"taxonomy":"product_tag","embeddable":true,"href":"https:\/\/roveyayinevi.com.tr\/index.php\/wp-json\/wp\/v2\/product_tag?post=721160"}],"curies":[{"name":"wp","href":"https:\/\/api.w.org\/{rel}","templated":true}]}}