{"id":721159,"date":"2025-08-27T18:46:18","date_gmt":"2025-08-27T15:46:18","guid":{"rendered":"https:\/\/roveyayinevi.com.tr\/index.php\/urun\/bir-yol-daha-var\/"},"modified":"2026-04-16T02:29:17","modified_gmt":"2026-04-15T23:29:17","slug":"bir-yol-daha-var","status":"publish","type":"product","link":"https:\/\/roveyayinevi.com.tr\/index.php\/urun\/bir-yol-daha-var\/","title":{"rendered":"Bir Yol Daha Var"},"content":{"rendered":"<p>D\u00fc\u015f\u00fcnce yolu ile varl\u0131\u011f\u0131n\u0131 ke\u015ffetmeye \u00e7al\u0131\u015fan ve bilin\u00e7li bir hayata eri\u015fmek isteyen bir kimse i\u00e7in her d\u00fc\u015f\u00fcnce bir hareket tasla\u011f\u0131, bir duru\u015f bi\u00e7imi, bir kalk\u0131\u015f noktas\u0131d\u0131r. Hay\u00e2t\u0131n tablosu da birtak\u0131m d\u00fczeltmelerle ber\u00e2ber bu tasla\u011fa g\u00f6re resmedilir ve insan\u0131n olu\u015fum s\u00fcreci i\u00e7inde bir anlam kazan\u0131r. Bu hareket tasla\u011f\u0131n\u0131n yoklu\u011fu ise hay\u00e2t\u0131 daha ba\u015ftan ba\u015far\u0131s\u0131zl\u0131\u011fa, verimsizli\u011fe, sonu\u00e7suzlu\u011fa mahk\u00fbm eder. Benzer bir yakla\u015f\u0131m i\u00e7inde olan Gaz\u00e2l\u00ee, bu duruma \u015f\u00f6yle dikkat \u00e7eker: \u201cAk\u0131l susunca, d\u00fc\u015f\u00fcnce durur; d\u00fc\u015f\u00fcnce durunca, hareket durur; hareketsizlik ise \u00e7\u00fcr\u00fcmenin e\u015fi\u011fidir.\u201d E\u011fer bu, reddedilmesi m\u00fcmk\u00fcn g\u00f6r\u00fcnmeyen bir anlay\u0131\u015fsa o zaman d\u00fc\u015f\u00fcnme her \u015feyden \u00f6nce hay\u00e2t\u0131m\u0131zla ilgili ins\u00e2n\u00ee bir g\u00f6rev, bir \u00e7aba olarak omuzlar\u0131m\u0131za y\u00fcklenmez mi? Y\u00fcklenirse en az\u0131ndan \u015fu soruyu sormak da her birimize d\u00fc\u015fmez mi? Ben d\u00fc\u015f\u00fcnen biri miyim; d\u00fc\u015f\u00fcn\u00fcyorsam ne i\u00e7in ne d\u00fc\u015f\u00fcn\u00fcyorum? Bu kitap, elde etti\u011fi bir tak\u0131m \u00f6nemli bulgular\u0131n alt\u0131n\u0131 kendisince \u00e7izmeye gayret ediyor. Dahas\u0131, \u201cni\u00e7in, nas\u0131l ve ne zaman\u201d insan i\u00e7in tehlikeli bir has\u0131m\/d\u00fc\u015fman h\u00e2line geldi\u011finden bahsetmeye \u00e7al\u0131\u015f\u0131yor. Temel amac\u0131 \u015fu: Bedenleri kadavra masas\u0131na yat\u0131r\u0131lan, ruhlar\u0131 \u00e7al\u0131n\u0131p basit biyolojik birer mekanizmadan ib\u00e2ret g\u00f6r\u00fclen, mutlak ger\u00e7ekli\u011fin ba\u011f\u0131ndan kopart\u0131l\u0131p f\u00fctursuz bir keyf\u00eelikle k\u00f6ks\u00fcz b\u0131rak\u0131lan insanlar\u0131n y\u0131\u011f\u0131nlar h\u00e2linde ya\u015fad\u0131\u011f\u0131 bir d\u00fcny\u00e2da \u201cvarl\u0131\u011fa, var olu\u015fa, hay\u00e2t\u0131n anlam\u0131na, insan olu\u015fa ve insan kal\u0131\u015fa\u201d d\u00e2ir \u00e2z\u00e2de-kay\u0131ts\u0131z kal\u0131nmamas\u0131 gereken ve dahi kal\u0131namayan kimi kayg\u0131l\u0131 d\u00fc\u015f\u00fcnceleri payla\u015f\u0131ma a\u00e7mak. Bu ba\u011flamda inanc\u0131 da odur ki, her kayg\u0131l\u0131 d\u00fc\u015f\u00fcnce ancak payla\u015f\u0131ld\u0131\u011f\u0131 \u00f6l\u00e7\u00fcde kendi ad\u0131na bir varl\u0131k alan\u0131 kazanabilir.<\/p>\n","protected":false},"excerpt":{"rendered":"<p>D\u00fc\u015f\u00fcnce yolu ile varl\u0131\u011f\u0131n\u0131 ke\u015ffetmeye \u00e7al\u0131\u015fan ve bilin\u00e7li bir hayata eri\u015fmek isteyen bir kimse i\u00e7in her d\u00fc\u015f\u00fcnce bir hareket tasla\u011f\u0131, bir duru\u015f bi\u00e7imi, bir kalk\u0131\u015f noktas\u0131d\u0131r.<span class=\"excerpt-hellip\"> [\u2026]<\/span><\/p>\n","protected":false},"featured_media":0,"template":"","meta":{"_monsterinsights_skip_tracking":false,"_monsterinsights_sitenote_active":false,"_monsterinsights_sitenote_note":"","_monsterinsights_sitenote_category":0},"product_brand":[],"product_cat":[12777,12291],"product_tag":[],"class_list":{"0":"post-721159","1":"product","2":"type-product","3":"status-publish","5":"product_cat-deneme","6":"product_cat-edebiyat","7":"pa_cilt-ciltsiz","8":"pa_tur-kitap","9":"pa_yayinevi-hayat-yayinlari","10":"pa_yazar-adem-kandemir","12":"first","13":"instock","14":"sale","15":"shipping-taxable","16":"purchasable","17":"product-type-simple"},"_links":{"self":[{"href":"https:\/\/roveyayinevi.com.tr\/index.php\/wp-json\/wp\/v2\/product\/721159","targetHints":{"allow":["GET"]}}],"collection":[{"href":"https:\/\/roveyayinevi.com.tr\/index.php\/wp-json\/wp\/v2\/product"}],"about":[{"href":"https:\/\/roveyayinevi.com.tr\/index.php\/wp-json\/wp\/v2\/types\/product"}],"wp:attachment":[{"href":"https:\/\/roveyayinevi.com.tr\/index.php\/wp-json\/wp\/v2\/media?parent=721159"}],"wp:term":[{"taxonomy":"product_brand","embeddable":true,"href":"https:\/\/roveyayinevi.com.tr\/index.php\/wp-json\/wp\/v2\/product_brand?post=721159"},{"taxonomy":"product_cat","embeddable":true,"href":"https:\/\/roveyayinevi.com.tr\/index.php\/wp-json\/wp\/v2\/product_cat?post=721159"},{"taxonomy":"product_tag","embeddable":true,"href":"https:\/\/roveyayinevi.com.tr\/index.php\/wp-json\/wp\/v2\/product_tag?post=721159"}],"curies":[{"name":"wp","href":"https:\/\/api.w.org\/{rel}","templated":true}]}}