{"id":721158,"date":"2025-08-27T18:46:17","date_gmt":"2025-08-27T15:46:17","guid":{"rendered":"https:\/\/roveyayinevi.com.tr\/index.php\/urun\/profesor-cokbilmis-uzayda-ne-var-ne-yok\/"},"modified":"2026-04-16T02:29:17","modified_gmt":"2026-04-15T23:29:17","slug":"profesor-cokbilmis-uzayda-ne-var-ne-yok","status":"publish","type":"product","link":"https:\/\/roveyayinevi.com.tr\/index.php\/urun\/profesor-cokbilmis-uzayda-ne-var-ne-yok\/","title":{"rendered":"Profes\u00f6r \u00c7okbilmi\u015f &#8211; Uzayda Ne Var Ne Yok"},"content":{"rendered":"<p>Profes\u00f6r \u00c7okbilmi\u015f, bu kitapta sizi Merakl\u0131 Memo\u2019nun sorular\u0131yla uzay\u0131n karanl\u0131k derinliklerinde hayali yolculuklara \u00e7\u0131karacak! G\u00f6ky\u00fcz\u00fcnde ka\u00e7 y\u0131ld\u0131z vard\u0131r? G\u00fcne\u015f\u2019in y\u00fczey s\u0131cakl\u0131\u011f\u0131 ne kadard\u0131r? Kuyruklu y\u0131ld\u0131z nedir? Geceleri \u00e7\u0131plak g\u00f6zle Uzay \u0130stasyonu\u2019nu g\u00f6rebilir miyiz? Ay\u2019da domates yeti\u015fir mi? Bu kitapta, b\u00fct\u00fcn bu sorulara cevap bulacaks\u0131n\u0131z.<\/p>\n","protected":false},"excerpt":{"rendered":"<p>Profes\u00f6r \u00c7okbilmi\u015f, bu kitapta sizi Merakl\u0131 Memo\u2019nun sorular\u0131yla uzay\u0131n karanl\u0131k derinliklerinde hayali yolculuklara \u00e7\u0131karacak! G\u00f6ky\u00fcz\u00fcnde ka\u00e7 y\u0131ld\u0131z vard\u0131r? G\u00fcne\u015f\u2019in y\u00fczey s\u0131cakl\u0131\u011f\u0131 ne kadard\u0131r? Kuyruklu y\u0131ld\u0131z nedir?<span class=\"excerpt-hellip\"> [\u2026]<\/span><\/p>\n","protected":false},"featured_media":0,"template":"","meta":{"_monsterinsights_skip_tracking":false,"_monsterinsights_sitenote_active":false,"_monsterinsights_sitenote_note":"","_monsterinsights_sitenote_category":0},"product_brand":[],"product_cat":[13829,12274],"product_tag":[],"class_list":{"0":"post-721158","1":"product","2":"type-product","3":"status-publish","5":"product_cat-bilimsel-kitaplar","6":"product_cat-cocuk-ve-genclik-kitaplari","7":"pa_cilt-ciltsiz","8":"pa_tur-kitap","9":"pa_yayinevi-genc-hayat","10":"pa_yazar-erdogan-ogultekin","12":"first","13":"instock","14":"sale","15":"shipping-taxable","16":"purchasable","17":"product-type-simple"},"_links":{"self":[{"href":"https:\/\/roveyayinevi.com.tr\/index.php\/wp-json\/wp\/v2\/product\/721158","targetHints":{"allow":["GET"]}}],"collection":[{"href":"https:\/\/roveyayinevi.com.tr\/index.php\/wp-json\/wp\/v2\/product"}],"about":[{"href":"https:\/\/roveyayinevi.com.tr\/index.php\/wp-json\/wp\/v2\/types\/product"}],"wp:attachment":[{"href":"https:\/\/roveyayinevi.com.tr\/index.php\/wp-json\/wp\/v2\/media?parent=721158"}],"wp:term":[{"taxonomy":"product_brand","embeddable":true,"href":"https:\/\/roveyayinevi.com.tr\/index.php\/wp-json\/wp\/v2\/product_brand?post=721158"},{"taxonomy":"product_cat","embeddable":true,"href":"https:\/\/roveyayinevi.com.tr\/index.php\/wp-json\/wp\/v2\/product_cat?post=721158"},{"taxonomy":"product_tag","embeddable":true,"href":"https:\/\/roveyayinevi.com.tr\/index.php\/wp-json\/wp\/v2\/product_tag?post=721158"}],"curies":[{"name":"wp","href":"https:\/\/api.w.org\/{rel}","templated":true}]}}