{"id":721154,"date":"2025-08-27T18:46:13","date_gmt":"2025-08-27T15:46:13","guid":{"rendered":"https:\/\/roveyayinevi.com.tr\/index.php\/urun\/halide-edip-adivar\/"},"modified":"2026-04-03T02:35:34","modified_gmt":"2026-04-02T23:35:34","slug":"halide-edip-adivar","status":"publish","type":"product","link":"https:\/\/roveyayinevi.com.tr\/index.php\/urun\/halide-edip-adivar\/","title":{"rendered":"Halide Edip Ad\u0131var"},"content":{"rendered":"<p>Baz\u0131 kad\u0131nlar vad\u0131r ki , hamur gibi yo\u011fururlar d\u00fcnyay\u0131.Zaman\u0131n , mekan\u0131n , gelenek ve t\u00f6relerin d\u0131\u015f\u0131na \u00e7\u0131k\u0131p , &#8220;Ben de var\u0131m!&#8221; diyen kad\u0131nlar vard\u0131r.\u0130\u015fte onlardan biridir Halide Edip. Bir elinde kalemi , bir elinde silah\u0131 , cehalet ve d\u00fc\u015fmana kar\u015f\u0131 kahramanca sava\u015fan di\u015fi bir arsland\u0131r sanki.Bir Osmanl\u0131 kad\u0131n\u0131d\u0131r Halide Edip. Onu o yapan her ne varsa, okadim medeniyetin zengin bir miras\u0131d\u0131r. Ve dahi bir Cumhuriyet kad\u0131n\u0131d\u0131r Onba\u015f\u0131 Halide.Kan\u0131yla , can\u0131yla kurulu\u015funda g\u00f6rev ald\u0131\u011f\u0131 Cumhuriyetin kad\u0131n\u0131.. Anadolu&#8217;nun anas\u0131 , hem hamuru hem de mayas\u0131&#8230;Kad\u0131nlar\u0131n geride durduklar\u0131 demde , edebiyet kulvar\u0131nda en \u00f6ndedir.Nice &#8220;erke\u011fim&#8221; diyenin teredd\u00fctte kald\u0131\u011f\u0131 bir zamanda , bir \u015fahin gibi cephelerdedir. \u0130stiklal Harbi&#8217;nin Onba\u015f\u0131 Halide&#8217;si , edebiyat ordusnun yegane kad\u0131n mare\u015falidir.Elinizdeki bu eser , \u00e7alkant\u0131l\u0131 bir devrin , yok olu\u015f ve yeni ba\u015flang\u0131\u00e7lar\u0131n , infilak ve ink\u0131laplar\u0131n ruhu  dokunan bir \u015fahdidir.O sanc\u0131l\u0131 d\u00f6nemde T\u00fcrk&#8217;e umut veren bir kad\u0131n da vard\u0131r.O kad\u0131n; sava\u015f\u0131n onba\u015f\u0131s\u0131 , edebiyet\u0131n kad\u0131n mare\u015fali Halide Edip Ad\u0131var&#8217;d\u0131r.<\/p>\n","protected":false},"excerpt":{"rendered":"<p>Baz\u0131 kad\u0131nlar vad\u0131r ki , hamur gibi yo\u011fururlar d\u00fcnyay\u0131.Zaman\u0131n , mekan\u0131n , gelenek ve t\u00f6relerin d\u0131\u015f\u0131na \u00e7\u0131k\u0131p , &#8220;Ben de var\u0131m!&#8221; diyen kad\u0131nlar vard\u0131r.\u0130\u015fte onlardan biridir<span class=\"excerpt-hellip\"> [\u2026]<\/span><\/p>\n","protected":false},"featured_media":0,"template":"","meta":{"_monsterinsights_skip_tracking":false,"_monsterinsights_sitenote_active":false,"_monsterinsights_sitenote_note":"","_monsterinsights_sitenote_category":0},"product_brand":[],"product_cat":[12291,12711],"product_tag":[],"class_list":{"0":"post-721154","1":"product","2":"type-product","3":"status-publish","5":"product_cat-edebiyat","6":"product_cat-roman-oyku","7":"pa_cilt-ciltsiz","8":"pa_tur-kitap","9":"pa_yayinevi-genc-hayat","10":"pa_yazar-yusuf-guldur","12":"first","13":"instock","14":"sale","15":"shipping-taxable","16":"purchasable","17":"product-type-simple"},"_links":{"self":[{"href":"https:\/\/roveyayinevi.com.tr\/index.php\/wp-json\/wp\/v2\/product\/721154","targetHints":{"allow":["GET"]}}],"collection":[{"href":"https:\/\/roveyayinevi.com.tr\/index.php\/wp-json\/wp\/v2\/product"}],"about":[{"href":"https:\/\/roveyayinevi.com.tr\/index.php\/wp-json\/wp\/v2\/types\/product"}],"wp:attachment":[{"href":"https:\/\/roveyayinevi.com.tr\/index.php\/wp-json\/wp\/v2\/media?parent=721154"}],"wp:term":[{"taxonomy":"product_brand","embeddable":true,"href":"https:\/\/roveyayinevi.com.tr\/index.php\/wp-json\/wp\/v2\/product_brand?post=721154"},{"taxonomy":"product_cat","embeddable":true,"href":"https:\/\/roveyayinevi.com.tr\/index.php\/wp-json\/wp\/v2\/product_cat?post=721154"},{"taxonomy":"product_tag","embeddable":true,"href":"https:\/\/roveyayinevi.com.tr\/index.php\/wp-json\/wp\/v2\/product_tag?post=721154"}],"curies":[{"name":"wp","href":"https:\/\/api.w.org\/{rel}","templated":true}]}}