{"id":721153,"date":"2025-08-27T18:46:13","date_gmt":"2025-08-27T15:46:13","guid":{"rendered":"https:\/\/roveyayinevi.com.tr\/index.php\/urun\/gladyator-batagi-kucuk-kayilar-2\/"},"modified":"2026-04-16T02:29:16","modified_gmt":"2026-04-15T23:29:16","slug":"gladyator-batagi-kucuk-kayilar-2","status":"publish","type":"product","link":"https:\/\/roveyayinevi.com.tr\/index.php\/urun\/gladyator-batagi-kucuk-kayilar-2\/","title":{"rendered":"Gladyat\u00f6r Bata\u011f\u0131 &#8211; K\u00fc\u00e7\u00fck Kay\u0131lar 2"},"content":{"rendered":"<p>K\u00fc\u00e7\u00fck Kay\u0131lar, bu kez b\u00fcy\u00fck bir tehlikeyle kar\u015f\u0131 kar\u015f\u0131ya! K\u00fc\u00e7\u00fck Kay\u0131lar, Ka\u011fan\u2019\u0131n abisini ve arkada\u015flar\u0131n\u0131 ka\u00e7\u0131ran haydutlar\u0131n pe\u015finden Konstantinapolis\u2019e gidiyor. K\u00fc\u00e7\u00fck Kay\u0131lar, ka\u00e7\u0131r\u0131l\u0131p esir edilen Kay\u0131lar\u0131 kurtarabilecek mi?K\u00fc\u00e7\u00fck Kay\u0131lar\u2019\u0131n pek de k\u00fc\u00e7\u00fck olmayan heyecan dolu maceralar\u0131n\u0131, ince zek\u00e2lar\u0131yla d\u00fc\u015fmanlar\u0131n\u0131 nas\u0131l alt ettiklerini ve daha fazlas\u0131n\u0131 bu kitaplarda bulacaks\u0131n\u0131z.Ayr\u0131ca T\u00fcrklerin \u015fanl\u0131 tarihini, Kay\u0131 boyunun ya\u015fam\u0131n\u0131, Ertu\u011frul Gazi\u2019nin b\u00fcy\u00fck kahramanl\u0131klar\u0131n\u0131 da e\u011flenerek \u00f6\u011frenebileceksiniz. O zaman, K\u00fc\u00e7\u00fck Kay\u0131lar ile tarihin e\u011flenceli sayfalar\u0131nda yola \u00e7\u0131kman\u0131n tam vaktidir!<\/p>\n","protected":false},"excerpt":{"rendered":"<p>K\u00fc\u00e7\u00fck Kay\u0131lar, bu kez b\u00fcy\u00fck bir tehlikeyle kar\u015f\u0131 kar\u015f\u0131ya! K\u00fc\u00e7\u00fck Kay\u0131lar, Ka\u011fan\u2019\u0131n abisini ve arkada\u015flar\u0131n\u0131 ka\u00e7\u0131ran haydutlar\u0131n pe\u015finden Konstantinapolis\u2019e gidiyor. K\u00fc\u00e7\u00fck Kay\u0131lar, ka\u00e7\u0131r\u0131l\u0131p esir edilen Kay\u0131lar\u0131<span class=\"excerpt-hellip\"> [\u2026]<\/span><\/p>\n","protected":false},"featured_media":0,"template":"","meta":{"_monsterinsights_skip_tracking":false,"_monsterinsights_sitenote_active":false,"_monsterinsights_sitenote_note":"","_monsterinsights_sitenote_category":0},"product_brand":[],"product_cat":[12274,12284],"product_tag":[],"class_list":{"0":"post-721153","1":"product","2":"type-product","3":"status-publish","5":"product_cat-cocuk-ve-genclik-kitaplari","6":"product_cat-hikayeler","7":"pa_cilt-ciltsiz","8":"pa_tur-kitap","9":"pa_yayinevi-timas-cocuk","10":"pa_yazar-kolektif","12":"first","13":"instock","14":"sale","15":"shipping-taxable","16":"purchasable","17":"product-type-simple"},"_links":{"self":[{"href":"https:\/\/roveyayinevi.com.tr\/index.php\/wp-json\/wp\/v2\/product\/721153","targetHints":{"allow":["GET"]}}],"collection":[{"href":"https:\/\/roveyayinevi.com.tr\/index.php\/wp-json\/wp\/v2\/product"}],"about":[{"href":"https:\/\/roveyayinevi.com.tr\/index.php\/wp-json\/wp\/v2\/types\/product"}],"wp:attachment":[{"href":"https:\/\/roveyayinevi.com.tr\/index.php\/wp-json\/wp\/v2\/media?parent=721153"}],"wp:term":[{"taxonomy":"product_brand","embeddable":true,"href":"https:\/\/roveyayinevi.com.tr\/index.php\/wp-json\/wp\/v2\/product_brand?post=721153"},{"taxonomy":"product_cat","embeddable":true,"href":"https:\/\/roveyayinevi.com.tr\/index.php\/wp-json\/wp\/v2\/product_cat?post=721153"},{"taxonomy":"product_tag","embeddable":true,"href":"https:\/\/roveyayinevi.com.tr\/index.php\/wp-json\/wp\/v2\/product_tag?post=721153"}],"curies":[{"name":"wp","href":"https:\/\/api.w.org\/{rel}","templated":true}]}}