{"id":721145,"date":"2025-08-27T18:46:06","date_gmt":"2025-08-27T15:46:06","guid":{"rendered":"https:\/\/roveyayinevi.com.tr\/index.php\/urun\/kagittan-ucak\/"},"modified":"2026-04-16T02:29:16","modified_gmt":"2026-04-15T23:29:16","slug":"kagittan-ucak","status":"publish","type":"product","link":"https:\/\/roveyayinevi.com.tr\/index.php\/urun\/kagittan-ucak\/","title":{"rendered":"Ka\u011f\u0131ttan U\u00e7ak"},"content":{"rendered":"<p>Y\u0131l 1969&#8230;\u00c7orum\u2019un Karaca\u00f6ren K\u00f6y\u00fc\u2019nden Avustralya\u2019n\u0131n Melbourne \u015fehrine kalkan bir kervan&#8230;Ve alt\u0131 ya\u015f\u0131nda bir \u00e7ocuk&#8230;Umut mavisi g\u00f6klerde yeni bir hayata yelken a\u00e7arken merak\u0131n\u0131, sevgisini ve safl\u0131\u011f\u0131n\u0131 ceplerine dolduran,koca y\u00fcrekli bir \u00e7ocuk&#8230;Mahallede \u201ck\u00e2\u011f\u0131ttan bir u\u00e7akla\u201d oyun oynamak hevesiyle ba\u015flayan hik\u00e2yesi, onu \u201cger\u00e7ek bir u\u00e7akla\u201d \u201cyer ile g\u00f6\u011f\u00fcn birle\u015fti\u011fi yere\u201d ta\u015f\u0131yor, k\u00f6y\u00fcnden de kopar\u0131yor.Her g\u00f6\u00e7 hik\u00e2yesi; i\u00e7inde biraz h\u00fcz\u00fcn, biraz yaln\u0131zl\u0131k, kimi zaman g\u00fclmece ama hepsinden daha fazla sab\u0131r ve g\u00fc\u00e7 duygular\u0131n\u0131 bar\u0131nd\u0131r\u0131r.T\u00fcrl\u00fc sebeplerle ya\u015fad\u0131\u011f\u0131 diyardan g\u00f6\u00e7 etmek zorunda kalan insanlar i\u00e7in bu duygular, hayat\u0131n en ince noktas\u0131nda cem olur ve benzer hik\u00e2yelerle birle\u015ferek b\u00fcy\u00fcr, birbirine kenetlenir.K\u00e2z\u0131m Ate\u015f\u2019in hik\u00e2yesi i\u015fte b\u00f6yle bir hik\u00e2ye&#8230;\u0130nsanl\u0131\u011f\u0131n bu kadim yazg\u0131s\u0131n\u0131 \u00e7ocuk g\u00f6z\u00fcyle anlatan, \u201cyeni bir d\u00fcnyada\u201d b\u00fcy\u00fcmenin ne demek oldu\u011funu, o d\u00f6nemin foto\u011fraf\u0131n\u0131 \u00e7ekerek okurlar\u0131na sunan ve t\u00fcm samimiyetiyle y\u00fcreklere dokunan bir hik\u00e2ye.S\u00fbret aynas\u0131 gibi net, s\u00eeret aynas\u0131 gibi derin.<\/p>\n","protected":false},"excerpt":{"rendered":"<p>Y\u0131l 1969&#8230;\u00c7orum\u2019un Karaca\u00f6ren K\u00f6y\u00fc\u2019nden Avustralya\u2019n\u0131n Melbourne \u015fehrine kalkan bir kervan&#8230;Ve alt\u0131 ya\u015f\u0131nda bir \u00e7ocuk&#8230;Umut mavisi g\u00f6klerde yeni bir hayata yelken a\u00e7arken merak\u0131n\u0131, sevgisini ve safl\u0131\u011f\u0131n\u0131 ceplerine<span class=\"excerpt-hellip\"> [\u2026]<\/span><\/p>\n","protected":false},"featured_media":0,"template":"","meta":{"_monsterinsights_skip_tracking":false,"_monsterinsights_sitenote_active":false,"_monsterinsights_sitenote_note":"","_monsterinsights_sitenote_category":0},"product_brand":[],"product_cat":[12291,12711],"product_tag":[],"class_list":{"0":"post-721145","1":"product","2":"type-product","3":"status-publish","5":"product_cat-edebiyat","6":"product_cat-roman-oyku","7":"pa_cilt-ciltsiz","8":"pa_tur-kitap","9":"pa_yayinevi-timas-yayinlari","10":"pa_yazar-kazim-ates","12":"first","13":"instock","14":"sale","15":"shipping-taxable","16":"purchasable","17":"product-type-simple"},"_links":{"self":[{"href":"https:\/\/roveyayinevi.com.tr\/index.php\/wp-json\/wp\/v2\/product\/721145","targetHints":{"allow":["GET"]}}],"collection":[{"href":"https:\/\/roveyayinevi.com.tr\/index.php\/wp-json\/wp\/v2\/product"}],"about":[{"href":"https:\/\/roveyayinevi.com.tr\/index.php\/wp-json\/wp\/v2\/types\/product"}],"wp:attachment":[{"href":"https:\/\/roveyayinevi.com.tr\/index.php\/wp-json\/wp\/v2\/media?parent=721145"}],"wp:term":[{"taxonomy":"product_brand","embeddable":true,"href":"https:\/\/roveyayinevi.com.tr\/index.php\/wp-json\/wp\/v2\/product_brand?post=721145"},{"taxonomy":"product_cat","embeddable":true,"href":"https:\/\/roveyayinevi.com.tr\/index.php\/wp-json\/wp\/v2\/product_cat?post=721145"},{"taxonomy":"product_tag","embeddable":true,"href":"https:\/\/roveyayinevi.com.tr\/index.php\/wp-json\/wp\/v2\/product_tag?post=721145"}],"curies":[{"name":"wp","href":"https:\/\/api.w.org\/{rel}","templated":true}]}}