{"id":721144,"date":"2025-08-27T18:46:05","date_gmt":"2025-08-27T15:46:05","guid":{"rendered":"https:\/\/roveyayinevi.com.tr\/index.php\/urun\/hasim\/"},"modified":"2026-04-16T02:29:16","modified_gmt":"2026-04-15T23:29:16","slug":"hasim","status":"publish","type":"product","link":"https:\/\/roveyayinevi.com.tr\/index.php\/urun\/hasim\/","title":{"rendered":"Ha\u015fim"},"content":{"rendered":"<p>Melali anlayan bir nesil i\u00e7in yeniden Ahmet Ha\u015fim!Ahmet Ha\u015fim (1887-1933) b\u00fct\u00fcn dil zorluklar\u0131na ra\u011fmen hala sevilen, okunan, ciddiye al\u0131nan bir \u015fair. Benzersiz muhayyilesi, \u015fiirlerindeki ses ve renk c\u00fcmb\u00fc\u015f\u00fc, f\u0131kralar\u0131ndaki \u015fim\u015fek gibi \u00e7akan keskin zek\u00e2s\u0131 ve \u00e7arp\u0131c\u0131 \u00fcslubuyla hala edebiyat\u0131m\u0131z\u0131n en ilgin\u00e7 fig\u00fcrlerinden biri.Biyografileriyle bir\u00e7ok edebiyat fig\u00fcr\u00fcn\u00fc adeta mercek alt\u0131na alan Be\u015fir Ayvazo\u011flu\u2019nun \u00e7ok okunmu\u015f, \u00fczerine \u00e7ok konu\u015fulmu\u015f kitaplar\u0131ndan olan \u00d6mr\u00fcm Benim Bir Ate\u015fti yeni edisyonuyla Everest Yay\u0131nlar\u0131\u2019n\u0131n biyografi dizisinden okur kar\u015f\u0131s\u0131na \u00e7\u0131k\u0131yor.Peyami Safa\u2019n\u0131n tabiriyle Avrupai bir zekan\u0131n kal\u0131b\u0131na d\u00f6k\u00fclm\u00fc\u015f Asyai bir ruh olan Ahmet Ha\u015fim\u2019in bu kapsaml\u0131 biyografisi, onu yeniden okumak ve anlamak isteyenlere m\u00fckemmel bir deneyim vadediyor. Piyale \u015fairinin ayn\u0131 zamanda zaaflar\u0131, meziyetleri, kompleksleri, hayalleri, hayal k\u0131r\u0131kl\u0131klar\u0131, a\u015fklar\u0131, kavgalar\u0131, dostluklar\u0131, d\u00fc\u015fmanl\u0131klar\u0131yla i\u00e7imizden biri olarak anlat\u0131ld\u0131\u011f\u0131 bu kitab\u0131 bir roman heyecan\u0131yla okuyoruz.Ha\u015fim\u2019in ya\u015farken de \u00e7ok sevildi\u011fine dair kanaatim, \u00f6l\u00fcm\u00fc vesilesiyle yaz\u0131lanlar\u0131 okuyunca peki\u015fti. 1928 y\u0131l\u0131nda k\u00fcf\u00fcrle\u015fecek derecede \u015fiddetli bir polemi\u011fe girdi\u011fi Peyami Safa bile bir yaz\u0131s\u0131nda, Ke\u015fke sa\u011f olsayd\u0131 da benim i\u00e7in yazd\u0131\u011f\u0131 ve s\u00f6yledi\u011fi \u015feylerin bin kat a\u011f\u0131r\u0131n\u0131 tekrar etseydi; ben de b\u00fcy\u00fcklere kar\u015f\u0131l\u0131k vermenin \u00e7irkinli\u011fini anlayan bir \u00e7ocuk gibi dilimi tutup otursayd\u0131m!\u2019 diyordu.<\/p>\n","protected":false},"excerpt":{"rendered":"<p>Melali anlayan bir nesil i\u00e7in yeniden Ahmet Ha\u015fim!Ahmet Ha\u015fim (1887-1933) b\u00fct\u00fcn dil zorluklar\u0131na ra\u011fmen hala sevilen, okunan, ciddiye al\u0131nan bir \u015fair. Benzersiz muhayyilesi, \u015fiirlerindeki ses ve<span class=\"excerpt-hellip\"> [\u2026]<\/span><\/p>\n","protected":false},"featured_media":0,"template":"","meta":{"_monsterinsights_skip_tracking":false,"_monsterinsights_sitenote_active":false,"_monsterinsights_sitenote_note":"","_monsterinsights_sitenote_category":0},"product_brand":[],"product_cat":[14009,12291],"product_tag":[],"class_list":{"0":"post-721144","1":"product","2":"type-product","3":"status-publish","5":"product_cat-biyografi-otobiyografi-edebiyat","6":"product_cat-edebiyat","7":"pa_cilt-ciltsiz","8":"pa_tur-kitap","9":"pa_yayinevi-everest-yayinlari","10":"pa_yazar-besir-ayvazoglu","12":"first","13":"instock","14":"sale","15":"shipping-taxable","16":"purchasable","17":"product-type-simple"},"_links":{"self":[{"href":"https:\/\/roveyayinevi.com.tr\/index.php\/wp-json\/wp\/v2\/product\/721144","targetHints":{"allow":["GET"]}}],"collection":[{"href":"https:\/\/roveyayinevi.com.tr\/index.php\/wp-json\/wp\/v2\/product"}],"about":[{"href":"https:\/\/roveyayinevi.com.tr\/index.php\/wp-json\/wp\/v2\/types\/product"}],"wp:attachment":[{"href":"https:\/\/roveyayinevi.com.tr\/index.php\/wp-json\/wp\/v2\/media?parent=721144"}],"wp:term":[{"taxonomy":"product_brand","embeddable":true,"href":"https:\/\/roveyayinevi.com.tr\/index.php\/wp-json\/wp\/v2\/product_brand?post=721144"},{"taxonomy":"product_cat","embeddable":true,"href":"https:\/\/roveyayinevi.com.tr\/index.php\/wp-json\/wp\/v2\/product_cat?post=721144"},{"taxonomy":"product_tag","embeddable":true,"href":"https:\/\/roveyayinevi.com.tr\/index.php\/wp-json\/wp\/v2\/product_tag?post=721144"}],"curies":[{"name":"wp","href":"https:\/\/api.w.org\/{rel}","templated":true}]}}