{"id":721143,"date":"2025-08-27T18:46:04","date_gmt":"2025-08-27T15:46:04","guid":{"rendered":"https:\/\/roveyayinevi.com.tr\/index.php\/urun\/genc-wertherin-acilar\/"},"modified":"2026-04-16T02:29:16","modified_gmt":"2026-04-15T23:29:16","slug":"genc-wertherin-acilar","status":"publish","type":"product","link":"https:\/\/roveyayinevi.com.tr\/index.php\/urun\/genc-wertherin-acilar\/","title":{"rendered":"Gen\u00e7 Werther&#8217;in Ac\u0131lar"},"content":{"rendered":"<p>\u201cAh, parma\u011f\u0131m yanl\u0131\u015fl\u0131kla onunkine de\u011fdi\u011finde ve ayaklar\u0131m\u0131z masan\u0131n alt\u0131nda bulu\u015ftu\u011funda nas\u0131l da kan\u0131m co\u015fkuyla b\u00fct\u00fcn damarlar\u0131mdan ak\u0131yor! Ate\u015fe de\u011fmi\u015f gibi geri \u00e7ekiliyorum, sonra gizli bir g\u00fc\u00e7 beni yine \u00f6ne \u00e7ekiyor. B\u00fct\u00fcn duygular ba\u015f\u0131m\u0131 \u00f6ylesine d\u00f6nd\u00fcr\u00fcyor ki&#8230; Ah! Onun masum, \u00f6nyarg\u0131s\u0131z ruhu, k\u00fc\u00e7\u00fck yak\u0131nla\u015fmalar\u0131n bana ne kadar ac\u0131 verdi\u011fini hissetmiyor. Sohbet ederken elini elimin \u00fczerine koydu\u011funda ve konu\u015fmaya duydu\u011fu ilgiyle bana daha yakla\u015ft\u0131\u011f\u0131nda a\u011fz\u0131n\u0131n ilahi nefesi dudaklar\u0131ma ula\u015fabildi\u011finde; sanki havaya kar\u0131\u015fm\u0131\u015f\u0131m da i\u00e7inde kaybolmu\u015fum gibi geliyor\u2026\u201d Klasik Alman edebiyat\u0131n\u0131n b\u00fcy\u00fck kalemi Johann Wolfgang von Goethe\u2019den Gen\u00e7 Werther\u2019i \u00f6l\u00fcme s\u00fcr\u00fckleyen bir a\u015fk\u0131n mektuplar\u0131\u2026 <\/p>\n","protected":false},"excerpt":{"rendered":"<p>\u201cAh, parma\u011f\u0131m yanl\u0131\u015fl\u0131kla onunkine de\u011fdi\u011finde ve ayaklar\u0131m\u0131z masan\u0131n alt\u0131nda bulu\u015ftu\u011funda nas\u0131l da kan\u0131m co\u015fkuyla b\u00fct\u00fcn damarlar\u0131mdan ak\u0131yor! Ate\u015fe de\u011fmi\u015f gibi geri \u00e7ekiliyorum, sonra gizli bir g\u00fc\u00e7<span class=\"excerpt-hellip\"> [\u2026]<\/span><\/p>\n","protected":false},"featured_media":0,"template":"","meta":{"_monsterinsights_skip_tracking":false,"_monsterinsights_sitenote_active":false,"_monsterinsights_sitenote_note":"","_monsterinsights_sitenote_category":0},"product_brand":[],"product_cat":[12291,12711],"product_tag":[],"class_list":{"0":"post-721143","1":"product","2":"type-product","3":"status-publish","5":"product_cat-edebiyat","6":"product_cat-roman-oyku","7":"pa_cilt-ciltsiz","8":"pa_tur-kitap","9":"pa_yayinevi-bilgi-yayinevi","10":"pa_yazar-johann-wolfgang-von-goethe","12":"first","13":"instock","14":"sale","15":"shipping-taxable","16":"purchasable","17":"product-type-simple"},"_links":{"self":[{"href":"https:\/\/roveyayinevi.com.tr\/index.php\/wp-json\/wp\/v2\/product\/721143","targetHints":{"allow":["GET"]}}],"collection":[{"href":"https:\/\/roveyayinevi.com.tr\/index.php\/wp-json\/wp\/v2\/product"}],"about":[{"href":"https:\/\/roveyayinevi.com.tr\/index.php\/wp-json\/wp\/v2\/types\/product"}],"wp:attachment":[{"href":"https:\/\/roveyayinevi.com.tr\/index.php\/wp-json\/wp\/v2\/media?parent=721143"}],"wp:term":[{"taxonomy":"product_brand","embeddable":true,"href":"https:\/\/roveyayinevi.com.tr\/index.php\/wp-json\/wp\/v2\/product_brand?post=721143"},{"taxonomy":"product_cat","embeddable":true,"href":"https:\/\/roveyayinevi.com.tr\/index.php\/wp-json\/wp\/v2\/product_cat?post=721143"},{"taxonomy":"product_tag","embeddable":true,"href":"https:\/\/roveyayinevi.com.tr\/index.php\/wp-json\/wp\/v2\/product_tag?post=721143"}],"curies":[{"name":"wp","href":"https:\/\/api.w.org\/{rel}","templated":true}]}}