{"id":721142,"date":"2025-08-27T18:46:03","date_gmt":"2025-08-27T15:46:03","guid":{"rendered":"https:\/\/roveyayinevi.com.tr\/index.php\/urun\/genc-bir-doktorun-anilari-2\/"},"modified":"2026-04-16T02:29:16","modified_gmt":"2026-04-15T23:29:16","slug":"genc-bir-doktorun-anilari-2","status":"publish","type":"product","link":"https:\/\/roveyayinevi.com.tr\/index.php\/urun\/genc-bir-doktorun-anilari-2\/","title":{"rendered":"Gen\u00e7 Bir Doktorun An\u0131lar\u0131"},"content":{"rendered":"<p>Sovyet Devrimi&#8217;nin ilk y\u0131llar\u0131\u2026 Yoksulluk, cehalet, her hastal\u0131\u011f\u0131n devas\u0131n\u0131 bir damla ila\u00e7ta bulabilece\u011fine inananlar\u2026 Yaban\u0131n ortas\u0131nda gen\u00e7 bir doktor, hem hastal\u0131klarla hem cehaletle sava\u015farak b\u00fcy\u00fcyecek gen\u00e7 bir doktor\u2026   &#8220;Hay\u0131r\u2026 M\u00fccadele edece\u011fim. Elimden geldi\u011fi kadar sava\u015faca\u011f\u0131m.&#8221; <\/p>\n","protected":false},"excerpt":{"rendered":"<p>Sovyet Devrimi&#8217;nin ilk y\u0131llar\u0131\u2026 Yoksulluk, cehalet, her hastal\u0131\u011f\u0131n devas\u0131n\u0131 bir damla ila\u00e7ta bulabilece\u011fine inananlar\u2026 Yaban\u0131n ortas\u0131nda gen\u00e7 bir doktor, hem hastal\u0131klarla hem cehaletle sava\u015farak b\u00fcy\u00fcyecek gen\u00e7<span class=\"excerpt-hellip\"> [\u2026]<\/span><\/p>\n","protected":false},"featured_media":0,"template":"","meta":{"_monsterinsights_skip_tracking":false,"_monsterinsights_sitenote_active":false,"_monsterinsights_sitenote_note":"","_monsterinsights_sitenote_category":0},"product_brand":[],"product_cat":[12291,12711],"product_tag":[],"class_list":{"0":"post-721142","1":"product","2":"type-product","3":"status-publish","5":"product_cat-edebiyat","6":"product_cat-roman-oyku","7":"pa_cilt-ciltsiz","8":"pa_tur-kitap","9":"pa_yayinevi-bilgi-yayinevi","10":"pa_yazar-mihail-bulgakov","12":"first","13":"instock","14":"sale","15":"shipping-taxable","16":"purchasable","17":"product-type-simple"},"_links":{"self":[{"href":"https:\/\/roveyayinevi.com.tr\/index.php\/wp-json\/wp\/v2\/product\/721142","targetHints":{"allow":["GET"]}}],"collection":[{"href":"https:\/\/roveyayinevi.com.tr\/index.php\/wp-json\/wp\/v2\/product"}],"about":[{"href":"https:\/\/roveyayinevi.com.tr\/index.php\/wp-json\/wp\/v2\/types\/product"}],"wp:attachment":[{"href":"https:\/\/roveyayinevi.com.tr\/index.php\/wp-json\/wp\/v2\/media?parent=721142"}],"wp:term":[{"taxonomy":"product_brand","embeddable":true,"href":"https:\/\/roveyayinevi.com.tr\/index.php\/wp-json\/wp\/v2\/product_brand?post=721142"},{"taxonomy":"product_cat","embeddable":true,"href":"https:\/\/roveyayinevi.com.tr\/index.php\/wp-json\/wp\/v2\/product_cat?post=721142"},{"taxonomy":"product_tag","embeddable":true,"href":"https:\/\/roveyayinevi.com.tr\/index.php\/wp-json\/wp\/v2\/product_tag?post=721142"}],"curies":[{"name":"wp","href":"https:\/\/api.w.org\/{rel}","templated":true}]}}