{"id":721140,"date":"2025-08-27T18:46:02","date_gmt":"2025-08-27T15:46:02","guid":{"rendered":"https:\/\/roveyayinevi.com.tr\/index.php\/urun\/canavar-pesinde-60\/"},"modified":"2026-04-13T02:35:50","modified_gmt":"2026-04-12T23:35:50","slug":"canavar-pesinde-60","status":"publish","type":"product","link":"https:\/\/roveyayinevi.com.tr\/index.php\/urun\/canavar-pesinde-60\/","title":{"rendered":"Canavar Pe\u015finde 60"},"content":{"rendered":"<p>Korkunun Efendisi KurukafaYepyeni Canavar Pe\u015finde maceras\u0131na ho\u015f geldiniz: Canavarlar\u0131n Efendisi.Malvel\u2019in en korkutucu Canavar\u0131 Korkunun Efendisi Kurukafa, Kral Hugo\u2019yu ka\u00e7\u0131rd\u0131.E\u011fer Tom onu kurtaramazsa Avantia k\u00f6t\u00fcl\u00fc\u011fe teslim olacakt\u0131.Bu kez Tom\u2019un her zamankinden daha b\u00fcy\u00fck bir k\u00f6t\u00fcl\u00fckle m\u00fccadele etmesi gerekiyordu.Tom, Korkunun Efendisi Kurukafa\u2019y\u0131 yenerek hem Avantia\u2019y\u0131 hem de kral\u0131 kurtarabilecek mi?<\/p>\n","protected":false},"excerpt":{"rendered":"<p>Korkunun Efendisi KurukafaYepyeni Canavar Pe\u015finde maceras\u0131na ho\u015f geldiniz: Canavarlar\u0131n Efendisi.Malvel\u2019in en korkutucu Canavar\u0131 Korkunun Efendisi Kurukafa, Kral Hugo\u2019yu ka\u00e7\u0131rd\u0131.E\u011fer Tom onu kurtaramazsa Avantia k\u00f6t\u00fcl\u00fc\u011fe teslim olacakt\u0131.Bu<span class=\"excerpt-hellip\"> [\u2026]<\/span><\/p>\n","protected":false},"featured_media":0,"template":"","meta":{"_monsterinsights_skip_tracking":false,"_monsterinsights_sitenote_active":false,"_monsterinsights_sitenote_note":"","_monsterinsights_sitenote_category":0},"product_brand":[],"product_cat":[12274,12284],"product_tag":[],"class_list":{"0":"post-721140","1":"product","2":"type-product","3":"status-publish","5":"product_cat-cocuk-ve-genclik-kitaplari","6":"product_cat-hikayeler","7":"pa_cilt-ciltsiz","8":"pa_tur-kitap","9":"pa_yayinevi-beyaz-balina-yayinlari","10":"pa_yazar-adam-blade","12":"first","13":"instock","14":"sale","15":"shipping-taxable","16":"purchasable","17":"product-type-simple"},"_links":{"self":[{"href":"https:\/\/roveyayinevi.com.tr\/index.php\/wp-json\/wp\/v2\/product\/721140","targetHints":{"allow":["GET"]}}],"collection":[{"href":"https:\/\/roveyayinevi.com.tr\/index.php\/wp-json\/wp\/v2\/product"}],"about":[{"href":"https:\/\/roveyayinevi.com.tr\/index.php\/wp-json\/wp\/v2\/types\/product"}],"wp:attachment":[{"href":"https:\/\/roveyayinevi.com.tr\/index.php\/wp-json\/wp\/v2\/media?parent=721140"}],"wp:term":[{"taxonomy":"product_brand","embeddable":true,"href":"https:\/\/roveyayinevi.com.tr\/index.php\/wp-json\/wp\/v2\/product_brand?post=721140"},{"taxonomy":"product_cat","embeddable":true,"href":"https:\/\/roveyayinevi.com.tr\/index.php\/wp-json\/wp\/v2\/product_cat?post=721140"},{"taxonomy":"product_tag","embeddable":true,"href":"https:\/\/roveyayinevi.com.tr\/index.php\/wp-json\/wp\/v2\/product_tag?post=721140"}],"curies":[{"name":"wp","href":"https:\/\/api.w.org\/{rel}","templated":true}]}}