{"id":721139,"date":"2025-08-27T18:46:01","date_gmt":"2025-08-27T15:46:01","guid":{"rendered":"https:\/\/roveyayinevi.com.tr\/index.php\/urun\/mistral\/"},"modified":"2026-04-16T02:29:16","modified_gmt":"2026-04-15T23:29:16","slug":"mistral","status":"publish","type":"product","link":"https:\/\/roveyayinevi.com.tr\/index.php\/urun\/mistral\/","title":{"rendered":"Mistral"},"content":{"rendered":"<p>Klasiklere yara\u015f\u0131r bir romantizm, r\u00fczg\u00e2rl\u0131 bir a\u015fk hik\u00e2yesi.Mistral. Akdeniz\u2019e esen so\u011fuk bir r\u00fczg\u00e2r&#8230; Mistral. Koylar\u0131yla benzersiz, u\u00e7urumlar\u0131yla tehlikeli k\u00fc\u00e7\u00fck adas\u0131nda b\u00fcy\u00fcyen yaln\u0131z bir gen\u00e7&#8230; Cloe. Ard\u0131nda duygu dalgalar\u0131 b\u0131rakan gen\u00e7 bir k\u0131z&#8230; Ada. K\u0131y\u0131s\u0131na yana\u015facak de\u011fi\u015fimin fark\u0131nda de\u011fil.Avrupa\u2019n\u0131n en \u00f6nemli yazarlar\u0131 aras\u0131nda yer alan Angela Nanetti\u2019den, ABD, Fransa ve \u0130talya\u2019da \u00f6nemli \u00f6d\u00fcllere de\u011fer g\u00f6r\u00fclm\u00fc\u015f \u00e7arp\u0131c\u0131 bir roman! Adal\u0131 insanla kentli insan\u0131n varolu\u015f bi\u00e7imlerini yal\u0131n ama g\u00fc\u00e7l\u00fc bir dille \u00f6yk\u00fcle\u015ftiren yazar, gen\u00e7li\u011fin girdab\u0131nda sevgiye, tutkuya ve a\u015fka dair bir aray\u0131\u015f yolculu\u011fu anlat\u0131yor. Modern zamanlar\u0131n h\u0131z\u0131na inat, umut dolu bir bekleyi\u015fle, farkl\u0131 d\u00fcnyalar\u0131n uzakl\u0131\u011f\u0131na evrensel bir sevgi diliyle kar\u015f\u0131 \u00e7\u0131k\u0131yor. Nanetti\u2019nin muhte\u015fem betimlemeleri, okuru hayalle ger\u00e7e\u011fin i\u00e7 i\u00e7e ge\u00e7ti\u011fi, b\u00fcy\u00fcl\u00fc ezgilerin arka fondan hi\u00e7 eksilmedi\u011fi bir adaya davet ederken, klasiklere yara\u015f\u0131r, \u00f6zlenen bir romantizm sunuyor.Ak\u0131llardan \u00e7\u0131kmayacak bir eve d\u00f6n\u00fc\u015f olmu\u015ftu; nitekim Mistral hi\u00e7 unutmayacakt\u0131. Ya\u015famla ba\u015f\u0131n\u0131n derde girdi\u011fi karanl\u0131k anlar\u0131nda, an\u0131lar\u0131ndaki o \u00e2n\u0131 hat\u0131rlayacakt\u0131. Art\u0131k uzaklarda kalm\u0131\u015f o g\u00fcnk\u00fc mutluluklar\u0131ndan g\u00fc\u00e7 ve enerji almaya \u00e7al\u0131\u015facak ve nas\u0131l bir zamanlar mutlulukla tan\u0131\u015fm\u0131\u015f ve onu tatm\u0131\u015fsa, yine bulabilece\u011fini d\u00fc\u015f\u00fcnecekti hep<\/p>\n","protected":false},"excerpt":{"rendered":"<p>Klasiklere yara\u015f\u0131r bir romantizm, r\u00fczg\u00e2rl\u0131 bir a\u015fk hik\u00e2yesi.Mistral. Akdeniz\u2019e esen so\u011fuk bir r\u00fczg\u00e2r&#8230; Mistral. Koylar\u0131yla benzersiz, u\u00e7urumlar\u0131yla tehlikeli k\u00fc\u00e7\u00fck adas\u0131nda b\u00fcy\u00fcyen yaln\u0131z bir gen\u00e7&#8230; Cloe. Ard\u0131nda<span class=\"excerpt-hellip\"> [\u2026]<\/span><\/p>\n","protected":false},"featured_media":0,"template":"","meta":{"_monsterinsights_skip_tracking":false,"_monsterinsights_sitenote_active":false,"_monsterinsights_sitenote_note":"","_monsterinsights_sitenote_category":0},"product_brand":[],"product_cat":[12291,12711],"product_tag":[],"class_list":{"0":"post-721139","1":"product","2":"type-product","3":"status-publish","5":"product_cat-edebiyat","6":"product_cat-roman-oyku","7":"pa_cilt-ciltsiz","8":"pa_tur-kitap","9":"pa_yayinevi-on8-kitap","10":"pa_yazar-angela-nanetti","12":"first","13":"instock","14":"sale","15":"shipping-taxable","16":"purchasable","17":"product-type-simple"},"_links":{"self":[{"href":"https:\/\/roveyayinevi.com.tr\/index.php\/wp-json\/wp\/v2\/product\/721139","targetHints":{"allow":["GET"]}}],"collection":[{"href":"https:\/\/roveyayinevi.com.tr\/index.php\/wp-json\/wp\/v2\/product"}],"about":[{"href":"https:\/\/roveyayinevi.com.tr\/index.php\/wp-json\/wp\/v2\/types\/product"}],"wp:attachment":[{"href":"https:\/\/roveyayinevi.com.tr\/index.php\/wp-json\/wp\/v2\/media?parent=721139"}],"wp:term":[{"taxonomy":"product_brand","embeddable":true,"href":"https:\/\/roveyayinevi.com.tr\/index.php\/wp-json\/wp\/v2\/product_brand?post=721139"},{"taxonomy":"product_cat","embeddable":true,"href":"https:\/\/roveyayinevi.com.tr\/index.php\/wp-json\/wp\/v2\/product_cat?post=721139"},{"taxonomy":"product_tag","embeddable":true,"href":"https:\/\/roveyayinevi.com.tr\/index.php\/wp-json\/wp\/v2\/product_tag?post=721139"}],"curies":[{"name":"wp","href":"https:\/\/api.w.org\/{rel}","templated":true}]}}