{"id":721138,"date":"2025-08-27T18:46:00","date_gmt":"2025-08-27T15:46:00","guid":{"rendered":"https:\/\/roveyayinevi.com.tr\/index.php\/urun\/3-silahsorler\/"},"modified":"2026-04-16T02:29:16","modified_gmt":"2026-04-15T23:29:16","slug":"3-silahsorler","status":"publish","type":"product","link":"https:\/\/roveyayinevi.com.tr\/index.php\/urun\/3-silahsorler\/","title":{"rendered":"3 Silah\u015f\u00f6rler"},"content":{"rendered":"<p>Paris, 1626. Gen\u00e7 d\u2019Artagnan, Kral Louis\u2019in silah\u015f\u00f6rlerine kat\u0131lmaya karar verdi\u011finde, hayalinde maceralarla dolu bir ya\u015fam vard\u0131r.Ger\u00e7ekten de, k\u0131sa s\u00fcre i\u00e7inde kendini d\u00fcellolar, entrikalar ve tehlikelerle dolu bir d\u00fcnyada bulur.Alexandre Dumas\u2019n\u0131n \u00fcnl\u00fc klasi\u011finden uyarlanan bu hik\u00e2yede, d\u2019Artagnan\u2019\u0131n ve \u00fcnl\u00fc \u00dc\u00e7 Silah\u015f\u00f6rlerin &#8211; Porthos, Athos and Aramis\u2019in &#8211; adalet u\u011fruna k\u0131l\u0131\u00e7 sallad\u0131klar\u0131 biribirinden heyecanl\u0131 maceralar\u0131n\u0131 okuyacaks\u0131n\u0131z.<\/p>\n","protected":false},"excerpt":{"rendered":"<p>Paris, 1626. Gen\u00e7 d\u2019Artagnan, Kral Louis\u2019in silah\u015f\u00f6rlerine kat\u0131lmaya karar verdi\u011finde, hayalinde maceralarla dolu bir ya\u015fam vard\u0131r.Ger\u00e7ekten de, k\u0131sa s\u00fcre i\u00e7inde kendini d\u00fcellolar, entrikalar ve tehlikelerle dolu<span class=\"excerpt-hellip\"> [\u2026]<\/span><\/p>\n","protected":false},"featured_media":0,"template":"","meta":{"_monsterinsights_skip_tracking":false,"_monsterinsights_sitenote_active":false,"_monsterinsights_sitenote_note":"","_monsterinsights_sitenote_category":0},"product_brand":[],"product_cat":[12416,12291],"product_tag":[],"class_list":{"0":"post-721138","1":"product","2":"type-product","3":"status-publish","5":"product_cat-cizgi-roman","6":"product_cat-edebiyat","7":"pa_cilt-ciltsiz","8":"pa_tur-kitap","9":"pa_yayinevi-remzi-kitabevi","10":"pa_yazar-russell-punter-matteo-pincelli","12":"first","13":"instock","14":"sale","15":"shipping-taxable","16":"purchasable","17":"product-type-simple"},"_links":{"self":[{"href":"https:\/\/roveyayinevi.com.tr\/index.php\/wp-json\/wp\/v2\/product\/721138","targetHints":{"allow":["GET"]}}],"collection":[{"href":"https:\/\/roveyayinevi.com.tr\/index.php\/wp-json\/wp\/v2\/product"}],"about":[{"href":"https:\/\/roveyayinevi.com.tr\/index.php\/wp-json\/wp\/v2\/types\/product"}],"wp:attachment":[{"href":"https:\/\/roveyayinevi.com.tr\/index.php\/wp-json\/wp\/v2\/media?parent=721138"}],"wp:term":[{"taxonomy":"product_brand","embeddable":true,"href":"https:\/\/roveyayinevi.com.tr\/index.php\/wp-json\/wp\/v2\/product_brand?post=721138"},{"taxonomy":"product_cat","embeddable":true,"href":"https:\/\/roveyayinevi.com.tr\/index.php\/wp-json\/wp\/v2\/product_cat?post=721138"},{"taxonomy":"product_tag","embeddable":true,"href":"https:\/\/roveyayinevi.com.tr\/index.php\/wp-json\/wp\/v2\/product_tag?post=721138"}],"curies":[{"name":"wp","href":"https:\/\/api.w.org\/{rel}","templated":true}]}}