{"id":721137,"date":"2025-08-27T18:45:59","date_gmt":"2025-08-27T15:45:59","guid":{"rendered":"https:\/\/roveyayinevi.com.tr\/index.php\/urun\/buyuyunce-ne-olacaksin-mavi\/"},"modified":"2026-04-12T02:34:52","modified_gmt":"2026-04-11T23:34:52","slug":"buyuyunce-ne-olacaksin-mavi","status":"publish","type":"product","link":"https:\/\/roveyayinevi.com.tr\/index.php\/urun\/buyuyunce-ne-olacaksin-mavi\/","title":{"rendered":"B\u00fcy\u00fcy\u00fcnce Ne Olacaks\u0131n Mavi?"},"content":{"rendered":"<p>Bu, Mavi\u2019nin hik\u00e2yesi.  Mavi s\u00fcrekli hoplar, z\u0131plard\u0131, hi\u00e7 mi hi\u00e7 bitmezdi enerjisi.  En sevdi\u011fi \u015fey resim yapmakt\u0131, hayal g\u00fcc\u00fc s\u0131n\u0131r tan\u0131mazd\u0131&#8230; Bir g\u00fcn yuvas\u0131ndan d\u00fc\u015fm\u00fc\u015f bir ku\u015fa yard\u0131m etti.  \u201cNe g\u00fczelmi\u015f hayvanlara yard\u0131m etmek! B\u00fcy\u00fcy\u00fcnce veteriner olaca\u011f\u0131m,\u201d dedi. Bir gece penceresinden y\u0131ld\u0131zlara bakarken,  \u201cY\u0131ld\u0131zlar ne kadar da g\u00fczel, ke\u015fke onlara yak\u0131n olsam!  Evet, kesin karar\u0131m\u0131 verdim.  B\u00fcy\u00fcy\u00fcnce astronot olaca\u011f\u0131m,\u201d dedi. Ah! T\u00fcm meslekler ne kadar da e\u011flenceliydi, peki Mavi hangisine karar verecekti?  <\/p>\n","protected":false},"excerpt":{"rendered":"<p>Bu, Mavi\u2019nin hik\u00e2yesi. Mavi s\u00fcrekli hoplar, z\u0131plard\u0131, hi\u00e7 mi hi\u00e7 bitmezdi enerjisi. En sevdi\u011fi \u015fey resim yapmakt\u0131, hayal g\u00fcc\u00fc s\u0131n\u0131r tan\u0131mazd\u0131&#8230; Bir g\u00fcn yuvas\u0131ndan d\u00fc\u015fm\u00fc\u015f bir<span class=\"excerpt-hellip\"> [\u2026]<\/span><\/p>\n","protected":false},"featured_media":0,"template":"","meta":{"_monsterinsights_skip_tracking":false,"_monsterinsights_sitenote_active":false,"_monsterinsights_sitenote_note":"","_monsterinsights_sitenote_category":0},"product_brand":[],"product_cat":[12274,12284],"product_tag":[],"class_list":{"0":"post-721137","1":"product","2":"type-product","3":"status-publish","5":"product_cat-cocuk-ve-genclik-kitaplari","6":"product_cat-hikayeler","7":"pa_cilt-ciltsiz","8":"pa_tur-kitap","9":"pa_yayinevi-ucan-fil-yayinlari","10":"pa_yazar-dilara-kavaklioglu","12":"first","13":"instock","14":"sale","15":"shipping-taxable","16":"purchasable","17":"product-type-simple"},"_links":{"self":[{"href":"https:\/\/roveyayinevi.com.tr\/index.php\/wp-json\/wp\/v2\/product\/721137","targetHints":{"allow":["GET"]}}],"collection":[{"href":"https:\/\/roveyayinevi.com.tr\/index.php\/wp-json\/wp\/v2\/product"}],"about":[{"href":"https:\/\/roveyayinevi.com.tr\/index.php\/wp-json\/wp\/v2\/types\/product"}],"wp:attachment":[{"href":"https:\/\/roveyayinevi.com.tr\/index.php\/wp-json\/wp\/v2\/media?parent=721137"}],"wp:term":[{"taxonomy":"product_brand","embeddable":true,"href":"https:\/\/roveyayinevi.com.tr\/index.php\/wp-json\/wp\/v2\/product_brand?post=721137"},{"taxonomy":"product_cat","embeddable":true,"href":"https:\/\/roveyayinevi.com.tr\/index.php\/wp-json\/wp\/v2\/product_cat?post=721137"},{"taxonomy":"product_tag","embeddable":true,"href":"https:\/\/roveyayinevi.com.tr\/index.php\/wp-json\/wp\/v2\/product_tag?post=721137"}],"curies":[{"name":"wp","href":"https:\/\/api.w.org\/{rel}","templated":true}]}}