{"id":721136,"date":"2025-08-27T18:45:58","date_gmt":"2025-08-27T15:45:58","guid":{"rendered":"https:\/\/roveyayinevi.com.tr\/index.php\/urun\/londra-nehirleri\/"},"modified":"2026-04-16T02:29:16","modified_gmt":"2026-04-15T23:29:16","slug":"londra-nehirleri","status":"publish","type":"product","link":"https:\/\/roveyayinevi.com.tr\/index.php\/urun\/londra-nehirleri\/","title":{"rendered":"Londra Nehirleri"},"content":{"rendered":"<p>&#8220;CSI ve Harry Potter&#8217;\u0131n harikulade kar\u0131\u015f\u0131m\u0131.\u201d   \u201cLondra Nehirleri tam olarak Harry Potter b\u00fcy\u00fcy\u00fcp polis te\u015fkilat\u0131na kat\u0131lsa i\u015flerin nas\u0131l olaca\u011f\u0131n\u0131 anlat\u0131yor. E\u011flenceli ve fazlas\u0131yla muzip.\u201d-Diana Gabaldon Stajyer polis memuru Peter Grant&#8217;in tek bir hayali vard\u0131r: Bir g\u00fcn Londra Metropolitan Polis Te\u015fkilat\u0131&#8217;nda dedektif olmak. Ne yaz\u0131k ki te\u015fkilattaki \u00fcstleri onunla ayn\u0131 fikirde de\u011fildir. Peter kar\u015f\u0131la\u015faca\u011f\u0131 en b\u00fcy\u00fck tehlikenin k\u00e2\u011f\u0131t kesi\u011finden \u00f6teye ge\u00e7meyece\u011fi Vaka Takip Birimi&#8217;nde g\u00f6revlendirilir. Art\u0131k bu s\u0131k\u0131c\u0131 ve pek de arzu etmedi\u011fi vazifeyi s\u00fcrd\u00fcrmek zorundad\u0131r, ta ki t\u00fcm hayat\u0131n\u0131 de\u011fi\u015ftirecek o karma\u015f\u0131k cinayete kadar&#8230; Peter, hayalet olan g\u00f6rg\u00fc tan\u0131\u011f\u0131ndan cinayetle ilgili \u00e7ok \u00f6zel bilgiler edinmeyi ba\u015far\u0131r ve bu becerisi onun te\u015fkilattaki konumunun tekrar g\u00f6zden ge\u00e7irilmesini sa\u011flar. Aram\u0131zdan ayr\u0131lamam\u0131\u015f \u00f6l\u00fclerle ileti\u015fim kurabilmesi, onu b\u00fcy\u00fc ve tekinsizlerin di\u011fer tezah\u00fcrleriyle alakal\u0131 su\u00e7lar\u0131n soru\u015fturmalar\u0131n\u0131 y\u00fcr\u00fcten Ba\u015fm\u00fcfetti\u015f Thomas Nightingale\u2019in ilgi oda\u011f\u0131 haline getirir. Londra \u00e7ok zor g\u00fcnler ge\u00e7irmektedir. Ac\u0131mas\u0131z ve tuhaf cinayetler d\u00f6rt bir yan\u0131 sarm\u0131\u015f; uzun s\u00fcredir gizlenen bir karanl\u0131k, artan b\u00fcy\u00fc dalgas\u0131yla yeniden harekete ge\u00e7mi\u015ftir. Tanr\u0131lar\u0131n ve tanr\u0131\u00e7alar\u0131n \u00f6l\u00fcml\u00fclerle i\u00e7 i\u00e7e ya\u015fad\u0131\u011f\u0131 bu gizemli ve karanl\u0131k d\u00fcnyada Peter kendi yolunu bulmak zorundad\u0131r.\u201cDetaylarla ve hayal g\u00fcc\u00fcyle dolu\u2026 Aaronovitch ka\u00e7\u0131r\u0131lmamas\u0131 gereken bir isim.\u201d        -Peter F. Hamilton\u201cYepyeni, \u00f6zg\u00fcn ve harikulade\u2026 Bay\u0131ld\u0131m.\u201d -Charlaine Harris \u201cAaronovitch keyifli ve e\u011flenceli bir karakter yaratm\u0131\u015f: Grant. Umuyoruz ki upuzun olacak bir macera serisine harika bir giri\u015f.\u201d-SFrevu <\/p>\n","protected":false},"excerpt":{"rendered":"<p>&#8220;CSI ve Harry Potter&#8217;\u0131n harikulade kar\u0131\u015f\u0131m\u0131.\u201d \u201cLondra Nehirleri tam olarak Harry Potter b\u00fcy\u00fcy\u00fcp polis te\u015fkilat\u0131na kat\u0131lsa i\u015flerin nas\u0131l olaca\u011f\u0131n\u0131 anlat\u0131yor. E\u011flenceli ve fazlas\u0131yla muzip.\u201d-Diana Gabaldon Stajyer<span class=\"excerpt-hellip\"> [\u2026]<\/span><\/p>\n","protected":false},"featured_media":0,"template":"","meta":{"_monsterinsights_skip_tracking":false,"_monsterinsights_sitenote_active":false,"_monsterinsights_sitenote_note":"","_monsterinsights_sitenote_category":0},"product_brand":[],"product_cat":[12291,12711],"product_tag":[],"class_list":{"0":"post-721136","1":"product","2":"type-product","3":"status-publish","5":"product_cat-edebiyat","6":"product_cat-roman-oyku","7":"pa_cilt-ciltsiz","8":"pa_tur-kitap","9":"pa_yayinevi-epsilon-yayinlari","10":"pa_yazar-ben-aaronovitch","12":"first","13":"instock","14":"sale","15":"shipping-taxable","16":"purchasable","17":"product-type-simple"},"_links":{"self":[{"href":"https:\/\/roveyayinevi.com.tr\/index.php\/wp-json\/wp\/v2\/product\/721136","targetHints":{"allow":["GET"]}}],"collection":[{"href":"https:\/\/roveyayinevi.com.tr\/index.php\/wp-json\/wp\/v2\/product"}],"about":[{"href":"https:\/\/roveyayinevi.com.tr\/index.php\/wp-json\/wp\/v2\/types\/product"}],"wp:attachment":[{"href":"https:\/\/roveyayinevi.com.tr\/index.php\/wp-json\/wp\/v2\/media?parent=721136"}],"wp:term":[{"taxonomy":"product_brand","embeddable":true,"href":"https:\/\/roveyayinevi.com.tr\/index.php\/wp-json\/wp\/v2\/product_brand?post=721136"},{"taxonomy":"product_cat","embeddable":true,"href":"https:\/\/roveyayinevi.com.tr\/index.php\/wp-json\/wp\/v2\/product_cat?post=721136"},{"taxonomy":"product_tag","embeddable":true,"href":"https:\/\/roveyayinevi.com.tr\/index.php\/wp-json\/wp\/v2\/product_tag?post=721136"}],"curies":[{"name":"wp","href":"https:\/\/api.w.org\/{rel}","templated":true}]}}