{"id":721135,"date":"2025-08-27T18:45:57","date_gmt":"2025-08-27T15:45:57","guid":{"rendered":"https:\/\/roveyayinevi.com.tr\/index.php\/urun\/meyra\/"},"modified":"2025-09-09T12:32:39","modified_gmt":"2025-09-09T09:32:39","slug":"meyra","status":"publish","type":"product","link":"https:\/\/roveyayinevi.com.tr\/index.php\/urun\/meyra\/","title":{"rendered":"Meyra"},"content":{"rendered":"<p>\u201cSon g\u00fcnlerde,\u201d diye konu\u015fmas\u0131n\u0131 s\u00fcrd\u00fcrd\u00fc Meyra, \u201cbir duygu her karanl\u0131k \u00e7\u00f6k\u00fc\u015f\u00fcnde gelip yakama yap\u0131\u015f\u0131yor. Onu yenmek i\u00e7in bir \u015feyler yapmak zorunda hissediyorum kendimi. Bazen korkum ve \u00fcz\u00fcnt\u00fcm birbirine kar\u0131\u015f\u0131yor. Sabr\u0131m, b\u00fct\u00fcn korkular\u0131m, belirsizliklerim ve ac\u0131lar\u0131m\u2026 Hepsi sanki bu duyguda bir araya gelmi\u015f gibi. \u0130\u015fte o zaman akl\u0131ma sen geliyorsun, seni d\u00fc\u015f\u00fcn\u00fcyorum. \u00d6zellikle de ak\u015fam\u0131n o ilk saatlerinde&#8230;\u201dMeyra: Bir Bosna Hik\u00e2yesi, Avrupa\u2019n\u0131n orta yerinde, b\u00fct\u00fcn d\u00fcnyan\u0131n g\u00f6zlerinin \u00f6n\u00fcnde ger\u00e7ekle\u015fen 20. y\u00fczy\u0131l\u0131n en b\u00fcy\u00fck trajedisine, Bosnal\u0131 M\u00fcsl\u00fcmanlar\u0131n soyk\u0131r\u0131m\u0131na odaklan\u0131yor. Tamamen ger\u00e7eklere dayanan ki\u015fisel hik\u00e2yelerden, ac\u0131lardan yola \u00e7\u0131kan Sinan Aky\u00fcz, sadece siyasi meseleleri etkili bir bi\u00e7imde ortaya koymakla kalm\u0131yor, mikro d\u00fczeyde iki insan aras\u0131nda kom\u015fu, arkada\u015f, sevgili, akraba olu\u015fan duygular\u0131 da ustal\u0131kla g\u00f6zler \u00f6n\u00fcne seriyor.<\/p>\n","protected":false},"excerpt":{"rendered":"<p>\u201cSon g\u00fcnlerde,\u201d diye konu\u015fmas\u0131n\u0131 s\u00fcrd\u00fcrd\u00fc Meyra, \u201cbir duygu her karanl\u0131k \u00e7\u00f6k\u00fc\u015f\u00fcnde gelip yakama yap\u0131\u015f\u0131yor. Onu yenmek i\u00e7in bir \u015feyler yapmak zorunda hissediyorum kendimi. Bazen korkum ve<span class=\"excerpt-hellip\"> [\u2026]<\/span><\/p>\n","protected":false},"featured_media":0,"template":"","meta":{"_monsterinsights_skip_tracking":false,"_monsterinsights_sitenote_active":false,"_monsterinsights_sitenote_note":"","_monsterinsights_sitenote_category":0},"product_brand":[],"product_cat":[12291,12711],"product_tag":[],"class_list":{"0":"post-721135","1":"product","2":"type-product","3":"status-publish","5":"product_cat-edebiyat","6":"product_cat-roman-oyku","7":"pa_cilt-ciltsiz","8":"pa_tur-kitap","9":"pa_yayinevi-alfa-yayinlari","10":"pa_yazar-sinan-akyuz","12":"first","13":"instock","14":"sale","15":"shipping-taxable","16":"purchasable","17":"product-type-simple"},"_links":{"self":[{"href":"https:\/\/roveyayinevi.com.tr\/index.php\/wp-json\/wp\/v2\/product\/721135","targetHints":{"allow":["GET"]}}],"collection":[{"href":"https:\/\/roveyayinevi.com.tr\/index.php\/wp-json\/wp\/v2\/product"}],"about":[{"href":"https:\/\/roveyayinevi.com.tr\/index.php\/wp-json\/wp\/v2\/types\/product"}],"wp:attachment":[{"href":"https:\/\/roveyayinevi.com.tr\/index.php\/wp-json\/wp\/v2\/media?parent=721135"}],"wp:term":[{"taxonomy":"product_brand","embeddable":true,"href":"https:\/\/roveyayinevi.com.tr\/index.php\/wp-json\/wp\/v2\/product_brand?post=721135"},{"taxonomy":"product_cat","embeddable":true,"href":"https:\/\/roveyayinevi.com.tr\/index.php\/wp-json\/wp\/v2\/product_cat?post=721135"},{"taxonomy":"product_tag","embeddable":true,"href":"https:\/\/roveyayinevi.com.tr\/index.php\/wp-json\/wp\/v2\/product_tag?post=721135"}],"curies":[{"name":"wp","href":"https:\/\/api.w.org\/{rel}","templated":true}]}}