{"id":721131,"date":"2025-08-27T18:45:54","date_gmt":"2025-08-27T15:45:54","guid":{"rendered":"https:\/\/roveyayinevi.com.tr\/index.php\/urun\/yuksekogretimin-yonetimi\/"},"modified":"2026-04-07T02:37:47","modified_gmt":"2026-04-06T23:37:47","slug":"yuksekogretimin-yonetimi","status":"publish","type":"product","link":"https:\/\/roveyayinevi.com.tr\/index.php\/urun\/yuksekogretimin-yonetimi\/","title":{"rendered":"Y\u00fcksek\u00f6\u011fretimin Y\u00f6netimi"},"content":{"rendered":"<p>Bu kitap, y\u00fcksek\u00f6\u011fretim kurumlar\u0131nda \u015fu an y\u00f6neticilik yapanlar\u0131n, yapmay\u0131 planlayanlar\u0131n, doktora \u00f6\u011frencilerinin, y\u00fcksek lisans \u00f6\u011frencilerinin ve y\u00fcksek\u00f6\u011fretime ilgi duyan herkesin bir \u015feyler \u00f6\u011frenebilece\u011fi bir kitap olarak tan\u0131mlanabilir. Kitab\u0131n b\u00f6l\u00fcm ba\u015fl\u0131klar\u0131 \u015fu \u015fekildedir: 1. B\u00f6l\u00fcm: Y\u00fcksek\u00f6\u011fretimin D\u00fcn\u00fc, Bug\u00fcn\u00fc ve Yar\u0131n\u0131, 2. B\u00f6l\u00fcm: Y\u00fcksek\u00f6\u011fretimde \u00d6rg\u00fct Yap\u0131s\u0131 ve K\u00fclt\u00fcr\u00fc, 3. B\u00f6l\u00fcm: Y\u00fcksek\u00f6\u011fretimde Liderlik, 4. B\u00f6l\u00fcm: \u00d6rg\u00fctsel \u0130maj ve Konumland\u0131rma Stratejileri, 5. B\u00f6l\u00fcm: Y\u00fcksek\u00f6\u011fretimde Uluslararas\u0131la\u015fma, 6. B\u00f6l\u00fcm: Kalite G\u00fcvence Politikalar\u0131 ve Uygulamalar\u0131, 7. B\u00f6l\u00fcm: Y\u00fcksek\u00f6\u011fretimde Karar Alma Yakla\u015f\u0131mlar\u0131 ve S\u00fcre\u00e7leri, 8. B\u00f6l\u00fcm: Y\u00fcksek\u00f6\u011fretimin Bireye ve Topluma Maliyeti, 9. B\u00f6l\u00fcm: Y\u00fcksek\u00f6\u011fretimde Sosyal Sorumluluk, 10. B\u00f6l\u00fcm: \u00d6rg\u00fctsel Esneklik ve Y\u00f6netim ve 11. B\u00f6l\u00fcm: Bili\u015fim Liderli\u011fi, \u00d6\u011frenen \u00d6rg\u00fct ve \u00dcniversite K\u00fclt\u00fcr\u00fc.<\/p>\n","protected":false},"excerpt":{"rendered":"<p>Bu kitap, y\u00fcksek\u00f6\u011fretim kurumlar\u0131nda \u015fu an y\u00f6neticilik yapanlar\u0131n, yapmay\u0131 planlayanlar\u0131n, doktora \u00f6\u011frencilerinin, y\u00fcksek lisans \u00f6\u011frencilerinin ve y\u00fcksek\u00f6\u011fretime ilgi duyan herkesin bir \u015feyler \u00f6\u011frenebilece\u011fi bir kitap olarak<span class=\"excerpt-hellip\"> [\u2026]<\/span><\/p>\n","protected":false},"featured_media":0,"template":"","meta":{"_monsterinsights_skip_tracking":false,"_monsterinsights_sitenote_active":false,"_monsterinsights_sitenote_note":"","_monsterinsights_sitenote_category":0},"product_brand":[],"product_cat":[12567,12566],"product_tag":[],"class_list":{"0":"post-721131","1":"product","2":"type-product","3":"status-publish","5":"product_cat-diger-egitim","6":"product_cat-egitim","7":"pa_cilt-ciltsiz","8":"pa_tur-kitap","9":"pa_yayinevi-ani-yayincilik","10":"pa_yazar-hakan-arslan","12":"first","13":"instock","14":"sale","15":"shipping-taxable","16":"purchasable","17":"product-type-simple"},"_links":{"self":[{"href":"https:\/\/roveyayinevi.com.tr\/index.php\/wp-json\/wp\/v2\/product\/721131","targetHints":{"allow":["GET"]}}],"collection":[{"href":"https:\/\/roveyayinevi.com.tr\/index.php\/wp-json\/wp\/v2\/product"}],"about":[{"href":"https:\/\/roveyayinevi.com.tr\/index.php\/wp-json\/wp\/v2\/types\/product"}],"wp:attachment":[{"href":"https:\/\/roveyayinevi.com.tr\/index.php\/wp-json\/wp\/v2\/media?parent=721131"}],"wp:term":[{"taxonomy":"product_brand","embeddable":true,"href":"https:\/\/roveyayinevi.com.tr\/index.php\/wp-json\/wp\/v2\/product_brand?post=721131"},{"taxonomy":"product_cat","embeddable":true,"href":"https:\/\/roveyayinevi.com.tr\/index.php\/wp-json\/wp\/v2\/product_cat?post=721131"},{"taxonomy":"product_tag","embeddable":true,"href":"https:\/\/roveyayinevi.com.tr\/index.php\/wp-json\/wp\/v2\/product_tag?post=721131"}],"curies":[{"name":"wp","href":"https:\/\/api.w.org\/{rel}","templated":true}]}}