{"id":721130,"date":"2025-08-27T18:45:53","date_gmt":"2025-08-27T15:45:53","guid":{"rendered":"https:\/\/roveyayinevi.com.tr\/index.php\/urun\/saglik-sosyolojisi\/"},"modified":"2026-04-16T02:29:16","modified_gmt":"2026-04-15T23:29:16","slug":"saglik-sosyolojisi","status":"publish","type":"product","link":"https:\/\/roveyayinevi.com.tr\/index.php\/urun\/saglik-sosyolojisi\/","title":{"rendered":"Sa\u011fl\u0131k Sosyolojisi"},"content":{"rendered":"<p>Bu \u00e7al\u0131\u015fmada sa\u011fl\u0131k-hastal\u0131k kavramlar\u0131 sosyolojik y\u00f6n\u00fcyle ele al\u0131nmaktad\u0131r. Birey-toplum ili\u015fkisinin sa\u011fl\u0131k alan\u0131ndaki yans\u0131malar\u0131 de\u011ferlendirilmektedir. D\u00fcnyada ve T\u00fcrkiye\u2019de \u00f6nde gelen sa\u011fl\u0131k sorunlar\u0131 tart\u0131\u015f\u0131lmakta ve \u00e7\u00f6z\u00fcm \u00f6nerileri getirilmektedir. Bu kapsamda sosyolojik teorilerde sa\u011fl\u0131k ile birlikte, k\u00fclt\u00fcr, medya, beden, spor, g\u00f6\u00e7, ekonomi, politika, \u015fiddet ile sa\u011fl\u0131k aras\u0131ndaki ili\u015fki ortaya konmaya \u00e7al\u0131\u015f\u0131lm\u0131\u015ft\u0131r. Sa\u011fl\u0131k \u00e7ok boyutlu olup yaln\u0131zca sa\u011fl\u0131k bilimcilerin \u00e7al\u0131\u015fmalar\u0131yla \u00e7\u00f6z\u00fcmlenebilecek bir alan de\u011fildir. Bu ger\u00e7eklikten hareketle elinizdeki metin, disiplinler aras\u0131 bir bak\u0131\u015f a\u00e7\u0131s\u0131yla sa\u011fl\u0131k ve sosyoloji alan\u0131nda \u00e7al\u0131\u015fan uzman akademisyenlerin bir araya gelerek olu\u015fturdu\u011fu bir \u00fcr\u00fcnd\u00fcr. Sa\u011fl\u0131k sosyolojisi \u00fclkemizde Bat\u0131\u2019daki geli\u015fimine paralel olarak geli\u015fim g\u00f6stermemi\u015ftir. Bu alandaki \u00e7al\u0131\u015fma say\u0131s\u0131 bir elin parmaklar\u0131n\u0131 ge\u00e7meyecek kadar azd\u0131r. Bu \u00e7al\u0131\u015fma, daha \u00f6nce sa\u011fl\u0131k sosyolojisi alan\u0131nda ortaya konulan bilgi birikiminden hareketle alana katk\u0131 sa\u011flama amac\u0131yla ortaya konulmu\u015ftur. \u00c7al\u0131\u015fman\u0131n ayn\u0131 zamanda lisans ve lisans\u00fcst\u00fc \u00f6\u011freniminde kaynak olarak faydal\u0131 olaca\u011f\u0131 d\u00fc\u015f\u00fcn\u00fclmektedir.<\/p>\n","protected":false},"excerpt":{"rendered":"<p>Bu \u00e7al\u0131\u015fmada sa\u011fl\u0131k-hastal\u0131k kavramlar\u0131 sosyolojik y\u00f6n\u00fcyle ele al\u0131nmaktad\u0131r. Birey-toplum ili\u015fkisinin sa\u011fl\u0131k alan\u0131ndaki yans\u0131malar\u0131 de\u011ferlendirilmektedir. D\u00fcnyada ve T\u00fcrkiye\u2019de \u00f6nde gelen sa\u011fl\u0131k sorunlar\u0131 tart\u0131\u015f\u0131lmakta ve \u00e7\u00f6z\u00fcm \u00f6nerileri getirilmektedir.<span class=\"excerpt-hellip\"> [\u2026]<\/span><\/p>\n","protected":false},"featured_media":0,"template":"","meta":{"_monsterinsights_skip_tracking":false,"_monsterinsights_sitenote_active":false,"_monsterinsights_sitenote_note":"","_monsterinsights_sitenote_category":0},"product_brand":[],"product_cat":[12325,12324],"product_tag":[],"class_list":{"0":"post-721130","1":"product","2":"type-product","3":"status-publish","5":"product_cat-diger-sosyoloji","6":"product_cat-sosyoloji","7":"pa_cilt-ciltsiz","8":"pa_tur-kitap","9":"pa_yayinevi-ani-yayincilik","10":"pa_yazar-yilmaz-dasli-erol-bulur","12":"first","13":"instock","14":"sale","15":"shipping-taxable","16":"purchasable","17":"product-type-simple"},"_links":{"self":[{"href":"https:\/\/roveyayinevi.com.tr\/index.php\/wp-json\/wp\/v2\/product\/721130","targetHints":{"allow":["GET"]}}],"collection":[{"href":"https:\/\/roveyayinevi.com.tr\/index.php\/wp-json\/wp\/v2\/product"}],"about":[{"href":"https:\/\/roveyayinevi.com.tr\/index.php\/wp-json\/wp\/v2\/types\/product"}],"wp:attachment":[{"href":"https:\/\/roveyayinevi.com.tr\/index.php\/wp-json\/wp\/v2\/media?parent=721130"}],"wp:term":[{"taxonomy":"product_brand","embeddable":true,"href":"https:\/\/roveyayinevi.com.tr\/index.php\/wp-json\/wp\/v2\/product_brand?post=721130"},{"taxonomy":"product_cat","embeddable":true,"href":"https:\/\/roveyayinevi.com.tr\/index.php\/wp-json\/wp\/v2\/product_cat?post=721130"},{"taxonomy":"product_tag","embeddable":true,"href":"https:\/\/roveyayinevi.com.tr\/index.php\/wp-json\/wp\/v2\/product_tag?post=721130"}],"curies":[{"name":"wp","href":"https:\/\/api.w.org\/{rel}","templated":true}]}}