{"id":721127,"date":"2025-08-27T18:45:51","date_gmt":"2025-08-27T15:45:51","guid":{"rendered":"https:\/\/roveyayinevi.com.tr\/index.php\/urun\/uykucu-silotla-uykusuz-kivi\/"},"modified":"2026-04-16T02:29:16","modified_gmt":"2026-04-15T23:29:16","slug":"uykucu-silotla-uykusuz-kivi","status":"publish","type":"product","link":"https:\/\/roveyayinevi.com.tr\/index.php\/urun\/uykucu-silotla-uykusuz-kivi\/","title":{"rendered":"Uykucu S\u0131lot\u2019la Uykusuz Kivi"},"content":{"rendered":"<p>Bu hik\u00e2yeyi \u0130pek Arman yazd\u0131, Okan B\u00fclb\u00fcl resimledi, \u00c7a\u011fatay Akyol ho\u015f bir ezgiye d\u00f6n\u00fc\u015ft\u00fcrd\u00fc. \u0130\u015fte uyku \u00f6ncesi okumalar\u0131 i\u00e7in ince d\u00fc\u015f\u00fcnceli, yeni bir arkada\u015f&#8230; \u00dcstelik minik arp dinletisiyle birlikte.   *** Pofidik S\u0131lot uykuya bay\u0131l\u0131rken Kivi hi\u00e7 uyumak istemiyor. \u00dcstelik yemek bulmak i\u00e7in geceleri hep ayakta. B\u00f6yle olunca S\u0131lot sabah uyand\u0131\u011f\u0131nda, Kivi\u2019yi hep uykulu buluyor. Birlikte oynayam\u0131yorlar bir t\u00fcrl\u00fc. Ama arkada\u015f\u0131n\u0131n iyili\u011fini isteyen S\u0131lot, bu duruma bir \u00e7\u00f6z\u00fcm getiriyor.   Ertesi g\u00fcn hava \u00e7ok g\u00fczel olacak. Acaba bu kez birlikte oynayabilecekler mi dersiniz? <\/p>\n","protected":false},"excerpt":{"rendered":"<p>Bu hik\u00e2yeyi \u0130pek Arman yazd\u0131, Okan B\u00fclb\u00fcl resimledi, \u00c7a\u011fatay Akyol ho\u015f bir ezgiye d\u00f6n\u00fc\u015ft\u00fcrd\u00fc. \u0130\u015fte uyku \u00f6ncesi okumalar\u0131 i\u00e7in ince d\u00fc\u015f\u00fcnceli, yeni bir arkada\u015f&#8230; \u00dcstelik minik<span class=\"excerpt-hellip\"> [\u2026]<\/span><\/p>\n","protected":false},"featured_media":0,"template":"","meta":{"_monsterinsights_skip_tracking":false,"_monsterinsights_sitenote_active":false,"_monsterinsights_sitenote_note":"","_monsterinsights_sitenote_category":0},"product_brand":[],"product_cat":[12274,12518],"product_tag":[],"class_list":{"0":"post-721127","1":"product","2":"type-product","3":"status-publish","5":"product_cat-cocuk-ve-genclik-kitaplari","6":"product_cat-okul-oncesi-kitaplar","7":"pa_cilt-ciltsiz","8":"pa_tur-kitap","9":"pa_yayinevi-elma-cocuk","10":"pa_yazar-ipek-arman-cagatay-akyol","12":"first","13":"instock","14":"sale","15":"shipping-taxable","16":"purchasable","17":"product-type-simple"},"_links":{"self":[{"href":"https:\/\/roveyayinevi.com.tr\/index.php\/wp-json\/wp\/v2\/product\/721127","targetHints":{"allow":["GET"]}}],"collection":[{"href":"https:\/\/roveyayinevi.com.tr\/index.php\/wp-json\/wp\/v2\/product"}],"about":[{"href":"https:\/\/roveyayinevi.com.tr\/index.php\/wp-json\/wp\/v2\/types\/product"}],"wp:attachment":[{"href":"https:\/\/roveyayinevi.com.tr\/index.php\/wp-json\/wp\/v2\/media?parent=721127"}],"wp:term":[{"taxonomy":"product_brand","embeddable":true,"href":"https:\/\/roveyayinevi.com.tr\/index.php\/wp-json\/wp\/v2\/product_brand?post=721127"},{"taxonomy":"product_cat","embeddable":true,"href":"https:\/\/roveyayinevi.com.tr\/index.php\/wp-json\/wp\/v2\/product_cat?post=721127"},{"taxonomy":"product_tag","embeddable":true,"href":"https:\/\/roveyayinevi.com.tr\/index.php\/wp-json\/wp\/v2\/product_tag?post=721127"}],"curies":[{"name":"wp","href":"https:\/\/api.w.org\/{rel}","templated":true}]}}