{"id":721126,"date":"2025-08-27T18:45:51","date_gmt":"2025-08-27T15:45:51","guid":{"rendered":"https:\/\/roveyayinevi.com.tr\/index.php\/urun\/suc-sosyolojisi\/"},"modified":"2026-04-16T02:29:16","modified_gmt":"2026-04-15T23:29:16","slug":"suc-sosyolojisi","status":"publish","type":"product","link":"https:\/\/roveyayinevi.com.tr\/index.php\/urun\/suc-sosyolojisi\/","title":{"rendered":"Su\u00e7 Sosyolojisi"},"content":{"rendered":"<p>1.    SOSYOLOJ\u0130K YAKLA\u015eIMLAR VE TEMEL KAVRAMLAR 2.    SOSYAL YAPI TEOR\u0130LER\u0130 3.    SOSYAL S\u00dcRE\u00c7 TEOR\u0130LER\u0130 4.    SOSYAL KONTROL TEOR\u0130LER\u0130 5.    SOSYAL TEPK\u0130 TEOR\u0130LER 6.    KENTLE\u015eME VE SU\u00c7 7.    SOSYALLE\u015eME VE SU\u00c7 1.    C\u0130NS\u0130YET VE SU\u00c7 2.    ORGAN\u0130ZE SU\u00c7LAR 3.    TER\u00d6R\u0130ZM\u0130N SOSYOLOJ\u0130S\u0130 4.    SOSYOLOJ\u0130K A\u00c7IDAN \u00c7OCUK SU\u00c7LULU\u011eU 5.    T\u00dcRK\u0130YE\u2019DE SU\u00c7, NEDENLER\u0130 VE SU\u00c7LU KARAKTER\u0130ST\u0130KLER\u0130 6.    B\u00d6L\u00dcM DE\u011eERLEND\u0130RME SORULARI <\/p>\n","protected":false},"excerpt":{"rendered":"<p>1. SOSYOLOJ\u0130K YAKLA\u015eIMLAR VE TEMEL KAVRAMLAR 2. SOSYAL YAPI TEOR\u0130LER\u0130 3. SOSYAL S\u00dcRE\u00c7 TEOR\u0130LER\u0130 4. SOSYAL KONTROL TEOR\u0130LER\u0130 5. SOSYAL TEPK\u0130 TEOR\u0130LER 6. KENTLE\u015eME VE SU\u00c7<span class=\"excerpt-hellip\"> [\u2026]<\/span><\/p>\n","protected":false},"featured_media":0,"template":"","meta":{"_monsterinsights_skip_tracking":false,"_monsterinsights_sitenote_active":false,"_monsterinsights_sitenote_note":"","_monsterinsights_sitenote_category":0},"product_brand":[],"product_cat":[12325,12324],"product_tag":[],"class_list":{"0":"post-721126","1":"product","2":"type-product","3":"status-publish","5":"product_cat-diger-sosyoloji","6":"product_cat-sosyoloji","7":"pa_cilt-ciltsiz","8":"pa_tur-kitap","9":"pa_yayinevi-gazi-kitabevi","10":"pa_yazar-idris-guclu-halil-akbas","12":"first","13":"instock","14":"sale","15":"shipping-taxable","16":"purchasable","17":"product-type-simple"},"_links":{"self":[{"href":"https:\/\/roveyayinevi.com.tr\/index.php\/wp-json\/wp\/v2\/product\/721126","targetHints":{"allow":["GET"]}}],"collection":[{"href":"https:\/\/roveyayinevi.com.tr\/index.php\/wp-json\/wp\/v2\/product"}],"about":[{"href":"https:\/\/roveyayinevi.com.tr\/index.php\/wp-json\/wp\/v2\/types\/product"}],"wp:attachment":[{"href":"https:\/\/roveyayinevi.com.tr\/index.php\/wp-json\/wp\/v2\/media?parent=721126"}],"wp:term":[{"taxonomy":"product_brand","embeddable":true,"href":"https:\/\/roveyayinevi.com.tr\/index.php\/wp-json\/wp\/v2\/product_brand?post=721126"},{"taxonomy":"product_cat","embeddable":true,"href":"https:\/\/roveyayinevi.com.tr\/index.php\/wp-json\/wp\/v2\/product_cat?post=721126"},{"taxonomy":"product_tag","embeddable":true,"href":"https:\/\/roveyayinevi.com.tr\/index.php\/wp-json\/wp\/v2\/product_tag?post=721126"}],"curies":[{"name":"wp","href":"https:\/\/api.w.org\/{rel}","templated":true}]}}