{"id":721124,"date":"2025-08-27T18:45:49","date_gmt":"2025-08-27T15:45:49","guid":{"rendered":"https:\/\/roveyayinevi.com.tr\/index.php\/urun\/gizemli-kule-dedektif-bol-belin-seruvenleri-4\/"},"modified":"2026-04-16T02:29:16","modified_gmt":"2026-04-15T23:29:16","slug":"gizemli-kule-dedektif-bol-belin-seruvenleri-4","status":"publish","type":"product","link":"https:\/\/roveyayinevi.com.tr\/index.php\/urun\/gizemli-kule-dedektif-bol-belin-seruvenleri-4\/","title":{"rendered":"Gizemli Kule &#8211; Dedektif Bol Bel&#8217;in Ser\u00fcvenleri &#8211; 4"},"content":{"rendered":"<p>\u0130stanbul\u2019un \u201chayalbaz\u0131\u201d Dedektif Bol Bel geri d\u00f6nd\u00fc!A\u015fk\u0131n G\u00fcng\u00f6r\u2019\u00fcn on binlerce \u00e7ocu\u011fa ula\u015fan \u201cDedektif Bol Bel\u2019in Ser\u00fcvenleri\u201d, d\u00f6rd\u00fcnc\u00fc kitap Gizemli Kule ile okurlar\u0131n\u0131 tehlikeli sularda y\u00fczd\u00fcr\u00fcyor, doludizgin bir maceraya s\u00fcr\u00fckl\u00fcyor.Yeni ser\u00fcveninde ge\u00e7mi\u015fiyle hesapla\u015fmak, ezel\u00ee ve ebed\u00ee rakipleriyle tekrardan y\u00fczle\u015fmek zorunda kalan Bol Bel, bu kez \u0130stanbul Bo\u011faz\u0131\u2019n\u0131n tam ortas\u0131nda aniden beliren bir kulenin esrar perdesini aral\u0131yor.Serinin belki de en karanl\u0131k halkas\u0131 olarak tan\u0131mlanabilecek Gizemli Kule; mizah\u0131n g\u00fcc\u00fcnden yard\u0131m alarak, korku unsurlar\u0131n\u0131 \u00e7ocuksu, hatta e\u011flenceli k\u0131lmay\u0131 ba\u015far\u0131yor ve bu farkl\u0131l\u0131\u011f\u0131yla bir dedektiflik hik\u00e2yesinden \u00e7ok daha fazlas\u0131n\u0131 vadediyor.Top gibi g\u00f6be\u011fi, yaz k\u0131\u015f \u00fczerinden hi\u00e7 \u00e7\u0131karmad\u0131\u011f\u0131 turuncu \u015fapkas\u0131 ve pard\u00f6s\u00fcs\u00fcyle Fillibaba yolunun \u00e7ocuk ruhlu \u201cyak\u0131\u015f\u0131kl\u0131\u201d dedektifi Bol Bel gayet s\u0131ra d\u0131\u015f\u0131 bir g\u00fcne uyan\u0131yor. G\u00f6ky\u00fcz\u00fcnde ate\u015f \u00e7emberleri a\u00e7\u0131l\u0131yor ve insanlar yery\u00fcz\u00fcne birer meteor gibi d\u00fc\u015f\u00fcyor. \u0130stanbul Bo\u011faz\u0131\u2019n\u0131n tam ortas\u0131nda, sonsuzlu\u011fa uzanan gizemli bir kule beliriyor. \u00dcstelik t\u00fcm bu karga\u015fa yetmezmi\u015f gibi bir de Bol Bel\u2019in kap\u0131s\u0131na dek gelen ve madalyonunda \u201c\u015eEY\u201d yazan bir kara kedi ortaya \u00e7\u0131k\u0131yor. Anlayaca\u011f\u0131n\u0131z, acar dedektifimiz yine \u00e7etin ceviz bir vakayla kar\u015f\u0131 kar\u015f\u0131ya kal\u0131yor. Hem de yan\u0131nda kimli\u011fini gizleyen bir ajan, pe\u015finde ise onu adalete teslim etmeye ant i\u00e7mi\u015f bir komiserin g\u00f6lgesi e\u015fli\u011finde&#8230;\u00d6nyarg\u0131lar\u0131 k\u0131rma, ileti\u015fim kurma ve hayaller \u00fczerine kurulu serinin bu kitab\u0131nda, Bol Bel\u2019i Bol Bel yapan \u015feylerin ger\u00e7ekli\u011fine tan\u0131kl\u0131k ediyor, sadece ama sadece \u00e7ocuklar i\u00e7in \u00e7al\u0131\u015fan dostumuzun ruhunun g\u00fczelliklerini, inceliklerini ke\u015ffediyoruz.<\/p>\n","protected":false},"excerpt":{"rendered":"<p>\u0130stanbul\u2019un \u201chayalbaz\u0131\u201d Dedektif Bol Bel geri d\u00f6nd\u00fc!A\u015fk\u0131n G\u00fcng\u00f6r\u2019\u00fcn on binlerce \u00e7ocu\u011fa ula\u015fan \u201cDedektif Bol Bel\u2019in Ser\u00fcvenleri\u201d, d\u00f6rd\u00fcnc\u00fc kitap Gizemli Kule ile okurlar\u0131n\u0131 tehlikeli sularda y\u00fczd\u00fcr\u00fcyor, doludizgin<span class=\"excerpt-hellip\"> [\u2026]<\/span><\/p>\n","protected":false},"featured_media":0,"template":"","meta":{"_monsterinsights_skip_tracking":false,"_monsterinsights_sitenote_active":false,"_monsterinsights_sitenote_note":"","_monsterinsights_sitenote_category":0},"product_brand":[],"product_cat":[12689,12274],"product_tag":[],"class_list":{"0":"post-721124","1":"product","2":"type-product","3":"status-publish","5":"product_cat-cizgi-roman-cocuk-ve-genclik-kitaplari","6":"product_cat-cocuk-ve-genclik-kitaplari","7":"pa_cilt-ciltsiz","8":"pa_tur-kitap","9":"pa_yayinevi-tudem-yayinlari","10":"pa_yazar-askin-gungor","12":"first","13":"instock","14":"sale","15":"shipping-taxable","16":"purchasable","17":"product-type-simple"},"_links":{"self":[{"href":"https:\/\/roveyayinevi.com.tr\/index.php\/wp-json\/wp\/v2\/product\/721124","targetHints":{"allow":["GET"]}}],"collection":[{"href":"https:\/\/roveyayinevi.com.tr\/index.php\/wp-json\/wp\/v2\/product"}],"about":[{"href":"https:\/\/roveyayinevi.com.tr\/index.php\/wp-json\/wp\/v2\/types\/product"}],"wp:attachment":[{"href":"https:\/\/roveyayinevi.com.tr\/index.php\/wp-json\/wp\/v2\/media?parent=721124"}],"wp:term":[{"taxonomy":"product_brand","embeddable":true,"href":"https:\/\/roveyayinevi.com.tr\/index.php\/wp-json\/wp\/v2\/product_brand?post=721124"},{"taxonomy":"product_cat","embeddable":true,"href":"https:\/\/roveyayinevi.com.tr\/index.php\/wp-json\/wp\/v2\/product_cat?post=721124"},{"taxonomy":"product_tag","embeddable":true,"href":"https:\/\/roveyayinevi.com.tr\/index.php\/wp-json\/wp\/v2\/product_tag?post=721124"}],"curies":[{"name":"wp","href":"https:\/\/api.w.org\/{rel}","templated":true}]}}