{"id":721123,"date":"2025-08-27T18:45:49","date_gmt":"2025-08-27T15:45:49","guid":{"rendered":"https:\/\/roveyayinevi.com.tr\/index.php\/urun\/yasam-ve-enerji\/"},"modified":"2026-04-16T02:29:16","modified_gmt":"2026-04-15T23:29:16","slug":"yasam-ve-enerji","status":"publish","type":"product","link":"https:\/\/roveyayinevi.com.tr\/index.php\/urun\/yasam-ve-enerji\/","title":{"rendered":"Ya\u015fam ve Enerji"},"content":{"rendered":"<p>Enerji g\u00fcc\u00fcn\u00fc ya\u015famdan al\u0131r ama bu kaynak zaman zaman insanl\u0131\u011f\u0131 refaha erdirdi\u011fi gibi s\u0131k\u0131nt\u0131ya da sokar. N\u00fckleer enerji ve radyasyon ise her t\u00fcrl\u00fc riske ve tehlikeye kar\u015f\u0131 i\u00e7inde bulundu\u011fumuz \u00e7a\u011f\u0131n vazge\u00e7ilmez bir kayna\u011f\u0131d\u0131r. \u0130lave olarak, g\u00fcne\u015f \u0131\u015f\u0131nlar\u0131n\u0131n yayd\u0131\u011f\u0131 ultraviyole kozmik radyasyon, kozmik radyasyonun en tehlikeli formu olup \u00f6l\u00fcmc\u00fcl olabilmekte ve deri kanseri hastal\u0131klar\u0131na yol a\u00e7abilmektedir. \u00d6nlemleri almal\u0131 ve ya\u015fam enerjimizi g\u00fc\u00e7lendirmeliyiz. \u201cKitab\u0131 okurken, bir\u00e7ok ilgin\u00e7 konu hakk\u0131nda bilgi edinmekle kalmad\u0131m, ya\u015fam ve enerji aras\u0131ndaki o \u00e7ok derin ili\u015fkiye dair yeni ufuklar da edindim. Bu ili\u015fkiyi bu k\u0131vamda anlatabilmek hem bilgi hem de bilgelik gerektirir ki kitab\u0131n yazar\u0131 sevgili hocam Ali Nezihi Bilge de bunlar\u0131n timsalidir.\u201d Prof. Dr. Remzi Sanver \u201c\u0130nsanlar\u0131n ve toplumlar\u0131n en \u00f6nemli ihtiya\u00e7lar\u0131 ya\u015famlar\u0131 hakk\u0131nda do\u011fru bilgilenmeleri ve bilgilendirilmeleridir. Bu \u00e7er\u00e7evede Prof. Dr. Ali Nezihi Bilge dostumuzun, bug\u00fcn\u00fcn evrensel ger\u00e7ekleri \u0131\u015f\u0131\u011f\u0131nda ve y\u0131llar\u0131n birikimiyle, enerji alan\u0131nda elde etti\u011fi deneyimlerini bilimsel bak\u0131\u015f a\u00e7\u0131lar\u0131yla kamunun bilgisine ve yararlanmas\u0131na sunmas\u0131n\u0131 ger\u00e7ekten son derece memnuniyet verici, onursal ve toplumsal sorumlulu\u011fa \u00e7ok uygun ve \u00f6rnek bir davran\u0131\u015f olarak g\u00f6r\u00fcyorum. Ellerine sa\u011fl\u0131k&#8230;\u201d Prof. Dr. Atilla Eri\u015f <\/p>\n","protected":false},"excerpt":{"rendered":"<p>Enerji g\u00fcc\u00fcn\u00fc ya\u015famdan al\u0131r ama bu kaynak zaman zaman insanl\u0131\u011f\u0131 refaha erdirdi\u011fi gibi s\u0131k\u0131nt\u0131ya da sokar. N\u00fckleer enerji ve radyasyon ise her t\u00fcrl\u00fc riske ve tehlikeye<span class=\"excerpt-hellip\"> [\u2026]<\/span><\/p>\n","protected":false},"featured_media":0,"template":"","meta":{"_monsterinsights_skip_tracking":false,"_monsterinsights_sitenote_active":false,"_monsterinsights_sitenote_note":"","_monsterinsights_sitenote_category":0},"product_brand":[],"product_cat":[13366,13365],"product_tag":[],"class_list":{"0":"post-721123","1":"product","2":"type-product","3":"status-publish","5":"product_cat-diger-saglik","6":"product_cat-saglik","7":"pa_cilt-ciltsiz","8":"pa_tur-kitap","9":"pa_yayinevi-destek-yayinlari","10":"pa_yazar-ali-nezihi-bilge","12":"first","13":"instock","14":"sale","15":"shipping-taxable","16":"purchasable","17":"product-type-simple"},"_links":{"self":[{"href":"https:\/\/roveyayinevi.com.tr\/index.php\/wp-json\/wp\/v2\/product\/721123","targetHints":{"allow":["GET"]}}],"collection":[{"href":"https:\/\/roveyayinevi.com.tr\/index.php\/wp-json\/wp\/v2\/product"}],"about":[{"href":"https:\/\/roveyayinevi.com.tr\/index.php\/wp-json\/wp\/v2\/types\/product"}],"wp:attachment":[{"href":"https:\/\/roveyayinevi.com.tr\/index.php\/wp-json\/wp\/v2\/media?parent=721123"}],"wp:term":[{"taxonomy":"product_brand","embeddable":true,"href":"https:\/\/roveyayinevi.com.tr\/index.php\/wp-json\/wp\/v2\/product_brand?post=721123"},{"taxonomy":"product_cat","embeddable":true,"href":"https:\/\/roveyayinevi.com.tr\/index.php\/wp-json\/wp\/v2\/product_cat?post=721123"},{"taxonomy":"product_tag","embeddable":true,"href":"https:\/\/roveyayinevi.com.tr\/index.php\/wp-json\/wp\/v2\/product_tag?post=721123"}],"curies":[{"name":"wp","href":"https:\/\/api.w.org\/{rel}","templated":true}]}}