{"id":721119,"date":"2025-08-27T18:45:46","date_gmt":"2025-08-27T15:45:46","guid":{"rendered":"https:\/\/roveyayinevi.com.tr\/index.php\/urun\/yaradanimiz-medya\/"},"modified":"2026-04-16T02:29:16","modified_gmt":"2026-04-15T23:29:16","slug":"yaradanimiz-medya","status":"publish","type":"product","link":"https:\/\/roveyayinevi.com.tr\/index.php\/urun\/yaradanimiz-medya\/","title":{"rendered":"Yaradan\u0131m\u0131z Medya"},"content":{"rendered":"<p>Medya gurusu olarak tan\u0131nan \u00fcnl\u00fc ileti\u015fim kuramc\u0131s\u0131 Marshall McLuhan\u2019\u0131n ilk olarak 1967 y\u0131l\u0131nda yay\u0131mlanan bu kitab\u0131, kendisinin o d\u00f6nemde en \u00e7ok ses getiren ve en bilinen eserlerinden biridir.McLuhan, medyan\u0131n g\u00fcc\u00fcn\u00fc onu denetleyenlerden \u00e7ok daha \u00f6nce fark etmi\u015ftir.Yaradan\u0131m\u0131z Medya\u2019da McLuhan, i\u00e7inde ya\u015fad\u0131\u011f\u0131m\u0131z \u201cglobal k\u00f6y\u201d hakk\u0131ndaki \u015fa\u015f\u0131rt\u0131c\u0131 g\u00f6zlemlerini ortaya koyar. Aradan y\u0131llar ge\u00e7se de, onun bu g\u00f6zlemleri h\u00e2l\u00e2 ge\u00e7erlili\u011fini korumaktad\u0131r.<\/p>\n","protected":false},"excerpt":{"rendered":"<p>Medya gurusu olarak tan\u0131nan \u00fcnl\u00fc ileti\u015fim kuramc\u0131s\u0131 Marshall McLuhan\u2019\u0131n ilk olarak 1967 y\u0131l\u0131nda yay\u0131mlanan bu kitab\u0131, kendisinin o d\u00f6nemde en \u00e7ok ses getiren ve en bilinen<span class=\"excerpt-hellip\"> [\u2026]<\/span><\/p>\n","protected":false},"featured_media":0,"template":"","meta":{"_monsterinsights_skip_tracking":false,"_monsterinsights_sitenote_active":false,"_monsterinsights_sitenote_note":"","_monsterinsights_sitenote_category":0},"product_brand":[],"product_cat":[15983,13488],"product_tag":[],"class_list":{"0":"post-721119","1":"product","2":"type-product","3":"status-publish","5":"product_cat-iletisim-ve-medya","6":"product_cat-toplum-ve-insan","7":"pa_cilt-ciltsiz","8":"pa_tur-kitap","9":"pa_yayinevi-nora-kitap","10":"pa_yazar-marshall-mcluhan","12":"first","13":"instock","14":"sale","15":"shipping-taxable","16":"purchasable","17":"product-type-simple"},"_links":{"self":[{"href":"https:\/\/roveyayinevi.com.tr\/index.php\/wp-json\/wp\/v2\/product\/721119","targetHints":{"allow":["GET"]}}],"collection":[{"href":"https:\/\/roveyayinevi.com.tr\/index.php\/wp-json\/wp\/v2\/product"}],"about":[{"href":"https:\/\/roveyayinevi.com.tr\/index.php\/wp-json\/wp\/v2\/types\/product"}],"wp:attachment":[{"href":"https:\/\/roveyayinevi.com.tr\/index.php\/wp-json\/wp\/v2\/media?parent=721119"}],"wp:term":[{"taxonomy":"product_brand","embeddable":true,"href":"https:\/\/roveyayinevi.com.tr\/index.php\/wp-json\/wp\/v2\/product_brand?post=721119"},{"taxonomy":"product_cat","embeddable":true,"href":"https:\/\/roveyayinevi.com.tr\/index.php\/wp-json\/wp\/v2\/product_cat?post=721119"},{"taxonomy":"product_tag","embeddable":true,"href":"https:\/\/roveyayinevi.com.tr\/index.php\/wp-json\/wp\/v2\/product_tag?post=721119"}],"curies":[{"name":"wp","href":"https:\/\/api.w.org\/{rel}","templated":true}]}}